{"id":51280,"date":"2024-06-10T22:50:05","date_gmt":"2024-06-10T22:50:05","guid":{"rendered":"https:\/\/creadivo.md\/?post_type=product&#038;p=51280"},"modified":"2024-09-06T13:12:08","modified_gmt":"2024-09-06T13:12:08","slug":"lavoar-pe-blat-bonita-white-gold","status":"publish","type":"product","link":"https:\/\/creadivo.md\/ru\/product\/lavoar-pe-blat-bonita-white-gold\/","title":{"rendered":"\u0423\u041c\u042b\u0412\u0410\u041b\u042c\u041d\u0418\u041a BONITA WHITE GOLD"},"content":{"rendered":"<p>V\u0103 prezent\u0103m un lavoar Bonita frumos, extrem de func\u021bional \u0219i modern. Acesta este un produs care \u00ee\u021bi va umple perfect spa\u021biul de baie, p\u0103str\u00e2nd \u00een acela\u0219i timp aspectul \u0219i estetica impecabile a interiorului. Lavoarul este conceput pentru a fi montat pe blat sau dulap. Este realizat din ceramic\u0103 sanitar\u0103 de \u00eenalt\u0103 calitate. Datorita unei faze speciale de productie, este durabil si usor de curatat, iar culoarea nu se va estompa nici dupa multi ani.<\/p>\n<div style=\"margin: 20px 0;\"><div class=\"qrcswholewtapper\" style=\"text-align:left;\"><div class=\"qrcprowrapper\"  id=\"qrcwraa2leds\"><div class=\"qrc_canvass\" id=\"qrc_cuttenpages_2\" style=\"display:inline-block\" data-text=\"https:\/\/creadivo.md\/ru\/product\/lavoar-pe-blat-bonita-white-gold\/\"><\/div><\/div><\/div><\/div>","protected":false},"excerpt":{"rendered":"<p>V\u0103 prezent\u0103m un lavoar Bonita frumos, extrem de func\u021bional \u0219i modern. Acesta este un produs care \u00ee\u021bi va umple perfect<\/p>","protected":false},"featured_media":51281,"template":"","meta":[],"product_brand":[],"product_cat":[21,286],"product_tag":[],"class_list":{"0":"post-51280","1":"product","2":"type-product","3":"status-publish","4":"has-post-thumbnail","6":"product_cat-lavoare","7":"product_cat-lavoar-pe-blat","8":"pa_gaura-baterie-da","9":"pa_gaura-de-deversare-da","10":"pa_marimea-510x360x130mm","12":"first","13":"instock","14":"purchasable","15":"product-type-simple"},"_links":{"self":[{"href":"https:\/\/creadivo.md\/ru\/wp-json\/wp\/v2\/product\/51280","targetHints":{"allow":["GET"]}}],"collection":[{"href":"https:\/\/creadivo.md\/ru\/wp-json\/wp\/v2\/product"}],"about":[{"href":"https:\/\/creadivo.md\/ru\/wp-json\/wp\/v2\/types\/product"}],"version-history":[{"count":0,"href":"https:\/\/creadivo.md\/ru\/wp-json\/wp\/v2\/product\/51280\/revisions"}],"wp:featuredmedia":[{"embeddable":true,"href":"https:\/\/creadivo.md\/ru\/wp-json\/wp\/v2\/media\/51281"}],"wp:attachment":[{"href":"https:\/\/creadivo.md\/ru\/wp-json\/wp\/v2\/media?parent=51280"}],"wp:term":[{"taxonomy":"product_brand","embeddable":true,"href":"https:\/\/creadivo.md\/ru\/wp-json\/wp\/v2\/product_brand?post=51280"},{"taxonomy":"product_cat","embeddable":true,"href":"https:\/\/creadivo.md\/ru\/wp-json\/wp\/v2\/product_cat?post=51280"},{"taxonomy":"product_tag","embeddable":true,"href":"https:\/\/creadivo.md\/ru\/wp-json\/wp\/v2\/product_tag?post=51280"}],"curies":[{"name":"wp","href":"https:\/\/api.w.org\/{rel}","templated":true}]}}