{"id":51402,"date":"2024-06-10T22:54:17","date_gmt":"2024-06-10T22:54:17","guid":{"rendered":"https:\/\/creadivo.md\/?post_type=product&#038;p=51402"},"modified":"2025-12-17T00:21:24","modified_gmt":"2025-12-17T00:21:24","slug":"set-de-dus-incastrat-fenix-davis-blacktermostat","status":"publish","type":"product","link":"https:\/\/creadivo.md\/ru\/product\/set-de-dus-incastrat-fenix-davis-blacktermostat\/","title":{"rendered":"\u0414\u0423\u0428\u0415\u0412\u0410\u042f \u0421\u0418\u0421\u0422\u0415\u041c\u0410 FENIX DAVIS BLACK+TERMOSTAT"},"content":{"rendered":"<p>Datorit\u0103 versatilit\u0103\u021bii \u0219i valorilor estetice uimitoare, setul este o alegere excelent\u0103 pentru proprietarii de toate tipurile de b\u0103i. Forma la mod\u0103 a elementelor montate pe suprafa\u021b\u0103 este acoperit\u0103 cu un strat negru de 4 ori de calitate superioar\u0103.<\/p>\n<p>Setul include un du\u0219 de ploaie p\u0103trat sub\u021bire cu o latur\u0103 de 30 cm, un robinet cu elemente montate pe suprafa\u021b\u0103 \u0219i ascunse, un furtun cu un du\u0219 \u0219i un set de puncte. Setul va fi perfect pentru persoanele care caut\u0103 solu\u021bii unice \u0219i doresc s\u0103 creeze o baie original\u0103 \u0219i unic\u0103 a visurilor lor.<\/p>\n<div style=\"margin: 20px 0;\"><div class=\"qrcswholewtapper\" style=\"text-align:left;\"><div class=\"qrcprowrapper\"  id=\"qrcwraa2leds\"><div class=\"qrc_canvass\" id=\"qrc_cuttenpages_2\" style=\"display:inline-block\" data-text=\"https:\/\/creadivo.md\/ru\/product\/set-de-dus-incastrat-fenix-davis-blacktermostat\/\"><\/div><\/div><\/div><\/div>","protected":false},"excerpt":{"rendered":"<p>Datorit\u0103 versatilit\u0103\u021bii \u0219i valorilor estetice uimitoare, setul este o alegere excelent\u0103 pentru proprietarii de toate tipurile de b\u0103i. Forma la<\/p>","protected":false},"featured_media":51403,"template":"","meta":[],"product_brand":[],"product_cat":[1650,2085],"product_tag":[],"class_list":{"0":"post-51402","1":"product","2":"type-product","3":"status-publish","4":"has-post-thumbnail","6":"product_cat-seturi-de-dus","7":"product_cat-sisteme-de-dus","8":"pa_cap-termostatic","9":"pa_conexiune-1-2-inch","10":"pa_informatii-suplimentare-sistem-anti-calc-rotula-permite-orice-pozitionare-a-dusului-de-ploaie","11":"pa_instalare-montat-pe-perete-incastrat","13":"first","14":"outofstock","15":"purchasable","16":"product-type-simple"},"_links":{"self":[{"href":"https:\/\/creadivo.md\/ru\/wp-json\/wp\/v2\/product\/51402","targetHints":{"allow":["GET"]}}],"collection":[{"href":"https:\/\/creadivo.md\/ru\/wp-json\/wp\/v2\/product"}],"about":[{"href":"https:\/\/creadivo.md\/ru\/wp-json\/wp\/v2\/types\/product"}],"version-history":[{"count":0,"href":"https:\/\/creadivo.md\/ru\/wp-json\/wp\/v2\/product\/51402\/revisions"}],"wp:featuredmedia":[{"embeddable":true,"href":"https:\/\/creadivo.md\/ru\/wp-json\/wp\/v2\/media\/51403"}],"wp:attachment":[{"href":"https:\/\/creadivo.md\/ru\/wp-json\/wp\/v2\/media?parent=51402"}],"wp:term":[{"taxonomy":"product_brand","embeddable":true,"href":"https:\/\/creadivo.md\/ru\/wp-json\/wp\/v2\/product_brand?post=51402"},{"taxonomy":"product_cat","embeddable":true,"href":"https:\/\/creadivo.md\/ru\/wp-json\/wp\/v2\/product_cat?post=51402"},{"taxonomy":"product_tag","embeddable":true,"href":"https:\/\/creadivo.md\/ru\/wp-json\/wp\/v2\/product_tag?post=51402"}],"curies":[{"name":"wp","href":"https:\/\/api.w.org\/{rel}","templated":true}]}}