{"id":51444,"date":"2024-06-10T22:55:24","date_gmt":"2024-06-10T22:55:24","guid":{"rendered":"https:\/\/creadivo.md\/?post_type=product&#038;p=51444"},"modified":"2026-03-27T00:31:22","modified_gmt":"2026-03-27T00:31:22","slug":"dop-universal-click-clack-nikiel-brush","status":"publish","type":"product","link":"https:\/\/creadivo.md\/ru\/product\/dop-universal-click-clack-nikiel-brush\/","title":{"rendered":"\u0414\u041e\u041d\u041d\u042b\u0419 \u041a\u041b\u0410\u041f\u0410\u041d CLICK-CLACK NIKIEL BRUSH"},"content":{"rendered":"<p>Dopul click-clack este universal \u0219i se potrive\u0219te at\u00e2t la chiuvete cu ori f\u0103r\u0103 orificiu de preaplin. Datorit\u0103 unei faze speciale de produc\u021bie, pluta este protejat\u0103 \u00eempotriva coroziunii, p\u0103t\u0103rii \u0219i decolor\u0103rii.<\/p>\n<div style=\"margin: 20px 0;\"><div class=\"qrcswholewtapper\" style=\"text-align:left;\"><div class=\"qrcprowrapper\"  id=\"qrcwraa2leds\"><div class=\"qrc_canvass\" id=\"qrc_cuttenpages_2\" style=\"display:inline-block\" data-text=\"https:\/\/creadivo.md\/ru\/product\/dop-universal-click-clack-nikiel-brush\/\"><\/div><\/div><\/div><\/div>","protected":false},"excerpt":{"rendered":"<p>Dopul click-clack este universal \u0219i se potrive\u0219te at\u00e2t la chiuvete cu ori f\u0103r\u0103 orificiu de preaplin. Datorit\u0103 unei faze speciale<\/p>","protected":false},"featured_media":51445,"template":"","meta":[],"product_brand":[],"product_cat":[102],"product_tag":[],"class_list":{"0":"post-51444","1":"product","2":"type-product","3":"status-publish","4":"has-post-thumbnail","6":"product_cat-sifoane-si-rigole","7":"pa_informatii-suplimentare-blocat-prin-apasare","9":"first","10":"instock","11":"purchasable","12":"product-type-simple"},"_links":{"self":[{"href":"https:\/\/creadivo.md\/ru\/wp-json\/wp\/v2\/product\/51444","targetHints":{"allow":["GET"]}}],"collection":[{"href":"https:\/\/creadivo.md\/ru\/wp-json\/wp\/v2\/product"}],"about":[{"href":"https:\/\/creadivo.md\/ru\/wp-json\/wp\/v2\/types\/product"}],"version-history":[{"count":0,"href":"https:\/\/creadivo.md\/ru\/wp-json\/wp\/v2\/product\/51444\/revisions"}],"wp:featuredmedia":[{"embeddable":true,"href":"https:\/\/creadivo.md\/ru\/wp-json\/wp\/v2\/media\/51445"}],"wp:attachment":[{"href":"https:\/\/creadivo.md\/ru\/wp-json\/wp\/v2\/media?parent=51444"}],"wp:term":[{"taxonomy":"product_brand","embeddable":true,"href":"https:\/\/creadivo.md\/ru\/wp-json\/wp\/v2\/product_brand?post=51444"},{"taxonomy":"product_cat","embeddable":true,"href":"https:\/\/creadivo.md\/ru\/wp-json\/wp\/v2\/product_cat?post=51444"},{"taxonomy":"product_tag","embeddable":true,"href":"https:\/\/creadivo.md\/ru\/wp-json\/wp\/v2\/product_tag?post=51444"}],"curies":[{"name":"wp","href":"https:\/\/api.w.org\/{rel}","templated":true}]}}