{"id":51492,"date":"2024-06-10T22:56:43","date_gmt":"2024-06-10T22:56:43","guid":{"rendered":"https:\/\/creadivo.md\/?post_type=product&#038;p=51492"},"modified":"2026-03-18T00:20:47","modified_gmt":"2026-03-18T00:20:47","slug":"lavoar-pe-blat-sofia-black-gold","status":"publish","type":"product","link":"https:\/\/creadivo.md\/ru\/product\/lavoar-pe-blat-sofia-black-gold\/","title":{"rendered":"\u0423\u041c\u042b\u0412\u0410\u041b\u042c\u041d\u0418\u041a SOFIA BLACK GOLD"},"content":{"rendered":"<p>Lavoarul Sofia realizat din materiale de \u00eenalt\u0103 calitate va \u00eendeplini cerin\u021bele oamenilor care pre\u021buiesc calitatea. Datorit\u0103 liniei sale armonioase, se potrive\u0219te perfect \u00een orice stil, at\u00e2t modern, c\u00e2t \u0219i clasic. Forma ra\u021bionalizat\u0103 \u00eel face u\u0219or, ceea ce \u00eenseamn\u0103 c\u0103 clien\u021bii no\u0219tri instaleaz\u0103 adesea dou\u0103 chiuvete una l\u00e2ng\u0103 alta \u00een b\u0103ile duble. V\u0103 recomand\u0103m \u00een special s\u0103 combina\u021bi lavoarul Sofia cu robinetul \u00eenalt Tess.<\/p>\n<div style=\"margin: 20px 0;\"><div class=\"qrcswholewtapper\" style=\"text-align:left;\"><div class=\"qrcprowrapper\"  id=\"qrcwraa2leds\"><div class=\"qrc_canvass\" id=\"qrc_cuttenpages_2\" style=\"display:inline-block\" data-text=\"https:\/\/creadivo.md\/ru\/product\/lavoar-pe-blat-sofia-black-gold\/\"><\/div><\/div><\/div><\/div>","protected":false},"excerpt":{"rendered":"<p>Lavoarul Sofia realizat din materiale de \u00eenalt\u0103 calitate va \u00eendeplini cerin\u021bele oamenilor care pre\u021buiesc calitatea. Datorit\u0103 liniei sale armonioase, se<\/p>","protected":false},"featured_media":51493,"template":"","meta":[],"product_brand":[],"product_cat":[21,286],"product_tag":[],"class_list":{"0":"post-51492","1":"product","2":"type-product","3":"status-publish","4":"has-post-thumbnail","6":"product_cat-lavoare","7":"product_cat-lavoar-pe-blat","8":"pa_gaura-baterie-nu","9":"pa_gaura-de-deversare-nu","10":"pa_marimea-410x345x150-mm","12":"first","13":"instock","14":"purchasable","15":"product-type-simple"},"_links":{"self":[{"href":"https:\/\/creadivo.md\/ru\/wp-json\/wp\/v2\/product\/51492","targetHints":{"allow":["GET"]}}],"collection":[{"href":"https:\/\/creadivo.md\/ru\/wp-json\/wp\/v2\/product"}],"about":[{"href":"https:\/\/creadivo.md\/ru\/wp-json\/wp\/v2\/types\/product"}],"version-history":[{"count":0,"href":"https:\/\/creadivo.md\/ru\/wp-json\/wp\/v2\/product\/51492\/revisions"}],"wp:featuredmedia":[{"embeddable":true,"href":"https:\/\/creadivo.md\/ru\/wp-json\/wp\/v2\/media\/51493"}],"wp:attachment":[{"href":"https:\/\/creadivo.md\/ru\/wp-json\/wp\/v2\/media?parent=51492"}],"wp:term":[{"taxonomy":"product_brand","embeddable":true,"href":"https:\/\/creadivo.md\/ru\/wp-json\/wp\/v2\/product_brand?post=51492"},{"taxonomy":"product_cat","embeddable":true,"href":"https:\/\/creadivo.md\/ru\/wp-json\/wp\/v2\/product_cat?post=51492"},{"taxonomy":"product_tag","embeddable":true,"href":"https:\/\/creadivo.md\/ru\/wp-json\/wp\/v2\/product_tag?post=51492"}],"curies":[{"name":"wp","href":"https:\/\/api.w.org\/{rel}","templated":true}]}}