{"id":51616,"date":"2024-06-10T23:01:05","date_gmt":"2024-06-10T23:01:05","guid":{"rendered":"https:\/\/creadivo.md\/?post_type=product&#038;p=51616"},"modified":"2026-03-27T00:31:30","modified_gmt":"2026-03-27T00:31:30","slug":"sifon-hc2-white","status":"publish","type":"product","link":"https:\/\/creadivo.md\/ru\/product\/sifon-hc2-white\/","title":{"rendered":"\u0421\u0418\u0424\u041e\u041d HC2 WHITE"},"content":{"rendered":"<p>Va prezentam un sifon de scurgere de inalta calitate \u2013 sifon bideu \/ sifon lavoar sticle din polipropilena rezistenta la temperaturi ridicate. Materialul cu o suprafa\u021b\u0103 neted\u0103 va rezista la formarea depunerilor. Sifoanele sunt perfecte pentru toate tipurile de chiuvete \u0219i bideuri. Materialul lor de \u00eenalt\u0103 calitate v\u0103 permite s\u0103 v\u0103 bucura\u021bi de fiabilitate mul\u021bi ani.<\/p>\n<p>Produsul este necesar pentru buna functionare a aproape orice lavoar, chiuveta de bucatarie sau bideu cu gaura standard de 32-45mm. Conexiune standard pentru mufe normale \u0219i click-clack (1\u00bc\u201d, 32mm).<\/p>\n<div style=\"margin: 20px 0;\"><div class=\"qrcswholewtapper\" style=\"text-align:left;\"><div class=\"qrcprowrapper\"  id=\"qrcwraa2leds\"><div class=\"qrc_canvass\" id=\"qrc_cuttenpages_2\" style=\"display:inline-block\" data-text=\"https:\/\/creadivo.md\/ru\/product\/sifon-hc2-white\/\"><\/div><\/div><\/div><\/div>","protected":false},"excerpt":{"rendered":"<p>Va prezentam un sifon de scurgere de inalta calitate \u2013 sifon bideu \/ sifon lavoar sticle din polipropilena rezistenta la<\/p>","protected":false},"featured_media":51617,"template":"","meta":[],"product_brand":[],"product_cat":[102],"product_tag":[],"class_list":{"0":"post-51616","1":"product","2":"type-product","3":"status-publish","4":"has-post-thumbnail","6":"product_cat-sifoane-si-rigole","8":"first","9":"instock","10":"purchasable","11":"product-type-simple"},"_links":{"self":[{"href":"https:\/\/creadivo.md\/ru\/wp-json\/wp\/v2\/product\/51616","targetHints":{"allow":["GET"]}}],"collection":[{"href":"https:\/\/creadivo.md\/ru\/wp-json\/wp\/v2\/product"}],"about":[{"href":"https:\/\/creadivo.md\/ru\/wp-json\/wp\/v2\/types\/product"}],"version-history":[{"count":0,"href":"https:\/\/creadivo.md\/ru\/wp-json\/wp\/v2\/product\/51616\/revisions"}],"wp:featuredmedia":[{"embeddable":true,"href":"https:\/\/creadivo.md\/ru\/wp-json\/wp\/v2\/media\/51617"}],"wp:attachment":[{"href":"https:\/\/creadivo.md\/ru\/wp-json\/wp\/v2\/media?parent=51616"}],"wp:term":[{"taxonomy":"product_brand","embeddable":true,"href":"https:\/\/creadivo.md\/ru\/wp-json\/wp\/v2\/product_brand?post=51616"},{"taxonomy":"product_cat","embeddable":true,"href":"https:\/\/creadivo.md\/ru\/wp-json\/wp\/v2\/product_cat?post=51616"},{"taxonomy":"product_tag","embeddable":true,"href":"https:\/\/creadivo.md\/ru\/wp-json\/wp\/v2\/product_tag?post=51616"}],"curies":[{"name":"wp","href":"https:\/\/api.w.org\/{rel}","templated":true}]}}