{"id":51672,"date":"2024-06-10T23:02:23","date_gmt":"2024-06-10T23:02:23","guid":{"rendered":"https:\/\/creadivo.md\/?post_type=product&#038;p=51672"},"modified":"2026-03-15T00:20:27","modified_gmt":"2026-03-15T00:20:27","slug":"set-de-dus-incastrat-mild-black-gold-rosebox","status":"publish","type":"product","link":"https:\/\/creadivo.md\/ru\/product\/set-de-dus-incastrat-mild-black-gold-rosebox\/","title":{"rendered":"\u0414\u0423\u0428\u0415\u0412\u0410\u042f \u0421\u0418\u0421\u0422\u0415\u041c\u0410 MILD BLACK GOLD ROSE+BOX"},"content":{"rendered":"<p>V\u0103 prezent\u0103m un nou model de set ascuns. Datorit\u0103 versatilit\u0103\u021bii \u0219i valorilor estetice uimitoare, setul este o alegere excelent\u0103 pentru proprietarii fiec\u0103rei b\u0103i. Datorit\u0103 acestei tehnici, bateria este protejat\u0103 \u00eempotriva coroziunii, p\u0103t\u0103rii \u0219i decolor\u0103rii. Setul include un du\u0219 cu efect de ploaie ultrasub\u021bire, rotund de 2 mm, de 25 cm, un robinet cu elemente montate pe suprafa\u021b\u0103 \u0219i ascunse, un furtun cu cap de du\u0219 \u0219i un set de puncte.<\/p>\n<div style=\"margin: 20px 0;\"><div class=\"qrcswholewtapper\" style=\"text-align:left;\"><div class=\"qrcprowrapper\"  id=\"qrcwraa2leds\"><div class=\"qrc_canvass\" id=\"qrc_cuttenpages_2\" style=\"display:inline-block\" data-text=\"https:\/\/creadivo.md\/ru\/product\/set-de-dus-incastrat-mild-black-gold-rosebox\/\"><\/div><\/div><\/div><\/div>","protected":false},"excerpt":{"rendered":"<p>V\u0103 prezent\u0103m un nou model de set ascuns. Datorit\u0103 versatilit\u0103\u021bii \u0219i valorilor estetice uimitoare, setul este o alegere excelent\u0103 pentru<\/p>","protected":false},"featured_media":51673,"template":"","meta":[],"product_brand":[],"product_cat":[2085,1650],"product_tag":[],"class_list":{"0":"post-51672","1":"product","2":"type-product","3":"status-publish","4":"has-post-thumbnail","6":"product_cat-sisteme-de-dus","7":"product_cat-seturi-de-dus","8":"pa_cap-ceramica-cu-mixer","9":"pa_conexiune-1-2-inch","10":"pa_informatii-suplimentare-sistem-anti-calc-rotula-permite-orice-pozitionare-a-dusului-de-ploaie","11":"pa_instalare-montate-pe-perete","13":"first","14":"instock","15":"purchasable","16":"product-type-simple"},"_links":{"self":[{"href":"https:\/\/creadivo.md\/ru\/wp-json\/wp\/v2\/product\/51672","targetHints":{"allow":["GET"]}}],"collection":[{"href":"https:\/\/creadivo.md\/ru\/wp-json\/wp\/v2\/product"}],"about":[{"href":"https:\/\/creadivo.md\/ru\/wp-json\/wp\/v2\/types\/product"}],"version-history":[{"count":0,"href":"https:\/\/creadivo.md\/ru\/wp-json\/wp\/v2\/product\/51672\/revisions"}],"wp:featuredmedia":[{"embeddable":true,"href":"https:\/\/creadivo.md\/ru\/wp-json\/wp\/v2\/media\/51673"}],"wp:attachment":[{"href":"https:\/\/creadivo.md\/ru\/wp-json\/wp\/v2\/media?parent=51672"}],"wp:term":[{"taxonomy":"product_brand","embeddable":true,"href":"https:\/\/creadivo.md\/ru\/wp-json\/wp\/v2\/product_brand?post=51672"},{"taxonomy":"product_cat","embeddable":true,"href":"https:\/\/creadivo.md\/ru\/wp-json\/wp\/v2\/product_cat?post=51672"},{"taxonomy":"product_tag","embeddable":true,"href":"https:\/\/creadivo.md\/ru\/wp-json\/wp\/v2\/product_tag?post=51672"}],"curies":[{"name":"wp","href":"https:\/\/api.w.org\/{rel}","templated":true}]}}