{"id":51678,"date":"2024-06-10T23:02:23","date_gmt":"2024-06-10T23:02:23","guid":{"rendered":"https:\/\/creadivo.md\/?post_type=product&#038;p=51678"},"modified":"2026-02-23T14:00:31","modified_gmt":"2026-02-23T14:00:31","slug":"baterie-incastrata-mild-black-rose-golgdbox","status":"publish","type":"product","link":"https:\/\/creadivo.md\/ru\/product\/baterie-incastrata-mild-black-rose-golgdbox\/","title":{"rendered":"\u0421\u041c\u0415\u0421\u0418\u0422\u0415\u041b\u042c \u041d\u0410\u0421\u0422\u0415\u041d\u041d\u042b\u0419 MILD BLACK ROSE GOLD+BOX"},"content":{"rendered":"<p>Baterie incastrat\u0103 Mild este o alegere perfecta pentru orice baie. Forma modern\u0103 a corpului din alam\u0103 este acoperit\u0103 cu acoperire de cea mai \u00eenalt\u0103 calitate. Datorit\u0103 acestei tehnici, bateria este protejat\u0103 \u00eempotriva decolor\u0103rii \u0219i coroziunii.<\/p>\n<p>Robinetul ascuns este echipat cu un sistem inovator de construc\u021bie tip cutie, care este realizat din elemente interne din plastic \u0219i alam\u0103. Acest sistem permite instalarea rapid\u0103 \u0219i f\u0103r\u0103 probleme a bateriei. Elementele interne sunt protejate cu un grilaj.<\/p>\n<div style=\"margin: 20px 0;\"><div class=\"qrcswholewtapper\" style=\"text-align:left;\"><div class=\"qrcprowrapper\"  id=\"qrcwraa2leds\"><div class=\"qrc_canvass\" id=\"qrc_cuttenpages_2\" style=\"display:inline-block\" data-text=\"https:\/\/creadivo.md\/ru\/product\/baterie-incastrata-mild-black-rose-golgdbox\/\"><\/div><\/div><\/div><\/div>","protected":false},"excerpt":{"rendered":"<p>Baterie incastrat\u0103 Mild este o alegere perfecta pentru orice baie. Forma modern\u0103 a corpului din alam\u0103 este acoperit\u0103 cu acoperire<\/p>","protected":false},"featured_media":51679,"template":"","meta":[],"product_brand":[],"product_cat":[29,290],"product_tag":[],"class_list":{"0":"post-51678","1":"product","2":"type-product","3":"status-publish","4":"has-post-thumbnail","6":"product_cat-baterii-sanitare","7":"product_cat-pentru-cada","8":"pa_cap-ceramica-cu-mixer","9":"pa_conexiune-1-2-inch","10":"pa_informatii-suplimentare-duza-fixa-aerator-de-aerare","11":"pa_instalare-pe-un-perete","13":"first","14":"instock","15":"purchasable","16":"product-type-simple"},"_links":{"self":[{"href":"https:\/\/creadivo.md\/ru\/wp-json\/wp\/v2\/product\/51678","targetHints":{"allow":["GET"]}}],"collection":[{"href":"https:\/\/creadivo.md\/ru\/wp-json\/wp\/v2\/product"}],"about":[{"href":"https:\/\/creadivo.md\/ru\/wp-json\/wp\/v2\/types\/product"}],"version-history":[{"count":0,"href":"https:\/\/creadivo.md\/ru\/wp-json\/wp\/v2\/product\/51678\/revisions"}],"wp:featuredmedia":[{"embeddable":true,"href":"https:\/\/creadivo.md\/ru\/wp-json\/wp\/v2\/media\/51679"}],"wp:attachment":[{"href":"https:\/\/creadivo.md\/ru\/wp-json\/wp\/v2\/media?parent=51678"}],"wp:term":[{"taxonomy":"product_brand","embeddable":true,"href":"https:\/\/creadivo.md\/ru\/wp-json\/wp\/v2\/product_brand?post=51678"},{"taxonomy":"product_cat","embeddable":true,"href":"https:\/\/creadivo.md\/ru\/wp-json\/wp\/v2\/product_cat?post=51678"},{"taxonomy":"product_tag","embeddable":true,"href":"https:\/\/creadivo.md\/ru\/wp-json\/wp\/v2\/product_tag?post=51678"}],"curies":[{"name":"wp","href":"https:\/\/api.w.org\/{rel}","templated":true}]}}