{"id":51715,"date":"2024-06-10T23:03:45","date_gmt":"2024-06-10T23:03:45","guid":{"rendered":"https:\/\/creadivo.md\/?post_type=product&#038;p=51715"},"modified":"2025-08-31T20:10:11","modified_gmt":"2025-08-31T20:10:11","slug":"rigola-dus-pure-neo-copper-brush-600","status":"publish","type":"product","link":"https:\/\/creadivo.md\/ru\/product\/rigola-dus-pure-neo-copper-brush-600\/","title":{"rendered":"\u0422\u0420\u0410\u041f \u0414\u041b\u042f \u0414\u0423\u0428\u0410 PURE NEO COPPER BRUSH 600"},"content":{"rendered":"<p>Drenajul liniar realizat din o\u021bel inoxidabil AISI304 de \u00eenalt\u0103 calitate este unul dintre cele mai bune scurgeri liniare ale noastre. Datorit\u0103 unei faze speciale de produc\u021bie, este u\u0219or de p\u0103strat curat. Sifonul este disponibil \u00een mai multe dimensiuni pentru a se potrivi perfect cabinei de du\u0219 sau u\u0219ii de du\u0219 pe care le ve\u021bi g\u0103si \u00een oferta noastr\u0103.<\/p>\n<div style=\"margin: 20px 0;\"><div class=\"qrcswholewtapper\" style=\"text-align:left;\"><div class=\"qrcprowrapper\"  id=\"qrcwraa2leds\"><div class=\"qrc_canvass\" id=\"qrc_cuttenpages_2\" style=\"display:inline-block\" data-text=\"https:\/\/creadivo.md\/ru\/product\/rigola-dus-pure-neo-copper-brush-600\/\"><\/div><\/div><\/div><\/div>","protected":false},"excerpt":{"rendered":"<p>Drenajul liniar realizat din o\u021bel inoxidabil AISI304 de \u00eenalt\u0103 calitate este unul dintre cele mai bune scurgeri liniare ale noastre.<\/p>","protected":false},"featured_media":51716,"template":"","meta":[],"product_brand":[],"product_cat":[102],"product_tag":[],"class_list":{"0":"post-51715","1":"product","2":"type-product","3":"status-publish","4":"has-post-thumbnail","6":"product_cat-sifoane-si-rigole","7":"pa_canelura-cu-doua-fete","8":"pa_capacitate-sifon-045-l-s","9":"pa_grosimea-rigoalului-inferior-12-mm","10":"pa_informatii-suplimentare-are-o-capcana-detasabila-pentru-murdarie","11":"pa_tip-de-sifon-rotativ","13":"first","14":"outofstock","15":"purchasable","16":"product-type-simple"},"_links":{"self":[{"href":"https:\/\/creadivo.md\/ru\/wp-json\/wp\/v2\/product\/51715","targetHints":{"allow":["GET"]}}],"collection":[{"href":"https:\/\/creadivo.md\/ru\/wp-json\/wp\/v2\/product"}],"about":[{"href":"https:\/\/creadivo.md\/ru\/wp-json\/wp\/v2\/types\/product"}],"version-history":[{"count":0,"href":"https:\/\/creadivo.md\/ru\/wp-json\/wp\/v2\/product\/51715\/revisions"}],"wp:featuredmedia":[{"embeddable":true,"href":"https:\/\/creadivo.md\/ru\/wp-json\/wp\/v2\/media\/51716"}],"wp:attachment":[{"href":"https:\/\/creadivo.md\/ru\/wp-json\/wp\/v2\/media?parent=51715"}],"wp:term":[{"taxonomy":"product_brand","embeddable":true,"href":"https:\/\/creadivo.md\/ru\/wp-json\/wp\/v2\/product_brand?post=51715"},{"taxonomy":"product_cat","embeddable":true,"href":"https:\/\/creadivo.md\/ru\/wp-json\/wp\/v2\/product_cat?post=51715"},{"taxonomy":"product_tag","embeddable":true,"href":"https:\/\/creadivo.md\/ru\/wp-json\/wp\/v2\/product_tag?post=51715"}],"curies":[{"name":"wp","href":"https:\/\/api.w.org\/{rel}","templated":true}]}}