{"id":51753,"date":"2024-06-10T23:05:25","date_gmt":"2024-06-10T23:05:25","guid":{"rendered":"https:\/\/creadivo.md\/?post_type=product&#038;p=51753"},"modified":"2025-08-31T20:10:31","modified_gmt":"2025-08-31T20:10:31","slug":"rigola-dus-greek-pro-mirror-gold-700","status":"publish","type":"product","link":"https:\/\/creadivo.md\/ru\/product\/rigola-dus-greek-pro-mirror-gold-700\/","title":{"rendered":"\u0422\u0420\u0410\u041f \u0414\u041b\u042f \u0414\u0423\u0428\u0410 GREEK PRO MIRROR GOLD 700"},"content":{"rendered":"<p>Modelul grecesc este unul dintre cele mai bune scurgeri liniare ale noastre. Este realizat din o\u021bel inoxidabil Aisi 304 de \u00eenalt\u0103 calitate, rezistent la acizi. Culoarea final\u0103 a drenajului a fost dat\u0103 \u00een faza de produc\u021bie \u0219i protejat\u0103 cu un strat NanoFlex, care protejeaz\u0103 perfect intrarea \u00eempotriva umezelii \u0219i faciliteaz\u0103 curgerea apei.<\/p>\n<div style=\"margin: 20px 0;\"><div class=\"qrcswholewtapper\" style=\"text-align:left;\"><div class=\"qrcprowrapper\"  id=\"qrcwraa2leds\"><div class=\"qrc_canvass\" id=\"qrc_cuttenpages_2\" style=\"display:inline-block\" data-text=\"https:\/\/creadivo.md\/ru\/product\/rigola-dus-greek-pro-mirror-gold-700\/\"><\/div><\/div><\/div><\/div>","protected":false},"excerpt":{"rendered":"<p>Modelul grecesc este unul dintre cele mai bune scurgeri liniare ale noastre. Este realizat din o\u021bel inoxidabil Aisi 304 de<\/p>","protected":false},"featured_media":51754,"template":"","meta":[],"product_brand":[],"product_cat":[102],"product_tag":[],"class_list":{"0":"post-51753","1":"product","2":"type-product","3":"status-publish","4":"has-post-thumbnail","6":"product_cat-sifoane-si-rigole","7":"pa_canelura-unilateral","8":"pa_capacitate-sifon-045-l-s","9":"pa_grosimea-rigoalului-inferior-12-mm","10":"pa_informatii-suplimentare-are-o-capcana-detasabila-pentru-murdarie","11":"pa_tip-de-sifon-rotativ","13":"first","14":"outofstock","15":"purchasable","16":"product-type-simple"},"_links":{"self":[{"href":"https:\/\/creadivo.md\/ru\/wp-json\/wp\/v2\/product\/51753","targetHints":{"allow":["GET"]}}],"collection":[{"href":"https:\/\/creadivo.md\/ru\/wp-json\/wp\/v2\/product"}],"about":[{"href":"https:\/\/creadivo.md\/ru\/wp-json\/wp\/v2\/types\/product"}],"version-history":[{"count":0,"href":"https:\/\/creadivo.md\/ru\/wp-json\/wp\/v2\/product\/51753\/revisions"}],"wp:featuredmedia":[{"embeddable":true,"href":"https:\/\/creadivo.md\/ru\/wp-json\/wp\/v2\/media\/51754"}],"wp:attachment":[{"href":"https:\/\/creadivo.md\/ru\/wp-json\/wp\/v2\/media?parent=51753"}],"wp:term":[{"taxonomy":"product_brand","embeddable":true,"href":"https:\/\/creadivo.md\/ru\/wp-json\/wp\/v2\/product_brand?post=51753"},{"taxonomy":"product_cat","embeddable":true,"href":"https:\/\/creadivo.md\/ru\/wp-json\/wp\/v2\/product_cat?post=51753"},{"taxonomy":"product_tag","embeddable":true,"href":"https:\/\/creadivo.md\/ru\/wp-json\/wp\/v2\/product_tag?post=51753"}],"curies":[{"name":"wp","href":"https:\/\/api.w.org\/{rel}","templated":true}]}}