{"id":51799,"date":"2024-06-10T23:07:39","date_gmt":"2024-06-10T23:07:39","guid":{"rendered":"https:\/\/creadivo.md\/?post_type=product&#038;p=51799"},"modified":"2026-01-23T00:21:30","modified_gmt":"2026-01-23T00:21:30","slug":"lavoar-freestanding-holly","status":"publish","type":"product","link":"https:\/\/creadivo.md\/ru\/product\/lavoar-freestanding-holly\/","title":{"rendered":"\u0423\u041c\u042b\u0412\u0410\u041b\u042c\u041d\u0418\u041a \u041d\u0410\u041f\u041e\u041b\u042c\u041d\u042b\u0419 HOLLY"},"content":{"rendered":"<p>Lavoar monolit, realizat din ceramica de inalta calitate. Datorit\u0103 formelor sale simple \u0219i elegante, va fi perfect\u0103 pentru orice baie elegant\u0103. O propunere clasic\u0103 pentru persoanele care doresc s\u0103 introduc\u0103 o not\u0103 de lux \u00een baia lor.<\/p>\n<p>Datorit\u0103 utiliz\u0103rii celor mai noi tehnologii \u00een timpul procesului de produc\u021bie, chiuveta noastr\u0103 nu numai c\u0103 arat\u0103 fenomenal, dar este \u0219i u\u0219or de p\u0103strat curat \u0219i extrem de durabil.<\/p>\n<p>Lavoarul ceramic Holly de sine st\u0103t\u0103tor este un produs monolit unic sub form\u0103 de piedestal. Designul extrem de modern se va potrivi perfect \u00een orice baie cu design elegant. Dimensiunile mari, forma clasic\u0103 dreptunghiular\u0103 a vasului, orificiul pentru robinet \u0219i preaplinul \u00eel fac un element practic al arm\u0103turilor din baia dumneavoastr\u0103.<\/p>\n<div style=\"margin: 20px 0;\"><div class=\"qrcswholewtapper\" style=\"text-align:left;\"><div class=\"qrcprowrapper\"  id=\"qrcwraa2leds\"><div class=\"qrc_canvass\" id=\"qrc_cuttenpages_2\" style=\"display:inline-block\" data-text=\"https:\/\/creadivo.md\/ru\/product\/lavoar-freestanding-holly\/\"><\/div><\/div><\/div><\/div>","protected":false},"excerpt":{"rendered":"<p>Lavoar monolit, realizat din ceramica de inalta calitate. Datorit\u0103 formelor sale simple \u0219i elegante, va fi perfect\u0103 pentru orice baie<\/p>","protected":false},"featured_media":51800,"template":"","meta":[],"product_brand":[],"product_cat":[21,288],"product_tag":[],"class_list":{"0":"post-51799","1":"product","2":"type-product","3":"status-publish","4":"has-post-thumbnail","6":"product_cat-lavoare","7":"product_cat-lavoar-freestanding","8":"pa_gaura-baterie-nu","9":"pa_gaura-de-deversare-nu","10":"pa_marimea-400x405x850mm","12":"first","13":"outofstock","14":"purchasable","15":"product-type-simple"},"_links":{"self":[{"href":"https:\/\/creadivo.md\/ru\/wp-json\/wp\/v2\/product\/51799","targetHints":{"allow":["GET"]}}],"collection":[{"href":"https:\/\/creadivo.md\/ru\/wp-json\/wp\/v2\/product"}],"about":[{"href":"https:\/\/creadivo.md\/ru\/wp-json\/wp\/v2\/types\/product"}],"version-history":[{"count":0,"href":"https:\/\/creadivo.md\/ru\/wp-json\/wp\/v2\/product\/51799\/revisions"}],"wp:featuredmedia":[{"embeddable":true,"href":"https:\/\/creadivo.md\/ru\/wp-json\/wp\/v2\/media\/51800"}],"wp:attachment":[{"href":"https:\/\/creadivo.md\/ru\/wp-json\/wp\/v2\/media?parent=51799"}],"wp:term":[{"taxonomy":"product_brand","embeddable":true,"href":"https:\/\/creadivo.md\/ru\/wp-json\/wp\/v2\/product_brand?post=51799"},{"taxonomy":"product_cat","embeddable":true,"href":"https:\/\/creadivo.md\/ru\/wp-json\/wp\/v2\/product_cat?post=51799"},{"taxonomy":"product_tag","embeddable":true,"href":"https:\/\/creadivo.md\/ru\/wp-json\/wp\/v2\/product_tag?post=51799"}],"curies":[{"name":"wp","href":"https:\/\/api.w.org\/{rel}","templated":true}]}}