{"id":51837,"date":"2024-06-10T23:09:12","date_gmt":"2024-06-10T23:09:12","guid":{"rendered":"https:\/\/creadivo.md\/?post_type=product&#038;p=51837"},"modified":"2024-09-06T06:43:55","modified_gmt":"2024-09-06T06:43:55","slug":"lavoar-pe-blat-sofia-marble-gold-black","status":"publish","type":"product","link":"https:\/\/creadivo.md\/ru\/product\/lavoar-pe-blat-sofia-marble-gold-black\/","title":{"rendered":"\u0423\u041c\u042b\u0412\u0410\u041b\u042c\u041d\u0418\u041a SOFIA MARBLE GOLD BLACK"},"content":{"rendered":"<p>Lavoarul Sofia din materiale de \u00eenalt\u0103 calitate va \u00eendeplini cerin\u021bele oamenilor care pre\u021buiesc calitatea. Datorit\u0103 liniei sale armonioase, se potrive\u0219te perfect \u00een orice stil, at\u00e2t modern, c\u00e2t \u0219i clasic.<\/p>\n<div style=\"margin: 20px 0;\"><div class=\"qrcswholewtapper\" style=\"text-align:left;\"><div class=\"qrcprowrapper\"  id=\"qrcwraa2leds\"><div class=\"qrc_canvass\" id=\"qrc_cuttenpages_2\" style=\"display:inline-block\" data-text=\"https:\/\/creadivo.md\/ru\/product\/lavoar-pe-blat-sofia-marble-gold-black\/\"><\/div><\/div><\/div><\/div>","protected":false},"excerpt":{"rendered":"<p>Lavoarul Sofia din materiale de \u00eenalt\u0103 calitate va \u00eendeplini cerin\u021bele oamenilor care pre\u021buiesc calitatea. Datorit\u0103 liniei sale armonioase, se potrive\u0219te<\/p>","protected":false},"featured_media":51838,"template":"","meta":[],"product_brand":[],"product_cat":[21,286],"product_tag":[],"class_list":{"0":"post-51837","1":"product","2":"type-product","3":"status-publish","4":"has-post-thumbnail","6":"product_cat-lavoare","7":"product_cat-lavoar-pe-blat","8":"pa_gaura-baterie-nu","9":"pa_gaura-de-deversare-nu","10":"pa_marimea-410x345x150mm","12":"first","13":"instock","14":"purchasable","15":"product-type-simple"},"_links":{"self":[{"href":"https:\/\/creadivo.md\/ru\/wp-json\/wp\/v2\/product\/51837","targetHints":{"allow":["GET"]}}],"collection":[{"href":"https:\/\/creadivo.md\/ru\/wp-json\/wp\/v2\/product"}],"about":[{"href":"https:\/\/creadivo.md\/ru\/wp-json\/wp\/v2\/types\/product"}],"version-history":[{"count":0,"href":"https:\/\/creadivo.md\/ru\/wp-json\/wp\/v2\/product\/51837\/revisions"}],"wp:featuredmedia":[{"embeddable":true,"href":"https:\/\/creadivo.md\/ru\/wp-json\/wp\/v2\/media\/51838"}],"wp:attachment":[{"href":"https:\/\/creadivo.md\/ru\/wp-json\/wp\/v2\/media?parent=51837"}],"wp:term":[{"taxonomy":"product_brand","embeddable":true,"href":"https:\/\/creadivo.md\/ru\/wp-json\/wp\/v2\/product_brand?post=51837"},{"taxonomy":"product_cat","embeddable":true,"href":"https:\/\/creadivo.md\/ru\/wp-json\/wp\/v2\/product_cat?post=51837"},{"taxonomy":"product_tag","embeddable":true,"href":"https:\/\/creadivo.md\/ru\/wp-json\/wp\/v2\/product_tag?post=51837"}],"curies":[{"name":"wp","href":"https:\/\/api.w.org\/{rel}","templated":true}]}}