{"id":52192,"date":"2024-06-10T23:23:16","date_gmt":"2024-06-10T23:23:16","guid":{"rendered":"https:\/\/creadivo.md\/?post_type=product&#038;p=52192"},"modified":"2026-03-27T00:31:49","modified_gmt":"2026-03-27T00:31:49","slug":"set-de-dus-incastrat-lungo-gold-brush","status":"publish","type":"product","link":"https:\/\/creadivo.md\/ru\/product\/set-de-dus-incastrat-lungo-gold-brush\/","title":{"rendered":"\u0414\u0423\u0428\u0415\u0412\u0410\u042f \u0421\u0418\u0421\u0422\u0415\u041c\u0410 LUNGO GOLD BRUSH"},"content":{"rendered":"<p>V\u0103 prezent\u0103m un nou model de set ascuns din seria Lungo. Datorit\u0103 versatilit\u0103\u021bii \u0219i valorilor estetice uimitoare, setul este o alegere excelent\u0103 pentru proprietarii fiec\u0103rei b\u0103i. \u00cenveli\u0219ul inovator de calitate superioar\u0103 garanteaz\u0103 protec\u021bie \u00eempotriva coroziunii, maturii \u0219i decolor\u0103rii.<\/p>\n<p>Acest model este echipat cu un robinet cu elemente montate la suprafa\u021b\u0103 \u0219i ascunse, un gura de scurgere, un du\u0219 cu efect de ploaie ultrasub\u021bire, rotund, un receptor de du\u0219 cu furtun, un capac \u0219i un set de accesorii pentru instalare. De remarcat este designul original \u0219i culorile elegante, care vor fi o completare perfect\u0103 a decorului elegant.<\/p>\n<div style=\"margin: 20px 0;\"><div class=\"qrcswholewtapper\" style=\"text-align:left;\"><div class=\"qrcprowrapper\"  id=\"qrcwraa2leds\"><div class=\"qrc_canvass\" id=\"qrc_cuttenpages_2\" style=\"display:inline-block\" data-text=\"https:\/\/creadivo.md\/ru\/product\/set-de-dus-incastrat-lungo-gold-brush\/\"><\/div><\/div><\/div><\/div>","protected":false},"excerpt":{"rendered":"<p>V\u0103 prezent\u0103m un nou model de set ascuns din seria Lungo. Datorit\u0103 versatilit\u0103\u021bii \u0219i valorilor estetice uimitoare, setul este o<\/p>","protected":false},"featured_media":52193,"template":"","meta":[],"product_brand":[],"product_cat":[1650,2085],"product_tag":[],"class_list":{"0":"post-52192","1":"product","2":"type-product","3":"status-publish","4":"has-post-thumbnail","6":"product_cat-seturi-de-dus","7":"product_cat-sisteme-de-dus","8":"pa_cap-ceramica-cu-mixer","9":"pa_conexiune-1-2-inch","10":"pa_informatii-suplimentare-sistem-anti-calc-articulatia-sferica-permite-orice-pozitionare-a-dusului-cu-ploaie","11":"pa_instalare-montat-pe-perete-incastrat","13":"first","14":"instock","15":"purchasable","16":"product-type-simple"},"_links":{"self":[{"href":"https:\/\/creadivo.md\/ru\/wp-json\/wp\/v2\/product\/52192","targetHints":{"allow":["GET"]}}],"collection":[{"href":"https:\/\/creadivo.md\/ru\/wp-json\/wp\/v2\/product"}],"about":[{"href":"https:\/\/creadivo.md\/ru\/wp-json\/wp\/v2\/types\/product"}],"version-history":[{"count":1,"href":"https:\/\/creadivo.md\/ru\/wp-json\/wp\/v2\/product\/52192\/revisions"}],"predecessor-version":[{"id":64253,"href":"https:\/\/creadivo.md\/ru\/wp-json\/wp\/v2\/product\/52192\/revisions\/64253"}],"wp:featuredmedia":[{"embeddable":true,"href":"https:\/\/creadivo.md\/ru\/wp-json\/wp\/v2\/media\/52193"}],"wp:attachment":[{"href":"https:\/\/creadivo.md\/ru\/wp-json\/wp\/v2\/media?parent=52192"}],"wp:term":[{"taxonomy":"product_brand","embeddable":true,"href":"https:\/\/creadivo.md\/ru\/wp-json\/wp\/v2\/product_brand?post=52192"},{"taxonomy":"product_cat","embeddable":true,"href":"https:\/\/creadivo.md\/ru\/wp-json\/wp\/v2\/product_cat?post=52192"},{"taxonomy":"product_tag","embeddable":true,"href":"https:\/\/creadivo.md\/ru\/wp-json\/wp\/v2\/product_tag?post=52192"}],"curies":[{"name":"wp","href":"https:\/\/api.w.org\/{rel}","templated":true}]}}