{"id":52209,"date":"2024-06-10T23:23:41","date_gmt":"2024-06-10T23:23:41","guid":{"rendered":"https:\/\/creadivo.md\/?post_type=product&#038;p=52209"},"modified":"2026-04-08T00:21:11","modified_gmt":"2026-04-08T00:21:11","slug":"set-de-dus-incastrat-lungo-chrome","status":"publish","type":"product","link":"https:\/\/creadivo.md\/ru\/product\/set-de-dus-incastrat-lungo-chrome\/","title":{"rendered":"\u0414\u0423\u0428\u0415\u0412\u0410\u042f \u0421\u0418\u0421\u0422\u0415\u041c\u0410 LUNGO CHROME"},"content":{"rendered":"<p>V\u0103 prezent\u0103m un nou model de set ascuns din seria Lungo. Datorit\u0103 versatilit\u0103\u021bii \u0219i valorilor estetice uimitoare, setul este o alegere excelent\u0103 pentru proprietarii fiec\u0103rei b\u0103i.<\/p>\n<p>Setul include un du\u0219 cu efect de ploaie ultra-sub\u021bire de 2 mm, 25 cm, un robinet cu elemente montate pe suprafa\u021b\u0103 \u0219i ascunse, un furtun cu un du\u0219 \u0219i un set de puncte. Setul Lungo este perfect pentru persoanele care caut\u0103 solu\u021bii unice \u0219i doresc s\u0103 creeze o baie original\u0103 \u0219i unic\u0103 de vis.<\/p>\n<p>Acest model este echipat cu robinet, du\u0219 cu efect de ploaie, cap de du\u0219, hus\u0103 \u0219i un set de accesorii pentru instalare. Setul de du\u0219 se caracterizeaz\u0103 prin rezisten\u021b\u0103 ridicat\u0103 la deteriorare \u0219i durabilitate.<\/p>\n<div style=\"margin: 20px 0;\"><div class=\"qrcswholewtapper\" style=\"text-align:left;\"><div class=\"qrcprowrapper\"  id=\"qrcwraa2leds\"><div class=\"qrc_canvass\" id=\"qrc_cuttenpages_2\" style=\"display:inline-block\" data-text=\"https:\/\/creadivo.md\/ru\/product\/set-de-dus-incastrat-lungo-chrome\/\"><\/div><\/div><\/div><\/div>","protected":false},"excerpt":{"rendered":"<p>V\u0103 prezent\u0103m un nou model de set ascuns din seria Lungo. Datorit\u0103 versatilit\u0103\u021bii \u0219i valorilor estetice uimitoare, setul este o<\/p>","protected":false},"featured_media":52210,"template":"","meta":[],"product_brand":[],"product_cat":[1650,2085],"product_tag":[],"class_list":{"0":"post-52209","1":"product","2":"type-product","3":"status-publish","4":"has-post-thumbnail","6":"product_cat-seturi-de-dus","7":"product_cat-sisteme-de-dus","8":"pa_cap-ceramica-cu-mixer","9":"pa_conexiune-1-2-inch","10":"pa_informatii-suplimentare-sistem-anti-calc-rotula-permite-orice-pozitionare-a-dusului-de-ploaie","11":"pa_instalare-montat-pe-perete-incastrat","13":"first","14":"instock","15":"purchasable","16":"product-type-simple"},"_links":{"self":[{"href":"https:\/\/creadivo.md\/ru\/wp-json\/wp\/v2\/product\/52209","targetHints":{"allow":["GET"]}}],"collection":[{"href":"https:\/\/creadivo.md\/ru\/wp-json\/wp\/v2\/product"}],"about":[{"href":"https:\/\/creadivo.md\/ru\/wp-json\/wp\/v2\/types\/product"}],"version-history":[{"count":0,"href":"https:\/\/creadivo.md\/ru\/wp-json\/wp\/v2\/product\/52209\/revisions"}],"wp:featuredmedia":[{"embeddable":true,"href":"https:\/\/creadivo.md\/ru\/wp-json\/wp\/v2\/media\/52210"}],"wp:attachment":[{"href":"https:\/\/creadivo.md\/ru\/wp-json\/wp\/v2\/media?parent=52209"}],"wp:term":[{"taxonomy":"product_brand","embeddable":true,"href":"https:\/\/creadivo.md\/ru\/wp-json\/wp\/v2\/product_brand?post=52209"},{"taxonomy":"product_cat","embeddable":true,"href":"https:\/\/creadivo.md\/ru\/wp-json\/wp\/v2\/product_cat?post=52209"},{"taxonomy":"product_tag","embeddable":true,"href":"https:\/\/creadivo.md\/ru\/wp-json\/wp\/v2\/product_tag?post=52209"}],"curies":[{"name":"wp","href":"https:\/\/api.w.org\/{rel}","templated":true}]}}