{"id":52347,"date":"2024-06-10T23:27:24","date_gmt":"2024-06-10T23:27:24","guid":{"rendered":"https:\/\/creadivo.md\/?post_type=product&#038;p=52347"},"modified":"2025-08-31T20:15:21","modified_gmt":"2025-08-31T20:15:21","slug":"rigola-dus-neo-slim-pro-copper-brush-600","status":"publish","type":"product","link":"https:\/\/creadivo.md\/ru\/product\/rigola-dus-neo-slim-pro-copper-brush-600\/","title":{"rendered":"\u0422\u0420\u0410\u041f \u0414\u041b\u042f \u0414\u0423\u0428\u0410 NEO SLIM PRO COPPER BRUSH 600"},"content":{"rendered":"<p>Sifon liniar din o\u021bel inoxidabil de \u00eenalt\u0103 calitate. Datorit\u0103 unei faze speciale de produc\u021bie, este u\u0219or de p\u0103strat curat. Sifonul este disponibil \u00een mai multe dimensiuni pentru a se potrivi perfect cu u\u0219a cabinei sau a du\u0219ului.<\/p>\n<div style=\"margin: 20px 0;\"><div class=\"qrcswholewtapper\" style=\"text-align:left;\"><div class=\"qrcprowrapper\"  id=\"qrcwraa2leds\"><div class=\"qrc_canvass\" id=\"qrc_cuttenpages_2\" style=\"display:inline-block\" data-text=\"https:\/\/creadivo.md\/ru\/product\/rigola-dus-neo-slim-pro-copper-brush-600\/\"><\/div><\/div><\/div><\/div>","protected":false},"excerpt":{"rendered":"<p>Sifon liniar din o\u021bel inoxidabil de \u00eenalt\u0103 calitate. Datorit\u0103 unei faze speciale de produc\u021bie, este u\u0219or de p\u0103strat curat. Sifonul<\/p>","protected":false},"featured_media":52348,"template":"","meta":[],"product_brand":[],"product_cat":[102],"product_tag":[],"class_list":{"0":"post-52347","1":"product","2":"type-product","3":"status-publish","4":"has-post-thumbnail","6":"product_cat-sifoane-si-rigole","7":"pa_canelura-unilateral","8":"pa_capacitate-sifon-045-l-s","9":"pa_grosimea-rigoalului-inferior-12-mm","10":"pa_informatii-suplimentare-are-o-capcana-detasabila-pentru-murdarie","11":"pa_tip-de-sifon-rotativ","13":"first","14":"outofstock","15":"purchasable","16":"product-type-simple"},"_links":{"self":[{"href":"https:\/\/creadivo.md\/ru\/wp-json\/wp\/v2\/product\/52347","targetHints":{"allow":["GET"]}}],"collection":[{"href":"https:\/\/creadivo.md\/ru\/wp-json\/wp\/v2\/product"}],"about":[{"href":"https:\/\/creadivo.md\/ru\/wp-json\/wp\/v2\/types\/product"}],"version-history":[{"count":0,"href":"https:\/\/creadivo.md\/ru\/wp-json\/wp\/v2\/product\/52347\/revisions"}],"wp:featuredmedia":[{"embeddable":true,"href":"https:\/\/creadivo.md\/ru\/wp-json\/wp\/v2\/media\/52348"}],"wp:attachment":[{"href":"https:\/\/creadivo.md\/ru\/wp-json\/wp\/v2\/media?parent=52347"}],"wp:term":[{"taxonomy":"product_brand","embeddable":true,"href":"https:\/\/creadivo.md\/ru\/wp-json\/wp\/v2\/product_brand?post=52347"},{"taxonomy":"product_cat","embeddable":true,"href":"https:\/\/creadivo.md\/ru\/wp-json\/wp\/v2\/product_cat?post=52347"},{"taxonomy":"product_tag","embeddable":true,"href":"https:\/\/creadivo.md\/ru\/wp-json\/wp\/v2\/product_tag?post=52347"}],"curies":[{"name":"wp","href":"https:\/\/api.w.org\/{rel}","templated":true}]}}