{"id":52428,"date":"2024-06-10T23:32:21","date_gmt":"2024-06-10T23:32:21","guid":{"rendered":"https:\/\/creadivo.md\/?post_type=product&#038;p=52428"},"modified":"2026-03-27T00:31:59","modified_gmt":"2026-03-27T00:31:59","slug":"prelungire-coloana-dus-gold-60cm","status":"publish","type":"product","link":"https:\/\/creadivo.md\/ru\/product\/prelungire-coloana-dus-gold-60cm\/","title":{"rendered":"\u0423\u0414\u041b\u0418\u041d\u0418\u0422\u0415\u041b\u042c-\u0410\u0414\u0410\u041f\u0422\u0415\u0420 DU\u0218 GOLD 60cm"},"content":{"rendered":"<p>Adaptorul de extensie v\u0103 permite s\u0103 plasa\u021bi du\u0219ul cu efect de ploaie mai sus dec\u00e2t \u00eentr-un set standard de cad\u0103 \u0219i du\u0219. Extensia este realizat\u0103 din material de \u00eenalt\u0103 calitate, este rezistent\u0103 la ap\u0103 \u0219i durabil\u0103.<\/p>\n<div style=\"margin: 20px 0;\"><div class=\"qrcswholewtapper\" style=\"text-align:left;\"><div class=\"qrcprowrapper\"  id=\"qrcwraa2leds\"><div class=\"qrc_canvass\" id=\"qrc_cuttenpages_2\" style=\"display:inline-block\" data-text=\"https:\/\/creadivo.md\/ru\/product\/prelungire-coloana-dus-gold-60cm\/\"><\/div><\/div><\/div><\/div>","protected":false},"excerpt":{"rendered":"<p>Adaptorul de extensie v\u0103 permite s\u0103 plasa\u021bi du\u0219ul cu efect de ploaie mai sus dec\u00e2t \u00eentr-un set standard de cad\u0103<\/p>","protected":false},"featured_media":52429,"template":"","meta":[],"product_brand":[],"product_cat":[100,2085],"product_tag":[],"class_list":{"0":"post-52428","1":"product","2":"type-product","3":"status-publish","4":"has-post-thumbnail","6":"product_cat-coloane-de-dus","7":"product_cat-sisteme-de-dus","8":"pa_aplicare-cu-seria-luis-fericire-max-bravo-mike-volum","9":"pa_marimea-175x615mm","10":"pa_reglarea-largarii-615-mm","12":"first","13":"instock","14":"purchasable","15":"product-type-simple"},"_links":{"self":[{"href":"https:\/\/creadivo.md\/ru\/wp-json\/wp\/v2\/product\/52428","targetHints":{"allow":["GET"]}}],"collection":[{"href":"https:\/\/creadivo.md\/ru\/wp-json\/wp\/v2\/product"}],"about":[{"href":"https:\/\/creadivo.md\/ru\/wp-json\/wp\/v2\/types\/product"}],"version-history":[{"count":1,"href":"https:\/\/creadivo.md\/ru\/wp-json\/wp\/v2\/product\/52428\/revisions"}],"predecessor-version":[{"id":64246,"href":"https:\/\/creadivo.md\/ru\/wp-json\/wp\/v2\/product\/52428\/revisions\/64246"}],"wp:featuredmedia":[{"embeddable":true,"href":"https:\/\/creadivo.md\/ru\/wp-json\/wp\/v2\/media\/52429"}],"wp:attachment":[{"href":"https:\/\/creadivo.md\/ru\/wp-json\/wp\/v2\/media?parent=52428"}],"wp:term":[{"taxonomy":"product_brand","embeddable":true,"href":"https:\/\/creadivo.md\/ru\/wp-json\/wp\/v2\/product_brand?post=52428"},{"taxonomy":"product_cat","embeddable":true,"href":"https:\/\/creadivo.md\/ru\/wp-json\/wp\/v2\/product_cat?post=52428"},{"taxonomy":"product_tag","embeddable":true,"href":"https:\/\/creadivo.md\/ru\/wp-json\/wp\/v2\/product_tag?post=52428"}],"curies":[{"name":"wp","href":"https:\/\/api.w.org\/{rel}","templated":true}]}}