{"id":52454,"date":"2024-06-10T23:32:59","date_gmt":"2024-06-10T23:32:59","guid":{"rendered":"https:\/\/creadivo.md\/?post_type=product&#038;p=52454"},"modified":"2026-04-08T00:21:17","modified_gmt":"2026-04-08T00:21:17","slug":"usa-de-dus-rapid-slide-chrome-120","status":"publish","type":"product","link":"https:\/\/creadivo.md\/ru\/product\/usa-de-dus-rapid-slide-chrome-120\/","title":{"rendered":"\u0414\u0423\u0428\u0415\u0412\u0410\u042f \u0414\u0412\u0415\u0420\u042c RAPID SLIDE CHROME 120"},"content":{"rendered":"<p>V\u0103 prezent\u0103m o cabin\u0103 Rapid Slide excep\u021bional de frumoas\u0103 \u0219i func\u021bional\u0103. U\u0219a \u0219i peretele sunt realizate din sticl\u0103 c\u0103lit\u0103 de \u00eenalt\u0103 calitate, cu grosimea de 6 mm. Au un strat de protec\u021bie Easy Clean care faciliteaz\u0103 men\u021binerea curat\u0103 a cabinei. Datorit\u0103 unei faze speciale de produc\u021bie, acestea sunt durabile \u0219i u\u0219or de cur\u0103\u021bat.<\/p>\n<p>Modelul Rapid Slide are un sistem de glisare eficient care permite deschiderea si inchiderea usoara a usii. U\u0219ile au role superioare simple. Sistemul de rulare a fost conceput pentru a func\u021biona perfect f\u0103r\u0103 probleme pe tot parcursul utiliz\u0103rii. Datorit\u0103 solu\u021biilor extrem de bine g\u00e2ndite, etan\u0219\u0103rile folosite la u\u0219i asigur\u0103 100% etan\u0219eitate \u0219i fiabilitate \u00een timpul utiliz\u0103rii.<\/p>\n<p>Cabina este proiectat\u0103 pentru instalarea pe o podea cu scurgere liniar\u0103 \u0219i pe o cad\u0103 de du\u0219.<\/p>\n<div style=\"margin: 20px 0;\"><div class=\"qrcswholewtapper\" style=\"text-align:left;\"><div class=\"qrcprowrapper\"  id=\"qrcwraa2leds\"><div class=\"qrc_canvass\" id=\"qrc_cuttenpages_2\" style=\"display:inline-block\" data-text=\"https:\/\/creadivo.md\/ru\/product\/usa-de-dus-rapid-slide-chrome-120\/\"><\/div><\/div><\/div><\/div>","protected":false},"excerpt":{"rendered":"<p>V\u0103 prezent\u0103m o cabin\u0103 Rapid Slide excep\u021bional de frumoas\u0103 \u0219i func\u021bional\u0103. U\u0219a \u0219i peretele sunt realizate din sticl\u0103 c\u0103lit\u0103 de<\/p>","protected":false},"featured_media":52455,"template":"","meta":[],"product_brand":[],"product_cat":[24,1335],"product_tag":[],"class_list":{"0":"post-52454","1":"product","2":"type-product","3":"status-publish","4":"has-post-thumbnail","6":"product_cat-cabine-de-dus","7":"product_cat-usi-pentru-cabine-de-dus","8":"pa_acoperire-usor-curatat","9":"pa_directia-de-instalare-universal","10":"pa_grosime-de-sticla-6-mm-intarit","11":"pa_inaltime-195-cm","12":"pa_informatii-suplimentare-posibilitatea-de-a-taia-ghidajul","13":"pa_instalare-pe-cada-de-dus-sau-direct-pe-podea","14":"pa_nota-de-instalare-pentru-a-crea-o-cabina-rapid-slide-chrom-selectati-orice-dimensiune-a-usii-si-a-peretelui-rapid-chrom","15":"pa_tip-cabina-colt-alunecare","17":"first","18":"instock","19":"purchasable","20":"product-type-simple"},"_links":{"self":[{"href":"https:\/\/creadivo.md\/ru\/wp-json\/wp\/v2\/product\/52454","targetHints":{"allow":["GET"]}}],"collection":[{"href":"https:\/\/creadivo.md\/ru\/wp-json\/wp\/v2\/product"}],"about":[{"href":"https:\/\/creadivo.md\/ru\/wp-json\/wp\/v2\/types\/product"}],"version-history":[{"count":0,"href":"https:\/\/creadivo.md\/ru\/wp-json\/wp\/v2\/product\/52454\/revisions"}],"wp:featuredmedia":[{"embeddable":true,"href":"https:\/\/creadivo.md\/ru\/wp-json\/wp\/v2\/media\/52455"}],"wp:attachment":[{"href":"https:\/\/creadivo.md\/ru\/wp-json\/wp\/v2\/media?parent=52454"}],"wp:term":[{"taxonomy":"product_brand","embeddable":true,"href":"https:\/\/creadivo.md\/ru\/wp-json\/wp\/v2\/product_brand?post=52454"},{"taxonomy":"product_cat","embeddable":true,"href":"https:\/\/creadivo.md\/ru\/wp-json\/wp\/v2\/product_cat?post=52454"},{"taxonomy":"product_tag","embeddable":true,"href":"https:\/\/creadivo.md\/ru\/wp-json\/wp\/v2\/product_tag?post=52454"}],"curies":[{"name":"wp","href":"https:\/\/api.w.org\/{rel}","templated":true}]}}