{"id":52564,"date":"2024-06-10T23:37:18","date_gmt":"2024-06-10T23:37:18","guid":{"rendered":"https:\/\/creadivo.md\/?post_type=product&#038;p=52564"},"modified":"2026-03-27T00:40:07","modified_gmt":"2026-03-27T00:40:07","slug":"usa-de-dus-rapid-swing-gold-90","status":"publish","type":"product","link":"https:\/\/creadivo.md\/ru\/product\/usa-de-dus-rapid-swing-gold-90\/","title":{"rendered":"\u0414\u0423\u0428\u0415\u0412\u0410\u042f \u0414\u0412\u0415\u0420\u042c RAPID SWING GOLD 90"},"content":{"rendered":"<p>Va prezentam un model exceptional de frumos al cabinei Rapid Swing. U\u0219a \u0219i peretele sunt realizate din sticl\u0103 c\u0103lit\u0103 de \u00eenalt\u0103 calitate, cu grosimea de 6 mm. Au un strat de protec\u021bie Easy Clean care faciliteaz\u0103 men\u021binerea curat\u0103 a cabinei. Datorit\u0103 unei faze speciale de produc\u021bie, acestea sunt durabile \u0219i u\u0219or de cur\u0103\u021bat.<\/p>\n<p>Acoperirea Nano Easy Clean, cu care am acoperit sticla \u00een etapa de produc\u021bie, face ca apa s\u0103 se condenseze pe suprafa\u021ba sticlei \u0219i s\u0103 se scurg\u0103 \u00eempreun\u0103 cu toate impurit\u0103\u021bile. Datorit\u0103 acestui lucru, \u00ee\u021bi po\u021bi p\u0103stra cu u\u0219urin\u021b\u0103 baia impecabil de curat\u0103.<\/p>\n<p>Modelul Rapid Swing dispune de un sistem eficient de basculare care permite deschiderea si inchiderea usoara a usii. Sistemul de balamale este conceput pentru a func\u021biona perfect f\u0103r\u0103 probleme pe tot parcursul utiliz\u0103rii. Datorit\u0103 solu\u021biilor extrem de bine g\u00e2ndite, garniturile folosite la u\u0219i asigur\u0103 100% etan\u0219eitate \u0219i fiabilitate \u00een timpul utiliz\u0103rii.<\/p>\n<div style=\"margin: 20px 0;\"><div class=\"qrcswholewtapper\" style=\"text-align:left;\"><div class=\"qrcprowrapper\"  id=\"qrcwraa2leds\"><div class=\"qrc_canvass\" id=\"qrc_cuttenpages_2\" style=\"display:inline-block\" data-text=\"https:\/\/creadivo.md\/ru\/product\/usa-de-dus-rapid-swing-gold-90\/\"><\/div><\/div><\/div><\/div>","protected":false},"excerpt":{"rendered":"<p>Va prezentam un model exceptional de frumos al cabinei Rapid Swing. U\u0219a \u0219i peretele sunt realizate din sticl\u0103 c\u0103lit\u0103 de<\/p>","protected":false},"featured_media":52565,"template":"","meta":[],"product_brand":[],"product_cat":[24,1335],"product_tag":[],"class_list":{"0":"post-52564","1":"product","2":"type-product","3":"status-publish","4":"has-post-thumbnail","6":"product_cat-cabine-de-dus","7":"product_cat-usi-pentru-cabine-de-dus","8":"pa_acoperire-usor-curatat","9":"pa_directia-de-instalare-universal","10":"pa_grosime-de-sticla-6-mm-intarit","11":"pa_inaltime-195-cm","12":"pa_informatii-suplimentare-usile-se-deschid-spre-exterior-si-spre-interior","13":"pa_instalare-pe-cabina-de-dus-sau-direct-pe-podea","14":"pa_nota-de-instalare-pentru-a-crea-o-cabina-rapid-swing-gold-selectati-orice-dimensiune-a-usii-si-a-peretelui-rapid-gold","15":"pa_tip-cabina-colt-deschis","17":"first","18":"instock","19":"purchasable","20":"product-type-simple"},"_links":{"self":[{"href":"https:\/\/creadivo.md\/ru\/wp-json\/wp\/v2\/product\/52564","targetHints":{"allow":["GET"]}}],"collection":[{"href":"https:\/\/creadivo.md\/ru\/wp-json\/wp\/v2\/product"}],"about":[{"href":"https:\/\/creadivo.md\/ru\/wp-json\/wp\/v2\/types\/product"}],"version-history":[{"count":0,"href":"https:\/\/creadivo.md\/ru\/wp-json\/wp\/v2\/product\/52564\/revisions"}],"wp:featuredmedia":[{"embeddable":true,"href":"https:\/\/creadivo.md\/ru\/wp-json\/wp\/v2\/media\/52565"}],"wp:attachment":[{"href":"https:\/\/creadivo.md\/ru\/wp-json\/wp\/v2\/media?parent=52564"}],"wp:term":[{"taxonomy":"product_brand","embeddable":true,"href":"https:\/\/creadivo.md\/ru\/wp-json\/wp\/v2\/product_brand?post=52564"},{"taxonomy":"product_cat","embeddable":true,"href":"https:\/\/creadivo.md\/ru\/wp-json\/wp\/v2\/product_cat?post=52564"},{"taxonomy":"product_tag","embeddable":true,"href":"https:\/\/creadivo.md\/ru\/wp-json\/wp\/v2\/product_tag?post=52564"}],"curies":[{"name":"wp","href":"https:\/\/api.w.org\/{rel}","templated":true}]}}