{"id":52736,"date":"2024-06-10T23:42:47","date_gmt":"2024-06-10T23:42:47","guid":{"rendered":"https:\/\/creadivo.md\/?post_type=product&#038;p=52736"},"modified":"2026-04-08T00:21:26","modified_gmt":"2026-04-08T00:21:26","slug":"raft-pentru-baie-tori-gold-brush","status":"publish","type":"product","link":"https:\/\/creadivo.md\/ru\/product\/raft-pentru-baie-tori-gold-brush\/","title":{"rendered":"\u041f\u041e\u041b\u041a\u0410 \u0412 \u0412\u0410\u041d\u041d\u0423\u042e TORI GOLD BRUSH"},"content":{"rendered":"<p>O poli\u021b\u0103 metalic\u0103 pentru baie, practic\u0103 \u0219i durabil\u0103, at\u00e2rnat\u0103 pe cabin\u0103. Perfect pentru depozitarea detergen\u021bilor, cosmeticelor \u0219i a altor articole mici. V\u0103 va ajuta s\u0103 v\u0103 men\u021bine\u021bi baia \u00eengrijit\u0103 \u0219i ordonat\u0103, iar aspectul s\u0103u modern va fi un element decorativ suplimentar al b\u0103ii dumneavoastr\u0103.<\/p>\n<div style=\"margin: 20px 0;\"><div class=\"qrcswholewtapper\" style=\"text-align:left;\"><div class=\"qrcprowrapper\"  id=\"qrcwraa2leds\"><div class=\"qrc_canvass\" id=\"qrc_cuttenpages_2\" style=\"display:inline-block\" data-text=\"https:\/\/creadivo.md\/ru\/product\/raft-pentru-baie-tori-gold-brush\/\"><\/div><\/div><\/div><\/div>","protected":false},"excerpt":{"rendered":"<p>O poli\u021b\u0103 metalic\u0103 pentru baie, practic\u0103 \u0219i durabil\u0103, at\u00e2rnat\u0103 pe cabin\u0103. Perfect pentru depozitarea detergen\u021bilor, cosmeticelor \u0219i a altor articole<\/p>","protected":false},"featured_media":52737,"template":"","meta":[],"product_brand":[],"product_cat":[2063,27],"product_tag":[],"class_list":{"0":"post-52736","1":"product","2":"type-product","3":"status-publish","4":"has-post-thumbnail","6":"product_cat-rafturi-accesorii-pentru-baie","7":"product_cat-accesorii-pentru-casa","8":"pa_aplicare-cu-cabine-si-pereti-de-dus-paravane-pentru-cada","9":"pa_marimea-755x400x95mm","11":"first","12":"instock","13":"purchasable","14":"product-type-simple"},"_links":{"self":[{"href":"https:\/\/creadivo.md\/ru\/wp-json\/wp\/v2\/product\/52736","targetHints":{"allow":["GET"]}}],"collection":[{"href":"https:\/\/creadivo.md\/ru\/wp-json\/wp\/v2\/product"}],"about":[{"href":"https:\/\/creadivo.md\/ru\/wp-json\/wp\/v2\/types\/product"}],"version-history":[{"count":0,"href":"https:\/\/creadivo.md\/ru\/wp-json\/wp\/v2\/product\/52736\/revisions"}],"wp:featuredmedia":[{"embeddable":true,"href":"https:\/\/creadivo.md\/ru\/wp-json\/wp\/v2\/media\/52737"}],"wp:attachment":[{"href":"https:\/\/creadivo.md\/ru\/wp-json\/wp\/v2\/media?parent=52736"}],"wp:term":[{"taxonomy":"product_brand","embeddable":true,"href":"https:\/\/creadivo.md\/ru\/wp-json\/wp\/v2\/product_brand?post=52736"},{"taxonomy":"product_cat","embeddable":true,"href":"https:\/\/creadivo.md\/ru\/wp-json\/wp\/v2\/product_cat?post=52736"},{"taxonomy":"product_tag","embeddable":true,"href":"https:\/\/creadivo.md\/ru\/wp-json\/wp\/v2\/product_tag?post=52736"}],"curies":[{"name":"wp","href":"https:\/\/api.w.org\/{rel}","templated":true}]}}