{"id":52803,"date":"2024-06-10T23:44:09","date_gmt":"2024-06-10T23:44:09","guid":{"rendered":"https:\/\/creadivo.md\/?post_type=product&#038;p=52803"},"modified":"2026-04-09T00:21:10","modified_gmt":"2026-04-09T00:21:10","slug":"baterie-pentru-cada-storm-black-mat","status":"publish","type":"product","link":"https:\/\/creadivo.md\/ru\/product\/baterie-pentru-cada-storm-black-mat\/","title":{"rendered":"\u0421\u041c\u0415\u0421\u0418\u0422\u0415\u041b\u042c \u0414\u041b\u042f \u0412\u0410\u041d\u041d\u042b STORM BLACK MAT"},"content":{"rendered":"<p>Bateria pentru cad\u0103 este un accesoriu esen\u021bial, ce combin\u0103 func\u021bionalitatea cu un design elegant. Conceput\u0103 pentru a asigura un debit optim de ap\u0103, aceasta vine \u00een diferite stiluri \u0219i finisaje, adapt\u00e2ndu-se u\u0219or oric\u0103rui tip de baie. Fabricat\u0103 din materiale durabile \u0219i rezistente la coroziune, bateria pentru cad\u0103 ofer\u0103 o utilizare practic\u0103 \u0219i un aspect rafinat, ideal pentru completarea unei b\u0103i moderne sau clasice.<\/p>\n<div style=\"margin: 20px 0;\"><div class=\"qrcswholewtapper\" style=\"text-align:left;\"><div class=\"qrcprowrapper\"  id=\"qrcwraa2leds\"><div class=\"qrc_canvass\" id=\"qrc_cuttenpages_2\" style=\"display:inline-block\" data-text=\"https:\/\/creadivo.md\/ru\/product\/baterie-pentru-cada-storm-black-mat\/\"><\/div><\/div><\/div><\/div>","protected":false},"excerpt":{"rendered":"<p>Bateria pentru cad\u0103 este un accesoriu esen\u021bial, ce combin\u0103 func\u021bionalitatea cu un design elegant. Conceput\u0103 pentru a asigura un debit<\/p>","protected":false},"featured_media":73470,"template":"","meta":[],"product_brand":[],"product_cat":[29,290],"product_tag":[],"class_list":{"0":"post-52803","1":"product","2":"type-product","3":"status-publish","4":"has-post-thumbnail","6":"product_cat-baterii-sanitare","7":"product_cat-pentru-cada","8":"pa_cap-ceramica-cu-mixer","9":"pa_conexiune-1-2-inch","10":"pa_instalare-pe-un-perete","12":"first","13":"instock","14":"purchasable","15":"product-type-simple"},"_links":{"self":[{"href":"https:\/\/creadivo.md\/ru\/wp-json\/wp\/v2\/product\/52803","targetHints":{"allow":["GET"]}}],"collection":[{"href":"https:\/\/creadivo.md\/ru\/wp-json\/wp\/v2\/product"}],"about":[{"href":"https:\/\/creadivo.md\/ru\/wp-json\/wp\/v2\/types\/product"}],"version-history":[{"count":0,"href":"https:\/\/creadivo.md\/ru\/wp-json\/wp\/v2\/product\/52803\/revisions"}],"wp:featuredmedia":[{"embeddable":true,"href":"https:\/\/creadivo.md\/ru\/wp-json\/wp\/v2\/media\/73470"}],"wp:attachment":[{"href":"https:\/\/creadivo.md\/ru\/wp-json\/wp\/v2\/media?parent=52803"}],"wp:term":[{"taxonomy":"product_brand","embeddable":true,"href":"https:\/\/creadivo.md\/ru\/wp-json\/wp\/v2\/product_brand?post=52803"},{"taxonomy":"product_cat","embeddable":true,"href":"https:\/\/creadivo.md\/ru\/wp-json\/wp\/v2\/product_cat?post=52803"},{"taxonomy":"product_tag","embeddable":true,"href":"https:\/\/creadivo.md\/ru\/wp-json\/wp\/v2\/product_tag?post=52803"}],"curies":[{"name":"wp","href":"https:\/\/api.w.org\/{rel}","templated":true}]}}