{"id":53323,"date":"2024-06-10T23:54:14","date_gmt":"2024-06-10T23:54:14","guid":{"rendered":"https:\/\/creadivo.md\/?post_type=product&#038;p=53323"},"modified":"2026-03-27T00:40:32","modified_gmt":"2026-03-27T00:40:32","slug":"lavoar-pe-blat-demi-aiax-shiny","status":"publish","type":"product","link":"https:\/\/creadivo.md\/ru\/product\/lavoar-pe-blat-demi-aiax-shiny\/","title":{"rendered":"\u0423\u041c\u042b\u0412\u0410\u041b\u042c\u041d\u0418\u041a DEMI AIAX SHINY"},"content":{"rendered":"<p>Lavoarul modern Demi Aiax este o combina\u021bie \u00eentre o form\u0103 de bol sofisticat\u0103 cu ceramic\u0103 perfect\u0103 \u0219i o suprafa\u021b\u0103 neted\u0103. Demi este o chiuveta care se monteaza direct pe blat, astfel incat iti poti amenaja baia economisind in acelasi timp mult spatiu. Forma sa caracteristic\u0103 \u00eel face un decor al oric\u0103rui interior. Fiecare dintre lavoarele noastre are un model unic de piatr\u0103.<\/p>\n<div style=\"margin: 20px 0;\"><div class=\"qrcswholewtapper\" style=\"text-align:left;\"><div class=\"qrcprowrapper\"  id=\"qrcwraa2leds\"><div class=\"qrc_canvass\" id=\"qrc_cuttenpages_2\" style=\"display:inline-block\" data-text=\"https:\/\/creadivo.md\/ru\/product\/lavoar-pe-blat-demi-aiax-shiny\/\"><\/div><\/div><\/div><\/div>","protected":false},"excerpt":{"rendered":"<p>Lavoarul modern Demi Aiax este o combina\u021bie \u00eentre o form\u0103 de bol sofisticat\u0103 cu ceramic\u0103 perfect\u0103 \u0219i o suprafa\u021b\u0103 neted\u0103.<\/p>","protected":false},"featured_media":53324,"template":"","meta":[],"product_brand":[],"product_cat":[21,286],"product_tag":[],"class_list":{"0":"post-53323","1":"product","2":"type-product","3":"status-publish","4":"has-post-thumbnail","6":"product_cat-lavoare","7":"product_cat-lavoar-pe-blat","8":"pa_gaura-baterie-nu","9":"pa_gaura-de-deversare-nu","10":"pa_marimea-510x390x135mm","12":"first","13":"instock","14":"purchasable","15":"product-type-simple"},"_links":{"self":[{"href":"https:\/\/creadivo.md\/ru\/wp-json\/wp\/v2\/product\/53323","targetHints":{"allow":["GET"]}}],"collection":[{"href":"https:\/\/creadivo.md\/ru\/wp-json\/wp\/v2\/product"}],"about":[{"href":"https:\/\/creadivo.md\/ru\/wp-json\/wp\/v2\/types\/product"}],"version-history":[{"count":0,"href":"https:\/\/creadivo.md\/ru\/wp-json\/wp\/v2\/product\/53323\/revisions"}],"wp:featuredmedia":[{"embeddable":true,"href":"https:\/\/creadivo.md\/ru\/wp-json\/wp\/v2\/media\/53324"}],"wp:attachment":[{"href":"https:\/\/creadivo.md\/ru\/wp-json\/wp\/v2\/media?parent=53323"}],"wp:term":[{"taxonomy":"product_brand","embeddable":true,"href":"https:\/\/creadivo.md\/ru\/wp-json\/wp\/v2\/product_brand?post=53323"},{"taxonomy":"product_cat","embeddable":true,"href":"https:\/\/creadivo.md\/ru\/wp-json\/wp\/v2\/product_cat?post=53323"},{"taxonomy":"product_tag","embeddable":true,"href":"https:\/\/creadivo.md\/ru\/wp-json\/wp\/v2\/product_tag?post=53323"}],"curies":[{"name":"wp","href":"https:\/\/api.w.org\/{rel}","templated":true}]}}