{"id":53330,"date":"2024-06-10T23:54:14","date_gmt":"2024-06-10T23:54:14","guid":{"rendered":"https:\/\/creadivo.md\/?post_type=product&#038;p=53330"},"modified":"2025-12-05T00:40:09","modified_gmt":"2025-12-05T00:40:09","slug":"lavoar-pe-blat-queen-thunder-shiny","status":"publish","type":"product","link":"https:\/\/creadivo.md\/ru\/product\/lavoar-pe-blat-queen-thunder-shiny\/","title":{"rendered":"\u0423\u041c\u042b\u0412\u0410\u041b\u042c\u041d\u0418\u041a QUEEN THUNDER SHINY"},"content":{"rendered":"<p>Lavoarul modern Queen este o combina\u021bie \u00eentre o form\u0103 de bol sofisticat\u0103 cu ceramic\u0103 perfect\u0103 \u0219i o suprafa\u021b\u0103 neted\u0103. Queen este o chiuvet\u0103 care se monteaz\u0103 direct pe blat, ceea ce v\u0103 permite s\u0103 v\u0103 amenaja\u021bi baia economisind \u00een acela\u0219i timp mult spa\u021biu. Forma sa caracteristic\u0103 \u00eel face un decor al oric\u0103rui interior. Fiecare dintre lavoarele noastre are un model unic de piatr\u0103.<\/p>\n<div style=\"margin: 20px 0;\"><div class=\"qrcswholewtapper\" style=\"text-align:left;\"><div class=\"qrcprowrapper\"  id=\"qrcwraa2leds\"><div class=\"qrc_canvass\" id=\"qrc_cuttenpages_2\" style=\"display:inline-block\" data-text=\"https:\/\/creadivo.md\/ru\/product\/lavoar-pe-blat-queen-thunder-shiny\/\"><\/div><\/div><\/div><\/div>","protected":false},"excerpt":{"rendered":"<p>Lavoarul modern Queen este o combina\u021bie \u00eentre o form\u0103 de bol sofisticat\u0103 cu ceramic\u0103 perfect\u0103 \u0219i o suprafa\u021b\u0103 neted\u0103. Queen<\/p>","protected":false},"featured_media":53331,"template":"","meta":[],"product_brand":[],"product_cat":[21,286],"product_tag":[],"class_list":{"0":"post-53330","1":"product","2":"type-product","3":"status-publish","4":"has-post-thumbnail","6":"product_cat-lavoare","7":"product_cat-lavoar-pe-blat","8":"pa_gaura-baterie-nu","9":"pa_gaura-de-deversare-nu","10":"pa_marimea-550x415x140mm","12":"first","13":"outofstock","14":"purchasable","15":"product-type-simple"},"_links":{"self":[{"href":"https:\/\/creadivo.md\/ru\/wp-json\/wp\/v2\/product\/53330","targetHints":{"allow":["GET"]}}],"collection":[{"href":"https:\/\/creadivo.md\/ru\/wp-json\/wp\/v2\/product"}],"about":[{"href":"https:\/\/creadivo.md\/ru\/wp-json\/wp\/v2\/types\/product"}],"version-history":[{"count":0,"href":"https:\/\/creadivo.md\/ru\/wp-json\/wp\/v2\/product\/53330\/revisions"}],"wp:featuredmedia":[{"embeddable":true,"href":"https:\/\/creadivo.md\/ru\/wp-json\/wp\/v2\/media\/53331"}],"wp:attachment":[{"href":"https:\/\/creadivo.md\/ru\/wp-json\/wp\/v2\/media?parent=53330"}],"wp:term":[{"taxonomy":"product_brand","embeddable":true,"href":"https:\/\/creadivo.md\/ru\/wp-json\/wp\/v2\/product_brand?post=53330"},{"taxonomy":"product_cat","embeddable":true,"href":"https:\/\/creadivo.md\/ru\/wp-json\/wp\/v2\/product_cat?post=53330"},{"taxonomy":"product_tag","embeddable":true,"href":"https:\/\/creadivo.md\/ru\/wp-json\/wp\/v2\/product_tag?post=53330"}],"curies":[{"name":"wp","href":"https:\/\/api.w.org\/{rel}","templated":true}]}}