{"id":53422,"date":"2024-06-10T23:57:31","date_gmt":"2024-06-10T23:57:31","guid":{"rendered":"https:\/\/creadivo.md\/?post_type=product&#038;p=53422"},"modified":"2026-03-27T00:40:37","modified_gmt":"2026-03-27T00:40:37","slug":"cadita-dus-look-white-80x80","status":"publish","type":"product","link":"https:\/\/creadivo.md\/ru\/product\/cadita-dus-look-white-80x80\/","title":{"rendered":"\u0414\u0423\u0428\u0415\u0412\u041e\u0419 \u041f\u041e\u0414\u0414\u041e\u041d LOOK WHITE 80\u00d780"},"content":{"rendered":"<p>Va prezentam o cadita de dus frumoasa si extrem de functionala. Acesta este un produs care \u00ee\u021bi va umple perfect spa\u021biul de baie, p\u0103str\u00e2nd \u00een acela\u0219i timp aspectul \u0219i estetica impecabile a interiorului.<\/p>\n<p>C\u0103di\u021ba de du\u0219 este realizat\u0103 din acril extrem de durabil, rezistent la deteriorare \u0219i zg\u00e2rieturi. Vindem \u0219i cabine de du\u0219 Look pentru a completa setul.<\/p>\n<div style=\"margin: 20px 0;\"><div class=\"qrcswholewtapper\" style=\"text-align:left;\"><div class=\"qrcprowrapper\"  id=\"qrcwraa2leds\"><div class=\"qrc_canvass\" id=\"qrc_cuttenpages_2\" style=\"display:inline-block\" data-text=\"https:\/\/creadivo.md\/ru\/product\/cadita-dus-look-white-80x80\/\"><\/div><\/div><\/div><\/div>","protected":false},"excerpt":{"rendered":"<p>Va prezentam o cadita de dus frumoasa si extrem de functionala. Acesta este un produs care \u00ee\u021bi va umple perfect<\/p>","protected":false},"featured_media":53423,"template":"","meta":[],"product_brand":[],"product_cat":[1062,28],"product_tag":[],"class_list":{"0":"post-53422","1":"product","2":"type-product","3":"status-publish","4":"has-post-thumbnail","6":"product_cat-cadita-semirotunda","7":"product_cat-cadita-de-dus","8":"pa_inaltime-60-mm","9":"pa_informatii-suplimentare-este-inclus-un-opritor-cromat","11":"first","12":"instock","13":"purchasable","14":"product-type-simple"},"_links":{"self":[{"href":"https:\/\/creadivo.md\/ru\/wp-json\/wp\/v2\/product\/53422","targetHints":{"allow":["GET"]}}],"collection":[{"href":"https:\/\/creadivo.md\/ru\/wp-json\/wp\/v2\/product"}],"about":[{"href":"https:\/\/creadivo.md\/ru\/wp-json\/wp\/v2\/types\/product"}],"version-history":[{"count":0,"href":"https:\/\/creadivo.md\/ru\/wp-json\/wp\/v2\/product\/53422\/revisions"}],"wp:featuredmedia":[{"embeddable":true,"href":"https:\/\/creadivo.md\/ru\/wp-json\/wp\/v2\/media\/53423"}],"wp:attachment":[{"href":"https:\/\/creadivo.md\/ru\/wp-json\/wp\/v2\/media?parent=53422"}],"wp:term":[{"taxonomy":"product_brand","embeddable":true,"href":"https:\/\/creadivo.md\/ru\/wp-json\/wp\/v2\/product_brand?post=53422"},{"taxonomy":"product_cat","embeddable":true,"href":"https:\/\/creadivo.md\/ru\/wp-json\/wp\/v2\/product_cat?post=53422"},{"taxonomy":"product_tag","embeddable":true,"href":"https:\/\/creadivo.md\/ru\/wp-json\/wp\/v2\/product_tag?post=53422"}],"curies":[{"name":"wp","href":"https:\/\/api.w.org\/{rel}","templated":true}]}}