{"id":53461,"date":"2024-06-10T23:58:42","date_gmt":"2024-06-10T23:58:42","guid":{"rendered":"https:\/\/creadivo.md\/?post_type=product&#038;p=53461"},"modified":"2024-09-04T10:26:38","modified_gmt":"2024-09-04T10:26:38","slug":"lavoar-pe-blat-greta-thunder-shiny","status":"publish","type":"product","link":"https:\/\/creadivo.md\/ru\/product\/lavoar-pe-blat-greta-thunder-shiny\/","title":{"rendered":"\u0423\u041c\u042b\u0412\u0410\u041b\u042c\u041d\u0418\u041a GRETA THUNDER SHINY"},"content":{"rendered":"<p>Forma original\u0103 alungit\u0103 \u0219i linia sub\u021bire a marginilor sunt caracteristicile care disting lavoarul\u00a0 Greta de alte chiuvete. Greta Thunder Shiny are un model unic, astfel \u00eenc\u00e2t fiecare pies\u0103 este unic\u0103.<\/p>\n<div style=\"margin: 20px 0;\"><div class=\"qrcswholewtapper\" style=\"text-align:left;\"><div class=\"qrcprowrapper\"  id=\"qrcwraa2leds\"><div class=\"qrc_canvass\" id=\"qrc_cuttenpages_2\" style=\"display:inline-block\" data-text=\"https:\/\/creadivo.md\/ru\/product\/lavoar-pe-blat-greta-thunder-shiny\/\"><\/div><\/div><\/div><\/div>","protected":false},"excerpt":{"rendered":"<p>Forma original\u0103 alungit\u0103 \u0219i linia sub\u021bire a marginilor sunt caracteristicile care disting lavoarul\u00a0 Greta de alte chiuvete. Greta Thunder Shiny<\/p>","protected":false},"featured_media":53462,"template":"","meta":[],"product_brand":[],"product_cat":[21,286],"product_tag":[],"class_list":{"0":"post-53461","1":"product","2":"type-product","3":"status-publish","4":"has-post-thumbnail","6":"product_cat-lavoare","7":"product_cat-lavoar-pe-blat","8":"pa_gaura-baterie-nu","9":"pa_gaura-de-deversare-nu","10":"pa_marimea-655x400x130-mm","12":"first","13":"instock","14":"purchasable","15":"product-type-simple"},"_links":{"self":[{"href":"https:\/\/creadivo.md\/ru\/wp-json\/wp\/v2\/product\/53461","targetHints":{"allow":["GET"]}}],"collection":[{"href":"https:\/\/creadivo.md\/ru\/wp-json\/wp\/v2\/product"}],"about":[{"href":"https:\/\/creadivo.md\/ru\/wp-json\/wp\/v2\/types\/product"}],"version-history":[{"count":0,"href":"https:\/\/creadivo.md\/ru\/wp-json\/wp\/v2\/product\/53461\/revisions"}],"wp:featuredmedia":[{"embeddable":true,"href":"https:\/\/creadivo.md\/ru\/wp-json\/wp\/v2\/media\/53462"}],"wp:attachment":[{"href":"https:\/\/creadivo.md\/ru\/wp-json\/wp\/v2\/media?parent=53461"}],"wp:term":[{"taxonomy":"product_brand","embeddable":true,"href":"https:\/\/creadivo.md\/ru\/wp-json\/wp\/v2\/product_brand?post=53461"},{"taxonomy":"product_cat","embeddable":true,"href":"https:\/\/creadivo.md\/ru\/wp-json\/wp\/v2\/product_cat?post=53461"},{"taxonomy":"product_tag","embeddable":true,"href":"https:\/\/creadivo.md\/ru\/wp-json\/wp\/v2\/product_tag?post=53461"}],"curies":[{"name":"wp","href":"https:\/\/api.w.org\/{rel}","templated":true}]}}