{"id":53520,"date":"2024-06-11T00:02:42","date_gmt":"2024-06-11T00:02:42","guid":{"rendered":"https:\/\/creadivo.md\/?post_type=product&#038;p=53520"},"modified":"2026-04-10T00:21:23","modified_gmt":"2026-04-10T00:21:23","slug":"baterie-de-bucatarie-nest-gold-brush","status":"publish","type":"product","link":"https:\/\/creadivo.md\/ru\/product\/baterie-de-bucatarie-nest-gold-brush\/","title":{"rendered":"\u0421\u041c\u0415\u0421\u0418\u0422\u0415\u041b\u042c \u0414\u041b\u042f \u041a\u0423\u0425\u041d\u0418 NEST GOLD BRUSH"},"content":{"rendered":"<p>Baza fiec\u0103rei buc\u0103t\u0103rii func\u021bionale este robinetul de buc\u0103t\u0103rie potrivit. Corpul din alam\u0103 garanteaz\u0103 durabilitatea \u0219i stabilitatea robinetului. Suprafa\u021ba aurie periat\u0103 este cea mai recent\u0103 tendin\u021b\u0103. Face ca bateria, pe langa aspectul sau unic, sa fie rezistenta la zgarieturi si murdarie. Fiabilitatea pe termen lung este garantat\u0103 prin utilizarea unui cap ceramic. Duza pliabil\u0103 v\u0103 permite s\u0103 direc\u021biona\u021bi fluxul oriunde. V\u00e2rful gurii are un comutator care v\u0103 permite s\u0103 alege\u021bi \u00eentre un flux dispersat \u0219i concentrat.<\/p>\n<div style=\"margin: 20px 0;\"><div class=\"qrcswholewtapper\" style=\"text-align:left;\"><div class=\"qrcprowrapper\"  id=\"qrcwraa2leds\"><div class=\"qrc_canvass\" id=\"qrc_cuttenpages_2\" style=\"display:inline-block\" data-text=\"https:\/\/creadivo.md\/ru\/product\/baterie-de-bucatarie-nest-gold-brush\/\"><\/div><\/div><\/div><\/div>","protected":false},"excerpt":{"rendered":"<p>Baza fiec\u0103rei buc\u0103t\u0103rii func\u021bionale este robinetul de buc\u0103t\u0103rie potrivit. Corpul din alam\u0103 garanteaz\u0103 durabilitatea \u0219i stabilitatea robinetului. Suprafa\u021ba aurie periat\u0103<\/p>","protected":false},"featured_media":53521,"template":"","meta":[],"product_brand":[],"product_cat":[29,101],"product_tag":[],"class_list":{"0":"post-53520","1":"product","2":"type-product","3":"status-publish","4":"has-post-thumbnail","6":"product_cat-baterii-sanitare","7":"product_cat-robinete-de-bucatarie","8":"pa_cap-ceramica-cu-mixer","9":"pa_conexiune-3-8-inch","10":"pa_inaltime-485-mm","11":"pa_informatii-suplimentare-aerator-de-aerare","12":"pa_instalare-pentru-chiuveta-sau-blat","14":"first","15":"instock","16":"purchasable","17":"product-type-simple"},"_links":{"self":[{"href":"https:\/\/creadivo.md\/ru\/wp-json\/wp\/v2\/product\/53520","targetHints":{"allow":["GET"]}}],"collection":[{"href":"https:\/\/creadivo.md\/ru\/wp-json\/wp\/v2\/product"}],"about":[{"href":"https:\/\/creadivo.md\/ru\/wp-json\/wp\/v2\/types\/product"}],"version-history":[{"count":0,"href":"https:\/\/creadivo.md\/ru\/wp-json\/wp\/v2\/product\/53520\/revisions"}],"wp:featuredmedia":[{"embeddable":true,"href":"https:\/\/creadivo.md\/ru\/wp-json\/wp\/v2\/media\/53521"}],"wp:attachment":[{"href":"https:\/\/creadivo.md\/ru\/wp-json\/wp\/v2\/media?parent=53520"}],"wp:term":[{"taxonomy":"product_brand","embeddable":true,"href":"https:\/\/creadivo.md\/ru\/wp-json\/wp\/v2\/product_brand?post=53520"},{"taxonomy":"product_cat","embeddable":true,"href":"https:\/\/creadivo.md\/ru\/wp-json\/wp\/v2\/product_cat?post=53520"},{"taxonomy":"product_tag","embeddable":true,"href":"https:\/\/creadivo.md\/ru\/wp-json\/wp\/v2\/product_tag?post=53520"}],"curies":[{"name":"wp","href":"https:\/\/api.w.org\/{rel}","templated":true}]}}