{"id":53720,"date":"2024-06-11T00:09:41","date_gmt":"2024-06-11T00:09:41","guid":{"rendered":"https:\/\/creadivo.md\/?post_type=product&#038;p=53720"},"modified":"2026-04-10T00:21:26","modified_gmt":"2026-04-10T00:21:26","slug":"paravan-de-dus-rapid-slide-gold-brush-110","status":"publish","type":"product","link":"https:\/\/creadivo.md\/ru\/product\/paravan-de-dus-rapid-slide-gold-brush-110\/","title":{"rendered":"\u0414\u0423\u0428\u0415\u0412\u0410\u042f \u0421\u0422\u0415\u041d\u041a\u0410 RAPID SLIDE GOLD BRUSH 110"},"content":{"rendered":"<p>Modelul Rapid Slide are un sistem de glisare eficient care permite deschiderea si inchiderea usoara a usii. U\u0219ile au role superioare simple. Sistemul de rulare a fost proiectat pentru a func\u021biona perfect f\u0103r\u0103 probleme pe tot parcursul utiliz\u0103rii. Datorit\u0103 solu\u021biilor extrem de bine g\u00e2ndite, etan\u0219\u0103rile folosite la u\u0219i asigur\u0103 100% etan\u0219eitate \u0219i fiabilitate \u00een timpul utiliz\u0103rii.<\/p>\n<p>Acoperirea Nano Easy Clean, cu care am acoperit sticla \u00een etapa de produc\u021bie, face ca apa s\u0103 se condenseze pe suprafa\u021ba sticlei \u0219i s\u0103 se scurg\u0103 \u00eempreun\u0103 cu toate impurit\u0103\u021bile. Datorit\u0103 acestui lucru, pute\u021bi men\u021bine cu u\u0219urin\u021b\u0103 o cur\u0103\u021benie impecabil\u0103 \u00een baia dvs.<\/p>\n<p>U\u0219ile sunt proiectate pentru instalarea pe o pardoseal\u0103 cu scurgere liniar\u0103 \u0219i pe o cad\u0103 de du\u0219.<\/p>\n<div style=\"margin: 20px 0;\"><div class=\"qrcswholewtapper\" style=\"text-align:left;\"><div class=\"qrcprowrapper\"  id=\"qrcwraa2leds\"><div class=\"qrc_canvass\" id=\"qrc_cuttenpages_2\" style=\"display:inline-block\" data-text=\"https:\/\/creadivo.md\/ru\/product\/paravan-de-dus-rapid-slide-gold-brush-110\/\"><\/div><\/div><\/div><\/div>","protected":false},"excerpt":{"rendered":"<p>Modelul Rapid Slide are un sistem de glisare eficient care permite deschiderea si inchiderea usoara a usii. U\u0219ile au role<\/p>","protected":false},"featured_media":53721,"template":"","meta":[],"product_brand":[],"product_cat":[24,297],"product_tag":[],"class_list":{"0":"post-53720","1":"product","2":"type-product","3":"status-publish","4":"has-post-thumbnail","6":"product_cat-cabine-de-dus","7":"product_cat-paravan-pentru-dus","8":"pa_acoperire-usor-de-curatat","9":"pa_directia-de-instalare-universal","10":"pa_grosime-de-sticla-6-mm-intarit","11":"pa_inaltime-195-cm","12":"pa_instalare-pe-cabina-de-dus-sau-direct-pe-podea","13":"pa_tip-de-usa-alunecare","15":"first","16":"instock","17":"purchasable","18":"product-type-simple"},"_links":{"self":[{"href":"https:\/\/creadivo.md\/ru\/wp-json\/wp\/v2\/product\/53720","targetHints":{"allow":["GET"]}}],"collection":[{"href":"https:\/\/creadivo.md\/ru\/wp-json\/wp\/v2\/product"}],"about":[{"href":"https:\/\/creadivo.md\/ru\/wp-json\/wp\/v2\/types\/product"}],"version-history":[{"count":0,"href":"https:\/\/creadivo.md\/ru\/wp-json\/wp\/v2\/product\/53720\/revisions"}],"wp:featuredmedia":[{"embeddable":true,"href":"https:\/\/creadivo.md\/ru\/wp-json\/wp\/v2\/media\/53721"}],"wp:attachment":[{"href":"https:\/\/creadivo.md\/ru\/wp-json\/wp\/v2\/media?parent=53720"}],"wp:term":[{"taxonomy":"product_brand","embeddable":true,"href":"https:\/\/creadivo.md\/ru\/wp-json\/wp\/v2\/product_brand?post=53720"},{"taxonomy":"product_cat","embeddable":true,"href":"https:\/\/creadivo.md\/ru\/wp-json\/wp\/v2\/product_cat?post=53720"},{"taxonomy":"product_tag","embeddable":true,"href":"https:\/\/creadivo.md\/ru\/wp-json\/wp\/v2\/product_tag?post=53720"}],"curies":[{"name":"wp","href":"https:\/\/api.w.org\/{rel}","templated":true}]}}