{"id":54071,"date":"2024-06-11T00:20:55","date_gmt":"2024-06-11T00:20:55","guid":{"rendered":"https:\/\/creadivo.md\/?post_type=product&#038;p=54071"},"modified":"2025-11-05T12:49:47","modified_gmt":"2025-11-05T12:49:47","slug":"paravan-de-dus-aero-intimo-gold-brush-100","status":"publish","type":"product","link":"https:\/\/creadivo.md\/ru\/product\/paravan-de-dus-aero-intimo-gold-brush-100\/","title":{"rendered":"\u0414\u0423\u0428\u0415\u0412\u0410\u042f \u0421\u0422\u0415\u041d\u041a\u0410 AERO INTIMO GOLD BRUSH 100"},"content":{"rendered":"<p>V\u0103 prezent\u0103m un paravan de du\u0219 frumos, extrem de func\u021bional \u0219i modern. Este un produs care iti va umple perfect spatiul de baie pastrand in acelasi timp un aspect impecabil si estetica interiorului. Peretele este adaptat pentru a fi montat pe o cad\u0103 de du\u0219 sau cu scurgere liniar\u0103. A fost realizat din sticl\u0103 c\u0103lit\u0103 de \u00eenalt\u0103 calitate.<\/p>\n<div style=\"margin: 20px 0;\"><div class=\"qrcswholewtapper\" style=\"text-align:left;\"><div class=\"qrcprowrapper\"  id=\"qrcwraa2leds\"><div class=\"qrc_canvass\" id=\"qrc_cuttenpages_2\" style=\"display:inline-block\" data-text=\"https:\/\/creadivo.md\/ru\/product\/paravan-de-dus-aero-intimo-gold-brush-100\/\"><\/div><\/div><\/div><\/div>","protected":false},"excerpt":{"rendered":"<p>V\u0103 prezent\u0103m un paravan de du\u0219 frumos, extrem de func\u021bional \u0219i modern. Este un produs care iti va umple perfect<\/p>","protected":false},"featured_media":54072,"template":"","meta":[],"product_brand":[],"product_cat":[24,297],"product_tag":[],"class_list":{"0":"post-54071","1":"product","2":"type-product","3":"status-publish","4":"has-post-thumbnail","6":"product_cat-cabine-de-dus","7":"product_cat-paravan-pentru-dus","8":"pa_acoperire-usor-curatat","9":"pa_directia-de-instalare-universal","10":"pa_grosime-de-sticla-8-mm-intarit","11":"pa_inaltime-200-cm","12":"pa_informatii-suplimentare-componentele-sunt-realizate-din-diverse-materiale-nuantele-de-culoare-pot-varia","13":"pa_instalare-pe-cada-de-dus-sau-direct-pe-podea","15":"first","16":"outofstock","17":"purchasable","18":"product-type-simple"},"_links":{"self":[{"href":"https:\/\/creadivo.md\/ru\/wp-json\/wp\/v2\/product\/54071","targetHints":{"allow":["GET"]}}],"collection":[{"href":"https:\/\/creadivo.md\/ru\/wp-json\/wp\/v2\/product"}],"about":[{"href":"https:\/\/creadivo.md\/ru\/wp-json\/wp\/v2\/types\/product"}],"version-history":[{"count":0,"href":"https:\/\/creadivo.md\/ru\/wp-json\/wp\/v2\/product\/54071\/revisions"}],"wp:featuredmedia":[{"embeddable":true,"href":"https:\/\/creadivo.md\/ru\/wp-json\/wp\/v2\/media\/54072"}],"wp:attachment":[{"href":"https:\/\/creadivo.md\/ru\/wp-json\/wp\/v2\/media?parent=54071"}],"wp:term":[{"taxonomy":"product_brand","embeddable":true,"href":"https:\/\/creadivo.md\/ru\/wp-json\/wp\/v2\/product_brand?post=54071"},{"taxonomy":"product_cat","embeddable":true,"href":"https:\/\/creadivo.md\/ru\/wp-json\/wp\/v2\/product_cat?post=54071"},{"taxonomy":"product_tag","embeddable":true,"href":"https:\/\/creadivo.md\/ru\/wp-json\/wp\/v2\/product_tag?post=54071"}],"curies":[{"name":"wp","href":"https:\/\/api.w.org\/{rel}","templated":true}]}}