{"id":54152,"date":"2024-06-11T00:24:41","date_gmt":"2024-06-11T00:24:41","guid":{"rendered":"https:\/\/creadivo.md\/?post_type=product&#038;p=54152"},"modified":"2025-11-13T00:31:12","modified_gmt":"2025-11-13T00:31:12","slug":"lavoar-freestanding-hope","status":"publish","type":"product","link":"https:\/\/creadivo.md\/ru\/product\/lavoar-freestanding-hope\/","title":{"rendered":"\u0423\u041c\u042b\u0412\u0410\u041b\u042c\u041d\u0418\u041a \u041d\u0410\u041f\u041e\u041b\u042c\u041d\u042b\u0419 HOPE"},"content":{"rendered":"<p>Lavoar monolit, realizat din ceramica de inalta calitate. Datorit\u0103 formelor sale simple \u0219i elegante, va fi perfect\u0103 pentru orice baie elegant\u0103. O propunere clasic\u0103 pentru persoanele care doresc s\u0103 introduc\u0103 o not\u0103 de lux \u00een baia lor.<\/p>\n<p>Datorit\u0103 utiliz\u0103rii celor mai noi tehnologii \u00een timpul procesului de produc\u021bie, chiuveta noastr\u0103 nu numai c\u0103 arat\u0103 fenomenal, dar este \u0219i u\u0219or de p\u0103strat curat \u0219i extrem de durabil.<\/p>\n<div style=\"margin: 20px 0;\"><div class=\"qrcswholewtapper\" style=\"text-align:left;\"><div class=\"qrcprowrapper\"  id=\"qrcwraa2leds\"><div class=\"qrc_canvass\" id=\"qrc_cuttenpages_2\" style=\"display:inline-block\" data-text=\"https:\/\/creadivo.md\/ru\/product\/lavoar-freestanding-hope\/\"><\/div><\/div><\/div><\/div>","protected":false},"excerpt":{"rendered":"<p>Lavoar monolit, realizat din ceramica de inalta calitate. Datorit\u0103 formelor sale simple \u0219i elegante, va fi perfect\u0103 pentru orice baie<\/p>","protected":false},"featured_media":54153,"template":"","meta":[],"product_brand":[],"product_cat":[21,288],"product_tag":[],"class_list":{"0":"post-54152","1":"product","2":"type-product","3":"status-publish","4":"has-post-thumbnail","6":"product_cat-lavoare","7":"product_cat-lavoar-freestanding","8":"pa_gaura-baterie-da","9":"pa_gaura-de-deversare-nu","10":"pa_marimea-400x400x840-mm","12":"first","13":"outofstock","14":"purchasable","15":"product-type-simple"},"_links":{"self":[{"href":"https:\/\/creadivo.md\/ru\/wp-json\/wp\/v2\/product\/54152","targetHints":{"allow":["GET"]}}],"collection":[{"href":"https:\/\/creadivo.md\/ru\/wp-json\/wp\/v2\/product"}],"about":[{"href":"https:\/\/creadivo.md\/ru\/wp-json\/wp\/v2\/types\/product"}],"version-history":[{"count":1,"href":"https:\/\/creadivo.md\/ru\/wp-json\/wp\/v2\/product\/54152\/revisions"}],"predecessor-version":[{"id":62403,"href":"https:\/\/creadivo.md\/ru\/wp-json\/wp\/v2\/product\/54152\/revisions\/62403"}],"wp:featuredmedia":[{"embeddable":true,"href":"https:\/\/creadivo.md\/ru\/wp-json\/wp\/v2\/media\/54153"}],"wp:attachment":[{"href":"https:\/\/creadivo.md\/ru\/wp-json\/wp\/v2\/media?parent=54152"}],"wp:term":[{"taxonomy":"product_brand","embeddable":true,"href":"https:\/\/creadivo.md\/ru\/wp-json\/wp\/v2\/product_brand?post=54152"},{"taxonomy":"product_cat","embeddable":true,"href":"https:\/\/creadivo.md\/ru\/wp-json\/wp\/v2\/product_cat?post=54152"},{"taxonomy":"product_tag","embeddable":true,"href":"https:\/\/creadivo.md\/ru\/wp-json\/wp\/v2\/product_tag?post=54152"}],"curies":[{"name":"wp","href":"https:\/\/api.w.org\/{rel}","templated":true}]}}