{"id":54165,"date":"2024-06-11T00:24:58","date_gmt":"2024-06-11T00:24:58","guid":{"rendered":"https:\/\/creadivo.md\/?post_type=product&#038;p=54165"},"modified":"2026-04-03T00:21:36","modified_gmt":"2026-04-03T00:21:36","slug":"lavoar-incorporat-dalia","status":"publish","type":"product","link":"https:\/\/creadivo.md\/ru\/product\/lavoar-incorporat-dalia\/","title":{"rendered":"\u0423\u041c\u042b\u0412\u0410\u041b\u042c\u041d\u0418\u041a \u0412\u0420\u0415\u0417\u041d\u041e\u0419 DALIA"},"content":{"rendered":"<p>Lavoarul Dalia va fi perfect pentru un interior elegant. Un lavoar mic, incastrat, are un orificiu pentru robinet \u0219i un preaplin. Pentru acest model, v\u0103 recomand\u0103m o gam\u0103 larg\u0103 de baterii desc\u0103rcate disponibile \u00een magazinul nostru. Ceramica este perfect neted\u0103 \u0219i are o culoare frumoas\u0103 ca z\u0103pada.<\/p>\n<div style=\"margin: 20px 0;\"><div class=\"qrcswholewtapper\" style=\"text-align:left;\"><div class=\"qrcprowrapper\"  id=\"qrcwraa2leds\"><div class=\"qrc_canvass\" id=\"qrc_cuttenpages_2\" style=\"display:inline-block\" data-text=\"https:\/\/creadivo.md\/ru\/product\/lavoar-incorporat-dalia\/\"><\/div><\/div><\/div><\/div>","protected":false},"excerpt":{"rendered":"<p>Lavoarul Dalia va fi perfect pentru un interior elegant. Un lavoar mic, incastrat, are un orificiu pentru robinet \u0219i un<\/p>","protected":false},"featured_media":54166,"template":"","meta":[],"product_brand":[],"product_cat":[21,287],"product_tag":[],"class_list":{"0":"post-54165","1":"product","2":"type-product","3":"status-publish","4":"has-post-thumbnail","6":"product_cat-lavoare","7":"product_cat-lovor-incorporat","8":"pa_gaura-baterie-da","9":"pa_gaura-de-deversare-da","10":"pa_marimea-515x460x200mm","12":"first","13":"instock","14":"purchasable","15":"product-type-simple"},"_links":{"self":[{"href":"https:\/\/creadivo.md\/ru\/wp-json\/wp\/v2\/product\/54165","targetHints":{"allow":["GET"]}}],"collection":[{"href":"https:\/\/creadivo.md\/ru\/wp-json\/wp\/v2\/product"}],"about":[{"href":"https:\/\/creadivo.md\/ru\/wp-json\/wp\/v2\/types\/product"}],"version-history":[{"count":0,"href":"https:\/\/creadivo.md\/ru\/wp-json\/wp\/v2\/product\/54165\/revisions"}],"wp:featuredmedia":[{"embeddable":true,"href":"https:\/\/creadivo.md\/ru\/wp-json\/wp\/v2\/media\/54166"}],"wp:attachment":[{"href":"https:\/\/creadivo.md\/ru\/wp-json\/wp\/v2\/media?parent=54165"}],"wp:term":[{"taxonomy":"product_brand","embeddable":true,"href":"https:\/\/creadivo.md\/ru\/wp-json\/wp\/v2\/product_brand?post=54165"},{"taxonomy":"product_cat","embeddable":true,"href":"https:\/\/creadivo.md\/ru\/wp-json\/wp\/v2\/product_cat?post=54165"},{"taxonomy":"product_tag","embeddable":true,"href":"https:\/\/creadivo.md\/ru\/wp-json\/wp\/v2\/product_tag?post=54165"}],"curies":[{"name":"wp","href":"https:\/\/api.w.org\/{rel}","templated":true}]}}