{"id":54183,"date":"2024-06-11T00:25:46","date_gmt":"2024-06-11T00:25:46","guid":{"rendered":"https:\/\/creadivo.md\/?post_type=product&#038;p=54183"},"modified":"2026-04-08T00:22:01","modified_gmt":"2026-04-08T00:22:01","slug":"dop-pentru-cada-6cm-chrome","status":"publish","type":"product","link":"https:\/\/creadivo.md\/ru\/product\/dop-pentru-cada-6cm-chrome\/","title":{"rendered":"\u0414\u041e\u041d\u041d\u042b\u0419 \u041a\u041b\u0410\u041f\u0410\u041d 6cm CHROME"},"content":{"rendered":"<p>V\u0103 prezent\u0103m un dop pentru cad\u0103 click-clack de \u00eenalt\u0103 clas\u0103 din alam\u0103. Bu\u015fonul se potrive\u015fte cu orice cad\u0103 cu orificiu de scurgere standard de 48 mm. Datorit\u0103 unei faze speciale de produc\u021bie, pluta este protejat\u0103 \u00eempotriva coroziunii, p\u0103t\u0103rii \u0219i decolor\u0103rii.<\/p>\n<div style=\"margin: 20px 0;\"><div class=\"qrcswholewtapper\" style=\"text-align:left;\"><div class=\"qrcprowrapper\"  id=\"qrcwraa2leds\"><div class=\"qrc_canvass\" id=\"qrc_cuttenpages_2\" style=\"display:inline-block\" data-text=\"https:\/\/creadivo.md\/ru\/product\/dop-pentru-cada-6cm-chrome\/\"><\/div><\/div><\/div><\/div>","protected":false},"excerpt":{"rendered":"<p>V\u0103 prezent\u0103m un dop pentru cad\u0103 click-clack de \u00eenalt\u0103 clas\u0103 din alam\u0103. Bu\u015fonul se potrive\u015fte cu orice cad\u0103 cu orificiu<\/p>","protected":false},"featured_media":54184,"template":"","meta":[],"product_brand":[],"product_cat":[102],"product_tag":[],"class_list":{"0":"post-54183","1":"product","2":"type-product","3":"status-publish","4":"has-post-thumbnail","6":"product_cat-sifoane-si-rigole","7":"pa_informatii-suplimentare-blocat-prin-apasare","9":"first","10":"outofstock","11":"purchasable","12":"product-type-simple"},"_links":{"self":[{"href":"https:\/\/creadivo.md\/ru\/wp-json\/wp\/v2\/product\/54183","targetHints":{"allow":["GET"]}}],"collection":[{"href":"https:\/\/creadivo.md\/ru\/wp-json\/wp\/v2\/product"}],"about":[{"href":"https:\/\/creadivo.md\/ru\/wp-json\/wp\/v2\/types\/product"}],"version-history":[{"count":0,"href":"https:\/\/creadivo.md\/ru\/wp-json\/wp\/v2\/product\/54183\/revisions"}],"wp:featuredmedia":[{"embeddable":true,"href":"https:\/\/creadivo.md\/ru\/wp-json\/wp\/v2\/media\/54184"}],"wp:attachment":[{"href":"https:\/\/creadivo.md\/ru\/wp-json\/wp\/v2\/media?parent=54183"}],"wp:term":[{"taxonomy":"product_brand","embeddable":true,"href":"https:\/\/creadivo.md\/ru\/wp-json\/wp\/v2\/product_brand?post=54183"},{"taxonomy":"product_cat","embeddable":true,"href":"https:\/\/creadivo.md\/ru\/wp-json\/wp\/v2\/product_cat?post=54183"},{"taxonomy":"product_tag","embeddable":true,"href":"https:\/\/creadivo.md\/ru\/wp-json\/wp\/v2\/product_tag?post=54183"}],"curies":[{"name":"wp","href":"https:\/\/api.w.org\/{rel}","templated":true}]}}