{"id":54425,"date":"2024-06-11T00:31:43","date_gmt":"2024-06-11T00:31:43","guid":{"rendered":"https:\/\/creadivo.md\/?post_type=product&#038;p=54425"},"modified":"2026-04-08T00:30:04","modified_gmt":"2026-04-08T00:30:04","slug":"prelungire-pivotanta-colt-chrome","status":"publish","type":"product","link":"https:\/\/creadivo.md\/ru\/product\/prelungire-pivotanta-colt-chrome\/","title":{"rendered":"\u0410\u042d\u0420\u0410\u0422\u041e\u0420-\u0423\u0414\u041b\u0418\u041d\u0418\u0422\u0415\u041b\u042c COLT CHROME"},"content":{"rendered":"<p>V\u0103 prezent\u0103m o prelungire pivotant\u0103 cu jet de ap\u0103 reglabil, rota\u021bie de 360 \u200b\u200bde grade \u00een trei planuri \u0219i posibilitatea de a-l seta \u00een mai multe unghiuri. Extensia pivotant\u0103 este u\u0219or de instalat \u0219i se potrive\u0219te cu majoritatea robinetelor standard.<\/p>\n<div style=\"margin: 20px 0;\"><div class=\"qrcswholewtapper\" style=\"text-align:left;\"><div class=\"qrcprowrapper\"  id=\"qrcwraa2leds\"><div class=\"qrc_canvass\" id=\"qrc_cuttenpages_2\" style=\"display:inline-block\" data-text=\"https:\/\/creadivo.md\/ru\/product\/prelungire-pivotanta-colt-chrome\/\"><\/div><\/div><\/div><\/div>","protected":false},"excerpt":{"rendered":"<p>V\u0103 prezent\u0103m o prelungire pivotant\u0103 cu jet de ap\u0103 reglabil, rota\u021bie de 360 \u200b\u200bde grade \u00een trei planuri \u0219i posibilitatea<\/p>","protected":false},"featured_media":54426,"template":"","meta":[],"product_brand":[],"product_cat":[29,289,101],"product_tag":[],"class_list":{"0":"post-54425","1":"product","2":"type-product","3":"status-publish","4":"has-post-thumbnail","6":"product_cat-baterii-sanitare","7":"product_cat-pentru-lavoar","8":"product_cat-robinete-de-bucatarie","10":"first","11":"instock","12":"purchasable","13":"product-type-simple"},"_links":{"self":[{"href":"https:\/\/creadivo.md\/ru\/wp-json\/wp\/v2\/product\/54425","targetHints":{"allow":["GET"]}}],"collection":[{"href":"https:\/\/creadivo.md\/ru\/wp-json\/wp\/v2\/product"}],"about":[{"href":"https:\/\/creadivo.md\/ru\/wp-json\/wp\/v2\/types\/product"}],"version-history":[{"count":0,"href":"https:\/\/creadivo.md\/ru\/wp-json\/wp\/v2\/product\/54425\/revisions"}],"wp:featuredmedia":[{"embeddable":true,"href":"https:\/\/creadivo.md\/ru\/wp-json\/wp\/v2\/media\/54426"}],"wp:attachment":[{"href":"https:\/\/creadivo.md\/ru\/wp-json\/wp\/v2\/media?parent=54425"}],"wp:term":[{"taxonomy":"product_brand","embeddable":true,"href":"https:\/\/creadivo.md\/ru\/wp-json\/wp\/v2\/product_brand?post=54425"},{"taxonomy":"product_cat","embeddable":true,"href":"https:\/\/creadivo.md\/ru\/wp-json\/wp\/v2\/product_cat?post=54425"},{"taxonomy":"product_tag","embeddable":true,"href":"https:\/\/creadivo.md\/ru\/wp-json\/wp\/v2\/product_tag?post=54425"}],"curies":[{"name":"wp","href":"https:\/\/api.w.org\/{rel}","templated":true}]}}