{"id":54457,"date":"2024-06-11T00:32:22","date_gmt":"2024-06-11T00:32:22","guid":{"rendered":"https:\/\/creadivo.md\/?post_type=product&#038;p=54457"},"modified":"2026-03-27T00:41:24","modified_gmt":"2026-03-27T00:41:24","slug":"baterie-pentru-bideu-lungo-gold","status":"publish","type":"product","link":"https:\/\/creadivo.md\/ru\/product\/baterie-pentru-bideu-lungo-gold\/","title":{"rendered":"\u0421\u041c\u0415\u0421\u0418\u0422\u0415\u041b\u042c \u0414\u041b\u042f \u0411\u0418\u0414\u0415 LUNGO GOLD"},"content":{"rendered":"<p>O baterie pentru bideu realizat\u0103 av\u00e2nd \u00een vedere func\u021bionalitatea \u0219i aspectul. Acesta este un produs care v\u0103 va umple perfect spa\u021biul de baie, p\u0103str\u00e2nd aspectul \u0219i estetica perfect\u0103 a interiorului. Datorit\u0103 unei faze speciale de produc\u021bie, este durabil \u0219i u\u0219or de p\u0103strat curat.<\/p>\n<p>Tehnologia Pvd (Physical Vapor Deposition) este o tehnologie folosit\u0103 pentru a colora suprafe\u021bele metalice. Datorit\u0103 metodei avansate tehnologic de aplicare a stratului, ob\u021binem o suprafa\u021b\u0103 de 15 ori mai rezistent\u0103 dec\u00e2t galvanizarea clasic\u0103. Acest lucru garanteaz\u0103 o rezisten\u021b\u0103 ridicat\u0103 la deteriorarea mecanic\u0103, coroziune \u0219i la tot felul de factori care afecteaz\u0103 eroziunea lent\u0103 a suprafe\u021bei produsului.<\/p>\n<div style=\"margin: 20px 0;\"><div class=\"qrcswholewtapper\" style=\"text-align:left;\"><div class=\"qrcprowrapper\"  id=\"qrcwraa2leds\"><div class=\"qrc_canvass\" id=\"qrc_cuttenpages_2\" style=\"display:inline-block\" data-text=\"https:\/\/creadivo.md\/ru\/product\/baterie-pentru-bideu-lungo-gold\/\"><\/div><\/div><\/div><\/div>","protected":false},"excerpt":{"rendered":"<p>O baterie pentru bideu realizat\u0103 av\u00e2nd \u00een vedere func\u021bionalitatea \u0219i aspectul. Acesta este un produs care v\u0103 va umple perfect<\/p>","protected":false},"featured_media":54458,"template":"","meta":[],"product_brand":[],"product_cat":[29,292],"product_tag":[],"class_list":{"0":"post-54457","1":"product","2":"type-product","3":"status-publish","4":"has-post-thumbnail","6":"product_cat-baterii-sanitare","7":"product_cat-pentru-bideu","8":"pa_cap-ceramica-cu-mixer","9":"pa_conexiune-3-8-inch","10":"pa_inaltime-170-mm","11":"pa_informatii-suplimentare-duza-mobila-si-aerator-de-aerare","12":"pa_instalare-pentru-un-bideu","14":"first","15":"instock","16":"purchasable","17":"product-type-simple"},"_links":{"self":[{"href":"https:\/\/creadivo.md\/ru\/wp-json\/wp\/v2\/product\/54457","targetHints":{"allow":["GET"]}}],"collection":[{"href":"https:\/\/creadivo.md\/ru\/wp-json\/wp\/v2\/product"}],"about":[{"href":"https:\/\/creadivo.md\/ru\/wp-json\/wp\/v2\/types\/product"}],"version-history":[{"count":0,"href":"https:\/\/creadivo.md\/ru\/wp-json\/wp\/v2\/product\/54457\/revisions"}],"wp:featuredmedia":[{"embeddable":true,"href":"https:\/\/creadivo.md\/ru\/wp-json\/wp\/v2\/media\/54458"}],"wp:attachment":[{"href":"https:\/\/creadivo.md\/ru\/wp-json\/wp\/v2\/media?parent=54457"}],"wp:term":[{"taxonomy":"product_brand","embeddable":true,"href":"https:\/\/creadivo.md\/ru\/wp-json\/wp\/v2\/product_brand?post=54457"},{"taxonomy":"product_cat","embeddable":true,"href":"https:\/\/creadivo.md\/ru\/wp-json\/wp\/v2\/product_cat?post=54457"},{"taxonomy":"product_tag","embeddable":true,"href":"https:\/\/creadivo.md\/ru\/wp-json\/wp\/v2\/product_tag?post=54457"}],"curies":[{"name":"wp","href":"https:\/\/api.w.org\/{rel}","templated":true}]}}