{"id":54524,"date":"2024-06-11T00:34:30","date_gmt":"2024-06-11T00:34:30","guid":{"rendered":"https:\/\/creadivo.md\/?post_type=product&#038;p=54524"},"modified":"2025-09-01T05:19:20","modified_gmt":"2025-09-01T05:19:20","slug":"lavoar-pe-blat-florisa-black-mat","status":"publish","type":"product","link":"https:\/\/creadivo.md\/ru\/product\/lavoar-pe-blat-florisa-black-mat\/","title":{"rendered":"\u0423\u041c\u042b\u0412\u0410\u041b\u042c\u041d\u0418\u041a FLORISA BLACK MAT"},"content":{"rendered":"<p>V\u0103 prezent\u0103m un lavoar pe blat care va sublinia unicitatea \u0219i stilul b\u0103ii dumneavoastr\u0103. Este realizat din ceramic\u0103 de \u00eenalt\u0103 calitate, cu motiv floral, care ofer\u0103 un efect vizual unic. Datorit\u0103 unei faze speciale de produc\u021bie, este durabil \u0219i u\u0219or de p\u0103strat curat. Lavoarul este conceput pentru a fi montat pe un blat sau dulap, astfel \u00eenc\u00e2t s\u0103 v\u0103 pute\u021bi amenaja baia economisind \u00een acela\u0219i timp mult spa\u021biu.<\/p>\n<div style=\"margin: 20px 0;\"><div class=\"qrcswholewtapper\" style=\"text-align:left;\"><div class=\"qrcprowrapper\"  id=\"qrcwraa2leds\"><div class=\"qrc_canvass\" id=\"qrc_cuttenpages_2\" style=\"display:inline-block\" data-text=\"https:\/\/creadivo.md\/ru\/product\/lavoar-pe-blat-florisa-black-mat\/\"><\/div><\/div><\/div><\/div>","protected":false},"excerpt":{"rendered":"<p>V\u0103 prezent\u0103m un lavoar pe blat care va sublinia unicitatea \u0219i stilul b\u0103ii dumneavoastr\u0103. Este realizat din ceramic\u0103 de \u00eenalt\u0103<\/p>","protected":false},"featured_media":54525,"template":"","meta":[],"product_brand":[],"product_cat":[21,286],"product_tag":[],"class_list":{"0":"post-54524","1":"product","2":"type-product","3":"status-publish","4":"has-post-thumbnail","6":"product_cat-lavoare","7":"product_cat-lavoar-pe-blat","8":"pa_gaura-baterie-nu","9":"pa_gaura-de-deversare-nu","10":"pa_marimea-400x400x150mm","12":"first","13":"outofstock","14":"purchasable","15":"product-type-simple"},"_links":{"self":[{"href":"https:\/\/creadivo.md\/ru\/wp-json\/wp\/v2\/product\/54524","targetHints":{"allow":["GET"]}}],"collection":[{"href":"https:\/\/creadivo.md\/ru\/wp-json\/wp\/v2\/product"}],"about":[{"href":"https:\/\/creadivo.md\/ru\/wp-json\/wp\/v2\/types\/product"}],"version-history":[{"count":0,"href":"https:\/\/creadivo.md\/ru\/wp-json\/wp\/v2\/product\/54524\/revisions"}],"wp:featuredmedia":[{"embeddable":true,"href":"https:\/\/creadivo.md\/ru\/wp-json\/wp\/v2\/media\/54525"}],"wp:attachment":[{"href":"https:\/\/creadivo.md\/ru\/wp-json\/wp\/v2\/media?parent=54524"}],"wp:term":[{"taxonomy":"product_brand","embeddable":true,"href":"https:\/\/creadivo.md\/ru\/wp-json\/wp\/v2\/product_brand?post=54524"},{"taxonomy":"product_cat","embeddable":true,"href":"https:\/\/creadivo.md\/ru\/wp-json\/wp\/v2\/product_cat?post=54524"},{"taxonomy":"product_tag","embeddable":true,"href":"https:\/\/creadivo.md\/ru\/wp-json\/wp\/v2\/product_tag?post=54524"}],"curies":[{"name":"wp","href":"https:\/\/api.w.org\/{rel}","templated":true}]}}