{"id":54538,"date":"2024-06-11T00:35:06","date_gmt":"2024-06-11T00:35:06","guid":{"rendered":"https:\/\/creadivo.md\/?post_type=product&#038;p=54538"},"modified":"2026-03-27T00:41:28","modified_gmt":"2026-03-27T00:41:28","slug":"lavoar-pe-blat-akoya-pearl","status":"publish","type":"product","link":"https:\/\/creadivo.md\/ru\/product\/lavoar-pe-blat-akoya-pearl\/","title":{"rendered":"\u0423\u041c\u042b\u0412\u0410\u041b\u042c\u041d\u0418\u041a AKOYA PEARL"},"content":{"rendered":"<p>V\u0103 prezent\u0103m un lavoar pe blat care va oferi b\u0103ii dumneavoastr\u0103 un aspect modern \u0219i func\u021bionalitate ridicat\u0103. Finisajul perlat lucios \u0219i forma oval\u0103, ondulat\u0103 dau clas\u0103 \u0219i decoreaz\u0103 interiorul. Va fi un mare plus pentru iubitorii de forme \u0219i combina\u021bii de culori non-standard, aduc\u00e2nd elegan\u021b\u0103 amenaj\u0103rii b\u0103ii.<\/p>\n<p>Lavoarul este conceput pentru a fi montat pe blat sau dulap. Este realizat din ceramic\u0103 sanitar\u0103 de \u00eenalt\u0103 calitate. Datorit\u0103 unei faze speciale de produc\u021bie, este durabil \u0219i u\u0219or de p\u0103strat curat.<\/p>\n<div style=\"margin: 20px 0;\"><div class=\"qrcswholewtapper\" style=\"text-align:left;\"><div class=\"qrcprowrapper\"  id=\"qrcwraa2leds\"><div class=\"qrc_canvass\" id=\"qrc_cuttenpages_2\" style=\"display:inline-block\" data-text=\"https:\/\/creadivo.md\/ru\/product\/lavoar-pe-blat-akoya-pearl\/\"><\/div><\/div><\/div><\/div>","protected":false},"excerpt":{"rendered":"<p>V\u0103 prezent\u0103m un lavoar pe blat care va oferi b\u0103ii dumneavoastr\u0103 un aspect modern \u0219i func\u021bionalitate ridicat\u0103. Finisajul perlat lucios<\/p>","protected":false},"featured_media":54539,"template":"","meta":[],"product_brand":[],"product_cat":[21,286],"product_tag":[],"class_list":{"0":"post-54538","1":"product","2":"type-product","3":"status-publish","4":"has-post-thumbnail","6":"product_cat-lavoare","7":"product_cat-lavoar-pe-blat","8":"pa_gaura-baterie-nu","9":"pa_gaura-de-deversare-nu","10":"pa_marimea-505x380x135mm","12":"first","13":"instock","14":"purchasable","15":"product-type-simple"},"_links":{"self":[{"href":"https:\/\/creadivo.md\/ru\/wp-json\/wp\/v2\/product\/54538","targetHints":{"allow":["GET"]}}],"collection":[{"href":"https:\/\/creadivo.md\/ru\/wp-json\/wp\/v2\/product"}],"about":[{"href":"https:\/\/creadivo.md\/ru\/wp-json\/wp\/v2\/types\/product"}],"version-history":[{"count":0,"href":"https:\/\/creadivo.md\/ru\/wp-json\/wp\/v2\/product\/54538\/revisions"}],"wp:featuredmedia":[{"embeddable":true,"href":"https:\/\/creadivo.md\/ru\/wp-json\/wp\/v2\/media\/54539"}],"wp:attachment":[{"href":"https:\/\/creadivo.md\/ru\/wp-json\/wp\/v2\/media?parent=54538"}],"wp:term":[{"taxonomy":"product_brand","embeddable":true,"href":"https:\/\/creadivo.md\/ru\/wp-json\/wp\/v2\/product_brand?post=54538"},{"taxonomy":"product_cat","embeddable":true,"href":"https:\/\/creadivo.md\/ru\/wp-json\/wp\/v2\/product_cat?post=54538"},{"taxonomy":"product_tag","embeddable":true,"href":"https:\/\/creadivo.md\/ru\/wp-json\/wp\/v2\/product_tag?post=54538"}],"curies":[{"name":"wp","href":"https:\/\/api.w.org\/{rel}","templated":true}]}}