{"id":54570,"date":"2024-06-11T00:36:11","date_gmt":"2024-06-11T00:36:11","guid":{"rendered":"https:\/\/creadivo.md\/?post_type=product&#038;p=54570"},"modified":"2025-12-02T00:31:41","modified_gmt":"2025-12-02T00:31:41","slug":"baterie-pentru-cada-dart-black-2","status":"publish","type":"product","link":"https:\/\/creadivo.md\/ru\/product\/baterie-pentru-cada-dart-black-2\/","title":{"rendered":"\u0421\u041c\u0415\u0421\u0418\u0422\u0415\u041b\u042c \u0414\u041b\u042f \u0412\u0410\u041d\u041d\u042b DART BLACK"},"content":{"rendered":"<p>Baterie de du\u0219 realizat din materiale de cea mai inalta calitate intr-o forma clasica. Se potrive\u0219te perfect \u00een fiecare cabin\u0103 de du\u0219 \u0219i u\u0219\u0103 disponibile \u00een oferta noastr\u0103.<\/p>\n<div style=\"margin: 20px 0;\"><div class=\"qrcswholewtapper\" style=\"text-align:left;\"><div class=\"qrcprowrapper\"  id=\"qrcwraa2leds\"><div class=\"qrc_canvass\" id=\"qrc_cuttenpages_2\" style=\"display:inline-block\" data-text=\"https:\/\/creadivo.md\/ru\/product\/baterie-pentru-cada-dart-black-2\/\"><\/div><\/div><\/div><\/div>","protected":false},"excerpt":{"rendered":"<p>Baterie de du\u0219 realizat din materiale de cea mai inalta calitate intr-o forma clasica. Se potrive\u0219te perfect \u00een fiecare cabin\u0103<\/p>","protected":false},"featured_media":54571,"template":"","meta":[],"product_brand":[],"product_cat":[29,290],"product_tag":[],"class_list":{"0":"post-54570","1":"product","2":"type-product","3":"status-publish","4":"has-post-thumbnail","6":"product_cat-baterii-sanitare","7":"product_cat-pentru-cada","8":"pa_cap-ceramica-cu-mixer","9":"pa_conexiune-1-2-inch","10":"pa_instalare-pe-un-perete","12":"first","13":"instock","14":"purchasable","15":"product-type-simple"},"_links":{"self":[{"href":"https:\/\/creadivo.md\/ru\/wp-json\/wp\/v2\/product\/54570","targetHints":{"allow":["GET"]}}],"collection":[{"href":"https:\/\/creadivo.md\/ru\/wp-json\/wp\/v2\/product"}],"about":[{"href":"https:\/\/creadivo.md\/ru\/wp-json\/wp\/v2\/types\/product"}],"version-history":[{"count":0,"href":"https:\/\/creadivo.md\/ru\/wp-json\/wp\/v2\/product\/54570\/revisions"}],"wp:featuredmedia":[{"embeddable":true,"href":"https:\/\/creadivo.md\/ru\/wp-json\/wp\/v2\/media\/54571"}],"wp:attachment":[{"href":"https:\/\/creadivo.md\/ru\/wp-json\/wp\/v2\/media?parent=54570"}],"wp:term":[{"taxonomy":"product_brand","embeddable":true,"href":"https:\/\/creadivo.md\/ru\/wp-json\/wp\/v2\/product_brand?post=54570"},{"taxonomy":"product_cat","embeddable":true,"href":"https:\/\/creadivo.md\/ru\/wp-json\/wp\/v2\/product_cat?post=54570"},{"taxonomy":"product_tag","embeddable":true,"href":"https:\/\/creadivo.md\/ru\/wp-json\/wp\/v2\/product_tag?post=54570"}],"curies":[{"name":"wp","href":"https:\/\/api.w.org\/{rel}","templated":true}]}}