{"id":54642,"date":"2024-06-11T00:38:31","date_gmt":"2024-06-11T00:38:31","guid":{"rendered":"https:\/\/creadivo.md\/?post_type=product&#038;p=54642"},"modified":"2026-03-27T00:41:31","modified_gmt":"2026-03-27T00:41:31","slug":"cadita-dus-bazalt-black-90x120","status":"publish","type":"product","link":"https:\/\/creadivo.md\/ru\/product\/cadita-dus-bazalt-black-90x120\/","title":{"rendered":"\u0414\u0423\u0428\u0415\u0412\u041e\u0419 \u041f\u041e\u0414\u0414\u041e\u041d BAZALT BLACK 90\u00d7120"},"content":{"rendered":"<p>Cadita de dus Bazalt oferita este o armonie de calitate, functionalitate si estetica. C\u0103di\u021ba de du\u0219 poate fi a\u0219ezat\u0103 pe podea, \u00eencorporat\u0103 \u00een podea \u0219i t\u0103iat\u0103 dup\u0103 dorin\u021b\u0103, f\u0103c\u00e2nd-o universal\u0103 \u0219i potrivit\u0103 pentru orice interior.<\/p>\n<p>Material compozit de \u00eenalt\u0103 calitate<\/p>\n<p>C\u0103di\u021ba noastr\u0103 de du\u0219 este realizat\u0103 din material compozit Smc, care este excep\u021bional de rezistent la umiditate, deterior\u0103ri mecanice \u0219i detergen\u021bi, ceea ce se traduce prin durabilitatea, u\u0219urin\u021ba \u0219i elegan\u021ba extraordinare a produsului.<\/p>\n<p>\u00cenveli\u0219ul compozit Smc, care imit\u0103 piatra, datorit\u0103 propriet\u0103\u021bilor sale nu reac\u021bioneaz\u0103 la schimb\u0103rile de temperatur\u0103, f\u0103c\u00e2ndu-l pl\u0103cut de utilizat.<\/p>\n<p>Asigur\u0103 utilizarea confortabil\u0103 \u0219i sigur\u0103 a du\u0219ului, cre\u00e2nd \u00een acela\u0219i timp un aspect elegant al b\u0103ii. Profilul sc\u0103zut al c\u0103dii de du\u0219 se armonizeaz\u0103 perfect cu tendin\u021bele moderne de design \u0219i permite instalarea la nivel de podea, elimin\u00e2nd orice obstacole \u00een calea utiliz\u0103rii zilnice a du\u0219ului. Aceast\u0103 solu\u021bie garanteaz\u0103 nu numai confort, ci \u0219i cur\u0103\u021bare u\u0219oar\u0103.<\/p>\n<p>Cadita de dus este conceputa pentru instalare clasica si pentru a fi inglobata in podea.<\/p>\n<div style=\"margin: 20px 0;\"><div class=\"qrcswholewtapper\" style=\"text-align:left;\"><div class=\"qrcprowrapper\"  id=\"qrcwraa2leds\"><div class=\"qrc_canvass\" id=\"qrc_cuttenpages_2\" style=\"display:inline-block\" data-text=\"https:\/\/creadivo.md\/ru\/product\/cadita-dus-bazalt-black-90x120\/\"><\/div><\/div><\/div><\/div>","protected":false},"excerpt":{"rendered":"<p>Cadita de dus Bazalt oferita este o armonie de calitate, functionalitate si estetica. C\u0103di\u021ba de du\u0219 poate fi a\u0219ezat\u0103 pe<\/p>","protected":false},"featured_media":54643,"template":"","meta":[],"product_brand":[],"product_cat":[28,1059],"product_tag":[],"class_list":{"0":"post-54642","1":"product","2":"type-product","3":"status-publish","4":"has-post-thumbnail","6":"product_cat-cadita-de-dus","7":"product_cat-cadita-dreptunghiulara","8":"pa_directia-de-instalare-universal","9":"pa_inaltime-25-mm","10":"pa_informatii-suplimentare-setul-include-un-capac-de-scurgere","12":"first","13":"outofstock","14":"purchasable","15":"product-type-simple"},"_links":{"self":[{"href":"https:\/\/creadivo.md\/ru\/wp-json\/wp\/v2\/product\/54642","targetHints":{"allow":["GET"]}}],"collection":[{"href":"https:\/\/creadivo.md\/ru\/wp-json\/wp\/v2\/product"}],"about":[{"href":"https:\/\/creadivo.md\/ru\/wp-json\/wp\/v2\/types\/product"}],"version-history":[{"count":0,"href":"https:\/\/creadivo.md\/ru\/wp-json\/wp\/v2\/product\/54642\/revisions"}],"wp:featuredmedia":[{"embeddable":true,"href":"https:\/\/creadivo.md\/ru\/wp-json\/wp\/v2\/media\/54643"}],"wp:attachment":[{"href":"https:\/\/creadivo.md\/ru\/wp-json\/wp\/v2\/media?parent=54642"}],"wp:term":[{"taxonomy":"product_brand","embeddable":true,"href":"https:\/\/creadivo.md\/ru\/wp-json\/wp\/v2\/product_brand?post=54642"},{"taxonomy":"product_cat","embeddable":true,"href":"https:\/\/creadivo.md\/ru\/wp-json\/wp\/v2\/product_cat?post=54642"},{"taxonomy":"product_tag","embeddable":true,"href":"https:\/\/creadivo.md\/ru\/wp-json\/wp\/v2\/product_tag?post=54642"}],"curies":[{"name":"wp","href":"https:\/\/api.w.org\/{rel}","templated":true}]}}