{"id":54786,"date":"2024-06-11T00:43:33","date_gmt":"2024-06-11T00:43:33","guid":{"rendered":"https:\/\/creadivo.md\/?post_type=product&#038;p=54786"},"modified":"2025-10-06T08:33:30","modified_gmt":"2025-10-06T08:33:30","slug":"cadita-dus-magnum-white-90x90","status":"publish","type":"product","link":"https:\/\/creadivo.md\/ru\/product\/cadita-dus-magnum-white-90x90\/","title":{"rendered":"\u0414\u0423\u0428\u0415\u0412\u041e\u0419 \u041f\u041e\u0414\u0414\u041e\u041d MAGNUM WHITE 90\u00d790"},"content":{"rendered":"<p>V\u0103 prezent\u0103m o c\u0103di\u021b\u0103 de du\u0219 frumoas\u0103 \u0219i extrem de func\u021bional\u0103. Este un produs care v\u0103 va umple perfect spa\u021biul din baie, men\u021bin\u00e2nd \u00een acela\u0219i timp aspectul \u0219i estetica perfect\u0103 a interiorului. Cadita de dus este rezistenta la deteriorari si zgarieturi.<\/p>\n<div style=\"margin: 20px 0;\"><div class=\"qrcswholewtapper\" style=\"text-align:left;\"><div class=\"qrcprowrapper\"  id=\"qrcwraa2leds\"><div class=\"qrc_canvass\" id=\"qrc_cuttenpages_2\" style=\"display:inline-block\" data-text=\"https:\/\/creadivo.md\/ru\/product\/cadita-dus-magnum-white-90x90\/\"><\/div><\/div><\/div><\/div>","protected":false},"excerpt":{"rendered":"<p>V\u0103 prezent\u0103m o c\u0103di\u021b\u0103 de du\u0219 frumoas\u0103 \u0219i extrem de func\u021bional\u0103. Este un produs care v\u0103 va umple perfect spa\u021biul<\/p>","protected":false},"featured_media":54787,"template":"","meta":[],"product_brand":[],"product_cat":[28,1060],"product_tag":[],"class_list":{"0":"post-54786","1":"product","2":"type-product","3":"status-publish","4":"has-post-thumbnail","6":"product_cat-cadita-de-dus","7":"product_cat-cadita-patrata","8":"pa_directia-de-instalare-universal","9":"pa_inaltime-25-mm","10":"pa_informatii-suplimentare-setul-include-un-capac-de-scurgere","12":"first","13":"instock","14":"purchasable","15":"product-type-simple"},"_links":{"self":[{"href":"https:\/\/creadivo.md\/ru\/wp-json\/wp\/v2\/product\/54786","targetHints":{"allow":["GET"]}}],"collection":[{"href":"https:\/\/creadivo.md\/ru\/wp-json\/wp\/v2\/product"}],"about":[{"href":"https:\/\/creadivo.md\/ru\/wp-json\/wp\/v2\/types\/product"}],"version-history":[{"count":0,"href":"https:\/\/creadivo.md\/ru\/wp-json\/wp\/v2\/product\/54786\/revisions"}],"wp:featuredmedia":[{"embeddable":true,"href":"https:\/\/creadivo.md\/ru\/wp-json\/wp\/v2\/media\/54787"}],"wp:attachment":[{"href":"https:\/\/creadivo.md\/ru\/wp-json\/wp\/v2\/media?parent=54786"}],"wp:term":[{"taxonomy":"product_brand","embeddable":true,"href":"https:\/\/creadivo.md\/ru\/wp-json\/wp\/v2\/product_brand?post=54786"},{"taxonomy":"product_cat","embeddable":true,"href":"https:\/\/creadivo.md\/ru\/wp-json\/wp\/v2\/product_cat?post=54786"},{"taxonomy":"product_tag","embeddable":true,"href":"https:\/\/creadivo.md\/ru\/wp-json\/wp\/v2\/product_tag?post=54786"}],"curies":[{"name":"wp","href":"https:\/\/api.w.org\/{rel}","templated":true}]}}