{"id":54856,"date":"2024-06-11T00:46:09","date_gmt":"2024-06-11T00:46:09","guid":{"rendered":"https:\/\/creadivo.md\/?post_type=product&#038;p=54856"},"modified":"2024-12-19T09:35:16","modified_gmt":"2024-12-19T09:35:16","slug":"rigola-dus-neo-ultra-slim-pro-gold-brush-700","status":"publish","type":"product","link":"https:\/\/creadivo.md\/ru\/product\/rigola-dus-neo-ultra-slim-pro-gold-brush-700\/","title":{"rendered":"\u0422\u0420\u0410\u041f \u0414\u041b\u042f \u0414\u0423\u0428\u0410 NEO ULTRA SLIM PRO GOLD BRUSH 700"},"content":{"rendered":"<p>Rigola du\u0219 este realizat din o\u021bel inoxidabil AISI 304 de \u00eenalt\u0103 calitate. Datorit\u0103 unei faze speciale de produc\u021bie, este u\u0219or de p\u0103strat. Sifonul este disponibil \u00een mai multe dimensiuni pentru a se potrivi perfect cabinei de du\u0219 sau u\u0219ii pe care o g\u0103si\u021bi \u00een oferta noastr\u0103.<\/p>\n<div style=\"margin: 20px 0;\"><div class=\"qrcswholewtapper\" style=\"text-align:left;\"><div class=\"qrcprowrapper\"  id=\"qrcwraa2leds\"><div class=\"qrc_canvass\" id=\"qrc_cuttenpages_2\" style=\"display:inline-block\" data-text=\"https:\/\/creadivo.md\/ru\/product\/rigola-dus-neo-ultra-slim-pro-gold-brush-700\/\"><\/div><\/div><\/div><\/div>","protected":false},"excerpt":{"rendered":"<p>Rigola du\u0219 este realizat din o\u021bel inoxidabil AISI 304 de \u00eenalt\u0103 calitate. Datorit\u0103 unei faze speciale de produc\u021bie, este u\u0219or<\/p>","protected":false},"featured_media":54857,"template":"","meta":[],"product_brand":[],"product_cat":[102],"product_tag":[],"class_list":{"0":"post-54856","1":"product","2":"type-product","3":"status-publish","4":"has-post-thumbnail","6":"product_cat-sifoane-si-rigole","7":"pa_canelura-unilateral","8":"pa_capacitate-sifon-045-l-s","9":"pa_grosimea-rigoalului-inferior-12-mm","10":"pa_informatii-suplimentare-are-o-capcana-detasabila-pentru-murdarie","11":"pa_tip-de-sifon-rotativ-360","13":"first","14":"instock","15":"purchasable","16":"product-type-simple"},"_links":{"self":[{"href":"https:\/\/creadivo.md\/ru\/wp-json\/wp\/v2\/product\/54856","targetHints":{"allow":["GET"]}}],"collection":[{"href":"https:\/\/creadivo.md\/ru\/wp-json\/wp\/v2\/product"}],"about":[{"href":"https:\/\/creadivo.md\/ru\/wp-json\/wp\/v2\/types\/product"}],"version-history":[{"count":0,"href":"https:\/\/creadivo.md\/ru\/wp-json\/wp\/v2\/product\/54856\/revisions"}],"wp:featuredmedia":[{"embeddable":true,"href":"https:\/\/creadivo.md\/ru\/wp-json\/wp\/v2\/media\/54857"}],"wp:attachment":[{"href":"https:\/\/creadivo.md\/ru\/wp-json\/wp\/v2\/media?parent=54856"}],"wp:term":[{"taxonomy":"product_brand","embeddable":true,"href":"https:\/\/creadivo.md\/ru\/wp-json\/wp\/v2\/product_brand?post=54856"},{"taxonomy":"product_cat","embeddable":true,"href":"https:\/\/creadivo.md\/ru\/wp-json\/wp\/v2\/product_cat?post=54856"},{"taxonomy":"product_tag","embeddable":true,"href":"https:\/\/creadivo.md\/ru\/wp-json\/wp\/v2\/product_tag?post=54856"}],"curies":[{"name":"wp","href":"https:\/\/api.w.org\/{rel}","templated":true}]}}