{"id":54885,"date":"2024-06-11T00:47:56","date_gmt":"2024-06-11T00:47:56","guid":{"rendered":"https:\/\/creadivo.md\/?post_type=product&#038;p=54885"},"modified":"2026-03-31T00:30:16","modified_gmt":"2026-03-31T00:30:16","slug":"prelungire-coloana-dus-extensiune-chrome-50cm","status":"publish","type":"product","link":"https:\/\/creadivo.md\/ru\/product\/prelungire-coloana-dus-extensiune-chrome-50cm\/","title":{"rendered":"\u0423\u0414\u041b\u0418\u041d\u0418\u0422\u0415\u041b\u042c-\u0410\u0414\u0410\u041f\u0422\u0415\u0420 CHROME 50cm"},"content":{"rendered":"<p>Prelungire coloana du\u0219 v\u0103 permite s\u0103 plasa\u021bi du\u0219ul cu efect de ploaie mai sus dec\u00e2t \u00een setul standard de baie \u0219i du\u0219. Cablul prelungitor este fabricat din material de \u00eenalt\u0103 calitate, rezistent la ap\u0103 \u0219i durabil \u00een utilizare.<\/p>\n<div style=\"margin: 20px 0;\"><div class=\"qrcswholewtapper\" style=\"text-align:left;\"><div class=\"qrcprowrapper\"  id=\"qrcwraa2leds\"><div class=\"qrc_canvass\" id=\"qrc_cuttenpages_2\" style=\"display:inline-block\" data-text=\"https:\/\/creadivo.md\/ru\/product\/prelungire-coloana-dus-extensiune-chrome-50cm\/\"><\/div><\/div><\/div><\/div>","protected":false},"excerpt":{"rendered":"<p>Prelungire coloana du\u0219 v\u0103 permite s\u0103 plasa\u021bi du\u0219ul cu efect de ploaie mai sus dec\u00e2t \u00een setul standard de baie<\/p>","protected":false},"featured_media":54886,"template":"","meta":[],"product_brand":[],"product_cat":[100,2085],"product_tag":[],"class_list":{"0":"post-54885","1":"product","2":"type-product","3":"status-publish","4":"has-post-thumbnail","6":"product_cat-coloane-de-dus","7":"product_cat-sisteme-de-dus","8":"pa_aplicare-cu-seria-lungo-rob-vincent","9":"pa_reglarea-largarii-515-mm","11":"first","12":"instock","13":"purchasable","14":"product-type-simple"},"_links":{"self":[{"href":"https:\/\/creadivo.md\/ru\/wp-json\/wp\/v2\/product\/54885","targetHints":{"allow":["GET"]}}],"collection":[{"href":"https:\/\/creadivo.md\/ru\/wp-json\/wp\/v2\/product"}],"about":[{"href":"https:\/\/creadivo.md\/ru\/wp-json\/wp\/v2\/types\/product"}],"version-history":[{"count":0,"href":"https:\/\/creadivo.md\/ru\/wp-json\/wp\/v2\/product\/54885\/revisions"}],"wp:featuredmedia":[{"embeddable":true,"href":"https:\/\/creadivo.md\/ru\/wp-json\/wp\/v2\/media\/54886"}],"wp:attachment":[{"href":"https:\/\/creadivo.md\/ru\/wp-json\/wp\/v2\/media?parent=54885"}],"wp:term":[{"taxonomy":"product_brand","embeddable":true,"href":"https:\/\/creadivo.md\/ru\/wp-json\/wp\/v2\/product_brand?post=54885"},{"taxonomy":"product_cat","embeddable":true,"href":"https:\/\/creadivo.md\/ru\/wp-json\/wp\/v2\/product_cat?post=54885"},{"taxonomy":"product_tag","embeddable":true,"href":"https:\/\/creadivo.md\/ru\/wp-json\/wp\/v2\/product_tag?post=54885"}],"curies":[{"name":"wp","href":"https:\/\/api.w.org\/{rel}","templated":true}]}}