{"id":54903,"date":"2024-06-11T00:48:22","date_gmt":"2024-06-11T00:48:22","guid":{"rendered":"https:\/\/creadivo.md\/?post_type=product&#038;p=54903"},"modified":"2026-03-27T00:41:37","modified_gmt":"2026-03-27T00:41:37","slug":"prelungire-coloana-dus-gold-brush-50cm","status":"publish","type":"product","link":"https:\/\/creadivo.md\/ru\/product\/prelungire-coloana-dus-gold-brush-50cm\/","title":{"rendered":"\u0423\u0414\u041b\u0418\u041d\u0418\u0422\u0415\u041b\u042c-\u0410\u0414\u0410\u041f\u0422\u0415\u0420 GOLD BRUSH 50cm"},"content":{"rendered":"<p>Adaptorul de extensie v\u0103 permite s\u0103 plasa\u021bi du\u0219ul cu efect de ploaie mai sus dec\u00e2t \u00eentr-un set standard de cad\u0103 \u0219i du\u0219. Extensia este realizat\u0103 din material de \u00eenalt\u0103 calitate, este rezistent\u0103 la ap\u0103 \u0219i durabil\u0103.<\/p>\n<div style=\"margin: 20px 0;\"><div class=\"qrcswholewtapper\" style=\"text-align:left;\"><div class=\"qrcprowrapper\"  id=\"qrcwraa2leds\"><div class=\"qrc_canvass\" id=\"qrc_cuttenpages_2\" style=\"display:inline-block\" data-text=\"https:\/\/creadivo.md\/ru\/product\/prelungire-coloana-dus-gold-brush-50cm\/\"><\/div><\/div><\/div><\/div>","protected":false},"excerpt":{"rendered":"<p>Adaptorul de extensie v\u0103 permite s\u0103 plasa\u021bi du\u0219ul cu efect de ploaie mai sus dec\u00e2t \u00eentr-un set standard de cad\u0103<\/p>","protected":false},"featured_media":54904,"template":"","meta":[],"product_brand":[],"product_cat":[2085,100],"product_tag":[],"class_list":{"0":"post-54903","1":"product","2":"type-product","3":"status-publish","4":"has-post-thumbnail","6":"product_cat-sisteme-de-dus","7":"product_cat-coloane-de-dus","8":"pa_aplicare-cu-seria-lungo-rob-vincent","9":"pa_reglarea-largarii-515-mm","11":"first","12":"instock","13":"purchasable","14":"product-type-simple"},"_links":{"self":[{"href":"https:\/\/creadivo.md\/ru\/wp-json\/wp\/v2\/product\/54903","targetHints":{"allow":["GET"]}}],"collection":[{"href":"https:\/\/creadivo.md\/ru\/wp-json\/wp\/v2\/product"}],"about":[{"href":"https:\/\/creadivo.md\/ru\/wp-json\/wp\/v2\/types\/product"}],"version-history":[{"count":0,"href":"https:\/\/creadivo.md\/ru\/wp-json\/wp\/v2\/product\/54903\/revisions"}],"wp:featuredmedia":[{"embeddable":true,"href":"https:\/\/creadivo.md\/ru\/wp-json\/wp\/v2\/media\/54904"}],"wp:attachment":[{"href":"https:\/\/creadivo.md\/ru\/wp-json\/wp\/v2\/media?parent=54903"}],"wp:term":[{"taxonomy":"product_brand","embeddable":true,"href":"https:\/\/creadivo.md\/ru\/wp-json\/wp\/v2\/product_brand?post=54903"},{"taxonomy":"product_cat","embeddable":true,"href":"https:\/\/creadivo.md\/ru\/wp-json\/wp\/v2\/product_cat?post=54903"},{"taxonomy":"product_tag","embeddable":true,"href":"https:\/\/creadivo.md\/ru\/wp-json\/wp\/v2\/product_tag?post=54903"}],"curies":[{"name":"wp","href":"https:\/\/api.w.org\/{rel}","templated":true}]}}