{"id":54921,"date":"2024-06-11T00:48:47","date_gmt":"2024-06-11T00:48:47","guid":{"rendered":"https:\/\/creadivo.md\/?post_type=product&#038;p=54921"},"modified":"2025-12-05T00:41:07","modified_gmt":"2025-12-05T00:41:07","slug":"rigola-dus-cross-nikiel-brush-150x150","status":"publish","type":"product","link":"https:\/\/creadivo.md\/ru\/product\/rigola-dus-cross-nikiel-brush-150x150\/","title":{"rendered":"\u0422\u0420\u0410\u041f \u0414\u041b\u042f \u0414\u0423\u0428\u0410 CROSS NIKIEL BRUSH 150\u00d7150"},"content":{"rendered":"<p>Sifonul liniar Cross este realizat \u00een \u00eentregime din o\u021bel inoxidabil Aisi 304 de \u00eenalt\u0103 calitate. Picioarele permit reglarea complet\u0103 a \u00een\u0103l\u021bimii scurgerii pentru a se potrivi nevoilor \u0219i posibilit\u0103\u021bilor de instalare. Intervalul minim de reglare este de 64 mm, iar cel maxim este de 84 mm. Un filtru de murd\u0103rie deta\u0219abil \u0219i accesul u\u0219or la sifon faciliteaz\u0103 cur\u0103\u021barea scurgerii.<\/p>\n<div style=\"margin: 20px 0;\"><div class=\"qrcswholewtapper\" style=\"text-align:left;\"><div class=\"qrcprowrapper\"  id=\"qrcwraa2leds\"><div class=\"qrc_canvass\" id=\"qrc_cuttenpages_2\" style=\"display:inline-block\" data-text=\"https:\/\/creadivo.md\/ru\/product\/rigola-dus-cross-nikiel-brush-150x150\/\"><\/div><\/div><\/div><\/div>","protected":false},"excerpt":{"rendered":"<p>Sifonul liniar Cross este realizat \u00een \u00eentregime din o\u021bel inoxidabil Aisi 304 de \u00eenalt\u0103 calitate. Picioarele permit reglarea complet\u0103 a<\/p>","protected":false},"featured_media":54922,"template":"","meta":[],"product_brand":[],"product_cat":[102],"product_tag":[],"class_list":{"0":"post-54921","1":"product","2":"type-product","3":"status-publish","4":"has-post-thumbnail","6":"product_cat-sifoane-si-rigole","7":"pa_canelura-unilateral","8":"pa_capacitate-sifon-045-l-s","9":"pa_informatii-suplimentare-are-o-capcana-detasabila-pentru-murdarie","10":"pa_tip-de-sifon-constant","12":"first","13":"outofstock","14":"purchasable","15":"product-type-simple"},"_links":{"self":[{"href":"https:\/\/creadivo.md\/ru\/wp-json\/wp\/v2\/product\/54921","targetHints":{"allow":["GET"]}}],"collection":[{"href":"https:\/\/creadivo.md\/ru\/wp-json\/wp\/v2\/product"}],"about":[{"href":"https:\/\/creadivo.md\/ru\/wp-json\/wp\/v2\/types\/product"}],"version-history":[{"count":0,"href":"https:\/\/creadivo.md\/ru\/wp-json\/wp\/v2\/product\/54921\/revisions"}],"wp:featuredmedia":[{"embeddable":true,"href":"https:\/\/creadivo.md\/ru\/wp-json\/wp\/v2\/media\/54922"}],"wp:attachment":[{"href":"https:\/\/creadivo.md\/ru\/wp-json\/wp\/v2\/media?parent=54921"}],"wp:term":[{"taxonomy":"product_brand","embeddable":true,"href":"https:\/\/creadivo.md\/ru\/wp-json\/wp\/v2\/product_brand?post=54921"},{"taxonomy":"product_cat","embeddable":true,"href":"https:\/\/creadivo.md\/ru\/wp-json\/wp\/v2\/product_cat?post=54921"},{"taxonomy":"product_tag","embeddable":true,"href":"https:\/\/creadivo.md\/ru\/wp-json\/wp\/v2\/product_tag?post=54921"}],"curies":[{"name":"wp","href":"https:\/\/api.w.org\/{rel}","templated":true}]}}