{"id":55043,"date":"2024-06-11T00:52:47","date_gmt":"2024-06-11T00:52:47","guid":{"rendered":"https:\/\/creadivo.md\/?post_type=product&#038;p=55043"},"modified":"2026-04-10T00:21:45","modified_gmt":"2026-04-10T00:21:45","slug":"coloana-de-dus-storm-gold-2","status":"publish","type":"product","link":"https:\/\/creadivo.md\/ru\/product\/coloana-de-dus-storm-gold-2\/","title":{"rendered":"\u0414\u0423\u0428\u0415\u0412\u0410\u042f \u0421\u0422\u041e\u0419\u041a\u0410 STORM GOLD"},"content":{"rendered":"<p>V\u0103 prezent\u0103m un set de du\u0219 de suprafa\u021b\u0103 din seria Storm cu termostat \u0219i gura de scurgere. Acesta este un set conceput pentru confort \u0219i func\u021bionalitate. Forma la mod\u0103 a elementelor de du\u0219 a fost acoperit\u0103 cu un strat de 4 ori de calitate superioar\u0103. Datorit\u0103 acestei tehnici, bateria este protejat\u0103 \u00eempotriva coroziunii \u0219i a decolor\u0103rii. Setul este perfect pentru persoanele care caut\u0103 solu\u021bii unice \u0219i doresc s\u0103 creeze o baie original\u0103 \u0219i unic\u0103 de vis.<\/p>\n<div style=\"margin: 20px 0;\"><div class=\"qrcswholewtapper\" style=\"text-align:left;\"><div class=\"qrcprowrapper\"  id=\"qrcwraa2leds\"><div class=\"qrc_canvass\" id=\"qrc_cuttenpages_2\" style=\"display:inline-block\" data-text=\"https:\/\/creadivo.md\/ru\/product\/coloana-de-dus-storm-gold-2\/\"><\/div><\/div><\/div><\/div>","protected":false},"excerpt":{"rendered":"<p>V\u0103 prezent\u0103m un set de du\u0219 de suprafa\u021b\u0103 din seria Storm cu termostat \u0219i gura de scurgere. Acesta este un<\/p>","protected":false},"featured_media":55044,"template":"","meta":[],"product_brand":[],"product_cat":[2085,100],"product_tag":[],"class_list":{"0":"post-55043","1":"product","2":"type-product","3":"status-publish","4":"has-post-thumbnail","6":"product_cat-sisteme-de-dus","7":"product_cat-coloane-de-dus","8":"pa_cap-ceramica-cu-mixer","9":"pa_conexiune-1-2-inch","10":"pa_inaltime-1360-mm","11":"pa_informatii-suplimentare-sistem-anti-calc-rotula-permite-orice-pozitionare-a-dusului-de-ploaie","12":"pa_instalare-montat-la-suprafata","14":"first","15":"instock","16":"purchasable","17":"product-type-simple"},"_links":{"self":[{"href":"https:\/\/creadivo.md\/ru\/wp-json\/wp\/v2\/product\/55043","targetHints":{"allow":["GET"]}}],"collection":[{"href":"https:\/\/creadivo.md\/ru\/wp-json\/wp\/v2\/product"}],"about":[{"href":"https:\/\/creadivo.md\/ru\/wp-json\/wp\/v2\/types\/product"}],"version-history":[{"count":0,"href":"https:\/\/creadivo.md\/ru\/wp-json\/wp\/v2\/product\/55043\/revisions"}],"wp:featuredmedia":[{"embeddable":true,"href":"https:\/\/creadivo.md\/ru\/wp-json\/wp\/v2\/media\/55044"}],"wp:attachment":[{"href":"https:\/\/creadivo.md\/ru\/wp-json\/wp\/v2\/media?parent=55043"}],"wp:term":[{"taxonomy":"product_brand","embeddable":true,"href":"https:\/\/creadivo.md\/ru\/wp-json\/wp\/v2\/product_brand?post=55043"},{"taxonomy":"product_cat","embeddable":true,"href":"https:\/\/creadivo.md\/ru\/wp-json\/wp\/v2\/product_cat?post=55043"},{"taxonomy":"product_tag","embeddable":true,"href":"https:\/\/creadivo.md\/ru\/wp-json\/wp\/v2\/product_tag?post=55043"}],"curies":[{"name":"wp","href":"https:\/\/api.w.org\/{rel}","templated":true}]}}