{"id":55147,"date":"2024-06-11T00:54:34","date_gmt":"2024-06-11T00:54:34","guid":{"rendered":"https:\/\/creadivo.md\/?post_type=product&#038;p=55147"},"modified":"2026-04-03T00:21:48","modified_gmt":"2026-04-03T00:21:48","slug":"baterie-pentru-cada-argus-black-mat","status":"publish","type":"product","link":"https:\/\/creadivo.md\/ru\/product\/baterie-pentru-cada-argus-black-mat\/","title":{"rendered":"\u0421\u041c\u0415\u0421\u0418\u0422\u0415\u041b\u042c \u0414\u041b\u042f \u0412\u0410\u041d\u041d\u042b ARGUS BLACK MAT"},"content":{"rendered":"<p>Baterie pentru cada realizata din materiale de cea mai inalta calitate intr-o forma clasica. Se potrive\u0219te perfect at\u00e2t \u00een amenaj\u0103rile de baie moderne, c\u00e2t \u0219i \u00een cele clasice. Bateria \u00ee\u0219i datoreaz\u0103 durabilitatea tehnologiei inovatoare de galvanizare. Acest tratament face stratul neted, rezistent la coroziune \u0219i utilizare pe termen lung. Robinetul cap\u0103t\u0103 un aspect unic \u0219i durabilitate.<\/p>\n<div style=\"margin: 20px 0;\"><div class=\"qrcswholewtapper\" style=\"text-align:left;\"><div class=\"qrcprowrapper\"  id=\"qrcwraa2leds\"><div class=\"qrc_canvass\" id=\"qrc_cuttenpages_2\" style=\"display:inline-block\" data-text=\"https:\/\/creadivo.md\/ru\/product\/baterie-pentru-cada-argus-black-mat\/\"><\/div><\/div><\/div><\/div>","protected":false},"excerpt":{"rendered":"<p>Baterie pentru cada realizata din materiale de cea mai inalta calitate intr-o forma clasica. Se potrive\u0219te perfect at\u00e2t \u00een amenaj\u0103rile<\/p>","protected":false},"featured_media":55148,"template":"","meta":[],"product_brand":[],"product_cat":[29,290],"product_tag":[],"class_list":{"0":"post-55147","1":"product","2":"type-product","3":"status-publish","4":"has-post-thumbnail","6":"product_cat-baterii-sanitare","7":"product_cat-pentru-cada","8":"pa_cap-ceramica-cu-mixer","9":"pa_conexiune-1-2-inch","10":"pa_informatii-suplimentare-comutator-cu-2-functii-aerator-de-aerare","11":"pa_instalare-pe-un-perete","13":"first","14":"outofstock","15":"purchasable","16":"product-type-simple"},"_links":{"self":[{"href":"https:\/\/creadivo.md\/ru\/wp-json\/wp\/v2\/product\/55147","targetHints":{"allow":["GET"]}}],"collection":[{"href":"https:\/\/creadivo.md\/ru\/wp-json\/wp\/v2\/product"}],"about":[{"href":"https:\/\/creadivo.md\/ru\/wp-json\/wp\/v2\/types\/product"}],"version-history":[{"count":1,"href":"https:\/\/creadivo.md\/ru\/wp-json\/wp\/v2\/product\/55147\/revisions"}],"predecessor-version":[{"id":62322,"href":"https:\/\/creadivo.md\/ru\/wp-json\/wp\/v2\/product\/55147\/revisions\/62322"}],"wp:featuredmedia":[{"embeddable":true,"href":"https:\/\/creadivo.md\/ru\/wp-json\/wp\/v2\/media\/55148"}],"wp:attachment":[{"href":"https:\/\/creadivo.md\/ru\/wp-json\/wp\/v2\/media?parent=55147"}],"wp:term":[{"taxonomy":"product_brand","embeddable":true,"href":"https:\/\/creadivo.md\/ru\/wp-json\/wp\/v2\/product_brand?post=55147"},{"taxonomy":"product_cat","embeddable":true,"href":"https:\/\/creadivo.md\/ru\/wp-json\/wp\/v2\/product_cat?post=55147"},{"taxonomy":"product_tag","embeddable":true,"href":"https:\/\/creadivo.md\/ru\/wp-json\/wp\/v2\/product_tag?post=55147"}],"curies":[{"name":"wp","href":"https:\/\/api.w.org\/{rel}","templated":true}]}}