{"id":55223,"date":"2024-06-11T00:56:15","date_gmt":"2024-06-11T00:56:15","guid":{"rendered":"https:\/\/creadivo.md\/?post_type=product&#038;p=55223"},"modified":"2026-03-27T00:41:57","modified_gmt":"2026-03-27T00:41:57","slug":"set-dus-my2021-77gg-argus-gold-perie","status":"publish","type":"product","link":"https:\/\/creadivo.md\/ru\/product\/set-dus-my2021-77gg-argus-gold-perie\/","title":{"rendered":"\u0414\u0423\u0428\u0415\u0412\u0410\u042f \u0421\u0422\u041e\u0419\u041a\u0410 ARGUS GOLD BRUSH"},"content":{"rendered":"<p>Coloana de du\u0219 a fost proiectat\u0103 pentru confort \u0219i func\u021bionalitate. Bra\u021bul coloanei de du\u0219 are o reglare lin\u0103 a \u00een\u0103l\u021bimii, datorit\u0103 c\u0103ruia putem regla cu u\u0219urin\u021b\u0103 \u00een\u0103l\u021bimea du\u0219ului cu efect de ploaie la propriile nevoi. Designul modern \u0219i unic \u0219i calitatea \u00eenalt\u0103 a materialelor utilizate asigur\u0103 durabilitate \u0219i fiabilitate timp de mul\u021bi ani.<\/p>\n<div style=\"margin: 20px 0;\"><div class=\"qrcswholewtapper\" style=\"text-align:left;\"><div class=\"qrcprowrapper\"  id=\"qrcwraa2leds\"><div class=\"qrc_canvass\" id=\"qrc_cuttenpages_2\" style=\"display:inline-block\" data-text=\"https:\/\/creadivo.md\/ru\/product\/set-dus-my2021-77gg-argus-gold-perie\/\"><\/div><\/div><\/div><\/div>","protected":false},"excerpt":{"rendered":"<p>Coloana de du\u0219 a fost proiectat\u0103 pentru confort \u0219i func\u021bionalitate. Bra\u021bul coloanei de du\u0219 are o reglare lin\u0103 a \u00een\u0103l\u021bimii,<\/p>","protected":false},"featured_media":55224,"template":"","meta":[],"product_brand":[],"product_cat":[2085,29,100],"product_tag":[],"class_list":{"0":"post-55223","1":"product","2":"type-product","3":"status-publish","4":"has-post-thumbnail","6":"product_cat-sisteme-de-dus","7":"product_cat-baterii-sanitare","8":"product_cat-coloane-de-dus","9":"pa_cap-ceramica-cu-mixer","10":"pa_conexiune-1-2-inch","11":"pa_inaltime-1440-mm","12":"pa_informatii-suplimentare-sistem-anti-calc-rotula-permite-orice-pozitionare-a-dusului-de-ploaie","13":"pa_instalare-montat-la-suprafata","15":"first","16":"instock","17":"purchasable","18":"product-type-simple"},"_links":{"self":[{"href":"https:\/\/creadivo.md\/ru\/wp-json\/wp\/v2\/product\/55223","targetHints":{"allow":["GET"]}}],"collection":[{"href":"https:\/\/creadivo.md\/ru\/wp-json\/wp\/v2\/product"}],"about":[{"href":"https:\/\/creadivo.md\/ru\/wp-json\/wp\/v2\/types\/product"}],"version-history":[{"count":1,"href":"https:\/\/creadivo.md\/ru\/wp-json\/wp\/v2\/product\/55223\/revisions"}],"predecessor-version":[{"id":62700,"href":"https:\/\/creadivo.md\/ru\/wp-json\/wp\/v2\/product\/55223\/revisions\/62700"}],"wp:featuredmedia":[{"embeddable":true,"href":"https:\/\/creadivo.md\/ru\/wp-json\/wp\/v2\/media\/55224"}],"wp:attachment":[{"href":"https:\/\/creadivo.md\/ru\/wp-json\/wp\/v2\/media?parent=55223"}],"wp:term":[{"taxonomy":"product_brand","embeddable":true,"href":"https:\/\/creadivo.md\/ru\/wp-json\/wp\/v2\/product_brand?post=55223"},{"taxonomy":"product_cat","embeddable":true,"href":"https:\/\/creadivo.md\/ru\/wp-json\/wp\/v2\/product_cat?post=55223"},{"taxonomy":"product_tag","embeddable":true,"href":"https:\/\/creadivo.md\/ru\/wp-json\/wp\/v2\/product_tag?post=55223"}],"curies":[{"name":"wp","href":"https:\/\/api.w.org\/{rel}","templated":true}]}}