{"id":55355,"date":"2024-06-11T00:59:13","date_gmt":"2024-06-11T00:59:13","guid":{"rendered":"https:\/\/creadivo.md\/?post_type=product&#038;p=55355"},"modified":"2026-03-27T00:50:06","modified_gmt":"2026-03-27T00:50:06","slug":"lavoar-pe-blat-cleo-aiax-shiny","status":"publish","type":"product","link":"https:\/\/creadivo.md\/ru\/product\/lavoar-pe-blat-cleo-aiax-shiny\/","title":{"rendered":"\u0423\u041c\u042b\u0412\u0410\u041b\u042c\u041d\u0418\u041a CLEO AIAX SHINY"},"content":{"rendered":"<p>V\u0103 prezent\u0103m un lavoar modern, unic, cu model de piatr\u0103 \u0219i o form\u0103 neobi\u0219nuit\u0103. Lavoarul Cleo va adauga eleganta amenajarii baii si poate deveni o solutie unica pentru a rupe plictiseala sau un plus subtil. Dac\u0103 ne concentr\u0103m pe str\u0103lucirea acestei culori nobile, efectul final va deveni cu siguran\u021b\u0103 u\u0219or \u0219i original.<\/p>\n<p>Lavoarul este conceput pentru a fi montat pe blat sau dulap. Este realizat din ceramic\u0103 sanitar\u0103 de \u00eenalt\u0103 calitate. Datorit\u0103 unei faze speciale de produc\u021bie, este durabil \u0219i u\u0219or de p\u0103strat curat.<\/p>\n<div style=\"margin: 20px 0;\"><div class=\"qrcswholewtapper\" style=\"text-align:left;\"><div class=\"qrcprowrapper\"  id=\"qrcwraa2leds\"><div class=\"qrc_canvass\" id=\"qrc_cuttenpages_2\" style=\"display:inline-block\" data-text=\"https:\/\/creadivo.md\/ru\/product\/lavoar-pe-blat-cleo-aiax-shiny\/\"><\/div><\/div><\/div><\/div>","protected":false},"excerpt":{"rendered":"<p>V\u0103 prezent\u0103m un lavoar modern, unic, cu model de piatr\u0103 \u0219i o form\u0103 neobi\u0219nuit\u0103. Lavoarul Cleo va adauga eleganta amenajarii<\/p>","protected":false},"featured_media":55356,"template":"","meta":[],"product_brand":[],"product_cat":[21,286],"product_tag":[],"class_list":{"0":"post-55355","1":"product","2":"type-product","3":"status-publish","4":"has-post-thumbnail","6":"product_cat-lavoare","7":"product_cat-lavoar-pe-blat","8":"pa_gaura-baterie-nu","9":"pa_gaura-de-deversare-nu","10":"pa_marimea-605x410x135mm","12":"first","13":"instock","14":"purchasable","15":"product-type-simple"},"_links":{"self":[{"href":"https:\/\/creadivo.md\/ru\/wp-json\/wp\/v2\/product\/55355","targetHints":{"allow":["GET"]}}],"collection":[{"href":"https:\/\/creadivo.md\/ru\/wp-json\/wp\/v2\/product"}],"about":[{"href":"https:\/\/creadivo.md\/ru\/wp-json\/wp\/v2\/types\/product"}],"version-history":[{"count":1,"href":"https:\/\/creadivo.md\/ru\/wp-json\/wp\/v2\/product\/55355\/revisions"}],"predecessor-version":[{"id":62390,"href":"https:\/\/creadivo.md\/ru\/wp-json\/wp\/v2\/product\/55355\/revisions\/62390"}],"wp:featuredmedia":[{"embeddable":true,"href":"https:\/\/creadivo.md\/ru\/wp-json\/wp\/v2\/media\/55356"}],"wp:attachment":[{"href":"https:\/\/creadivo.md\/ru\/wp-json\/wp\/v2\/media?parent=55355"}],"wp:term":[{"taxonomy":"product_brand","embeddable":true,"href":"https:\/\/creadivo.md\/ru\/wp-json\/wp\/v2\/product_brand?post=55355"},{"taxonomy":"product_cat","embeddable":true,"href":"https:\/\/creadivo.md\/ru\/wp-json\/wp\/v2\/product_cat?post=55355"},{"taxonomy":"product_tag","embeddable":true,"href":"https:\/\/creadivo.md\/ru\/wp-json\/wp\/v2\/product_tag?post=55355"}],"curies":[{"name":"wp","href":"https:\/\/api.w.org\/{rel}","templated":true}]}}