{"id":55368,"date":"2024-06-11T00:59:36","date_gmt":"2024-06-11T00:59:36","guid":{"rendered":"https:\/\/creadivo.md\/?post_type=product&#038;p=55368"},"modified":"2026-03-27T00:50:07","modified_gmt":"2026-03-27T00:50:07","slug":"lavoar-pe-blat-nadia-beige-matt","status":"publish","type":"product","link":"https:\/\/creadivo.md\/ru\/product\/lavoar-pe-blat-nadia-beige-matt\/","title":{"rendered":"\u0423\u041c\u042b\u0412\u0410\u041b\u042c\u041d\u0418\u041a NADIA BEIGE MATT"},"content":{"rendered":"<p>V\u0103 prezent\u0103m o chiuvet\u0103 de blat care va oferi b\u0103ii dumneavoastr\u0103 un aspect modern \u0219i func\u021bionalitate ridicat\u0103. Lavoarul este realizat din ceramic\u0103 sanitar\u0103 de \u00eenalt\u0103 calitate. Datorit\u0103 unei faze speciale de produc\u021bie, este durabil \u0219i u\u0219or de p\u0103strat curat.<\/p>\n<p>Nadia este o lavoar care se monteaza direct pe blat, astfel incat iti poti amenaja baia economisind in acelasi timp mult spatiu.<\/p>\n<div style=\"margin: 20px 0;\"><div class=\"qrcswholewtapper\" style=\"text-align:left;\"><div class=\"qrcprowrapper\"  id=\"qrcwraa2leds\"><div class=\"qrc_canvass\" id=\"qrc_cuttenpages_2\" style=\"display:inline-block\" data-text=\"https:\/\/creadivo.md\/ru\/product\/lavoar-pe-blat-nadia-beige-matt\/\"><\/div><\/div><\/div><\/div>","protected":false},"excerpt":{"rendered":"<p>V\u0103 prezent\u0103m o chiuvet\u0103 de blat care va oferi b\u0103ii dumneavoastr\u0103 un aspect modern \u0219i func\u021bionalitate ridicat\u0103. Lavoarul este realizat<\/p>","protected":false},"featured_media":55369,"template":"","meta":[],"product_brand":[],"product_cat":[21,286],"product_tag":[],"class_list":{"0":"post-55368","1":"product","2":"type-product","3":"status-publish","4":"has-post-thumbnail","6":"product_cat-lavoare","7":"product_cat-lavoar-pe-blat","8":"pa_gaura-baterie-nu","9":"pa_gaura-de-deversare-nu","10":"pa_marimea-610x385x120-mm","12":"first","13":"instock","14":"purchasable","15":"product-type-simple"},"_links":{"self":[{"href":"https:\/\/creadivo.md\/ru\/wp-json\/wp\/v2\/product\/55368","targetHints":{"allow":["GET"]}}],"collection":[{"href":"https:\/\/creadivo.md\/ru\/wp-json\/wp\/v2\/product"}],"about":[{"href":"https:\/\/creadivo.md\/ru\/wp-json\/wp\/v2\/types\/product"}],"version-history":[{"count":0,"href":"https:\/\/creadivo.md\/ru\/wp-json\/wp\/v2\/product\/55368\/revisions"}],"wp:featuredmedia":[{"embeddable":true,"href":"https:\/\/creadivo.md\/ru\/wp-json\/wp\/v2\/media\/55369"}],"wp:attachment":[{"href":"https:\/\/creadivo.md\/ru\/wp-json\/wp\/v2\/media?parent=55368"}],"wp:term":[{"taxonomy":"product_brand","embeddable":true,"href":"https:\/\/creadivo.md\/ru\/wp-json\/wp\/v2\/product_brand?post=55368"},{"taxonomy":"product_cat","embeddable":true,"href":"https:\/\/creadivo.md\/ru\/wp-json\/wp\/v2\/product_cat?post=55368"},{"taxonomy":"product_tag","embeddable":true,"href":"https:\/\/creadivo.md\/ru\/wp-json\/wp\/v2\/product_tag?post=55368"}],"curies":[{"name":"wp","href":"https:\/\/api.w.org\/{rel}","templated":true}]}}