{"id":55391,"date":"2024-06-11T01:00:04","date_gmt":"2024-06-11T01:00:04","guid":{"rendered":"https:\/\/creadivo.md\/?post_type=product&#038;p=55391"},"modified":"2026-04-11T00:21:53","modified_gmt":"2026-04-11T00:21:53","slug":"baterie-lavoar-lugano-gold-brush-high","status":"publish","type":"product","link":"https:\/\/creadivo.md\/ru\/product\/baterie-lavoar-lugano-gold-brush-high\/","title":{"rendered":"\u0421\u041c\u0415\u0421\u0418\u0422\u0415\u041b\u042c \u0414\u041b\u042f \u0423\u041c\u042b\u0412\u0410\u041b\u042c\u041d\u0418\u041a\u0410 LUGANO GOLD BRUSH HIGH"},"content":{"rendered":"<p>O baterie realizat\u0103 av\u00e2nd \u00een vedere func\u021bionalitatea \u0219i aspectul. Acesta este un produs care va umple perfect spa\u021biul dumneavoastr\u0103 de baie, p\u0103str\u00e2nd aspectul perfect \u0219i estetica interiorului. Robinetul este conceput pentru a fi montat pe lavoar sau blat. Datorit\u0103 unei faze speciale de produc\u021bie, este durabil \u0219i u\u0219or de p\u0103strat curat.<\/p>\n<p>Baterie modern\u0103 Lugano \u00een cel mai la mod\u0103 tip Slim, echipat cu o pip\u0103 pivotant\u0103 la 360 de grade. Un corp sub\u021bire \u0219i o duz\u0103 lung\u0103 pivotant\u0103 garanteaz\u0103 confort \u0219i un aspect uimitor.<\/p>\n<p>Datorit\u0103 metodei avansate tehnologic de aplicare a stratului, ob\u021binem o suprafa\u021b\u0103 de 15 ori mai rezistent\u0103 dec\u00e2t galvanizarea clasic\u0103. Acest lucru garanteaz\u0103 o rezisten\u021b\u0103 ridicat\u0103 la deteriorarea mecanic\u0103, coroziune \u0219i la tot felul de factori care afecteaz\u0103 eroziunea lent\u0103 a suprafe\u021bei produsului.<\/p>\n<div style=\"margin: 20px 0;\"><div class=\"qrcswholewtapper\" style=\"text-align:left;\"><div class=\"qrcprowrapper\"  id=\"qrcwraa2leds\"><div class=\"qrc_canvass\" id=\"qrc_cuttenpages_2\" style=\"display:inline-block\" data-text=\"https:\/\/creadivo.md\/ru\/product\/baterie-lavoar-lugano-gold-brush-high\/\"><\/div><\/div><\/div><\/div>","protected":false},"excerpt":{"rendered":"<p>O baterie realizat\u0103 av\u00e2nd \u00een vedere func\u021bionalitatea \u0219i aspectul. Acesta este un produs care va umple perfect spa\u021biul dumneavoastr\u0103 de<\/p>","protected":false},"featured_media":63106,"template":"","meta":[],"product_brand":[],"product_cat":[29,289],"product_tag":[],"class_list":{"0":"post-55391","1":"product","2":"type-product","3":"status-publish","4":"has-post-thumbnail","6":"product_cat-baterii-sanitare","7":"product_cat-pentru-lavoar","8":"pa_cap-ceramica-cu-mixer","9":"pa_conexiune-3-8-inch","10":"pa_inaltime-340-mm","11":"pa_informatii-suplimentare-duza-mobila-aerator-de-aerare","12":"pa_instalare-pentru-lavoar-sau-blat","14":"first","15":"instock","16":"purchasable","17":"product-type-simple"},"_links":{"self":[{"href":"https:\/\/creadivo.md\/ru\/wp-json\/wp\/v2\/product\/55391","targetHints":{"allow":["GET"]}}],"collection":[{"href":"https:\/\/creadivo.md\/ru\/wp-json\/wp\/v2\/product"}],"about":[{"href":"https:\/\/creadivo.md\/ru\/wp-json\/wp\/v2\/types\/product"}],"version-history":[{"count":0,"href":"https:\/\/creadivo.md\/ru\/wp-json\/wp\/v2\/product\/55391\/revisions"}],"wp:featuredmedia":[{"embeddable":true,"href":"https:\/\/creadivo.md\/ru\/wp-json\/wp\/v2\/media\/63106"}],"wp:attachment":[{"href":"https:\/\/creadivo.md\/ru\/wp-json\/wp\/v2\/media?parent=55391"}],"wp:term":[{"taxonomy":"product_brand","embeddable":true,"href":"https:\/\/creadivo.md\/ru\/wp-json\/wp\/v2\/product_brand?post=55391"},{"taxonomy":"product_cat","embeddable":true,"href":"https:\/\/creadivo.md\/ru\/wp-json\/wp\/v2\/product_cat?post=55391"},{"taxonomy":"product_tag","embeddable":true,"href":"https:\/\/creadivo.md\/ru\/wp-json\/wp\/v2\/product_tag?post=55391"}],"curies":[{"name":"wp","href":"https:\/\/api.w.org\/{rel}","templated":true}]}}