{"id":55546,"date":"2024-06-11T01:02:52","date_gmt":"2024-06-11T01:02:52","guid":{"rendered":"https:\/\/creadivo.md\/?post_type=product&#038;p=55546"},"modified":"2026-03-27T00:50:15","modified_gmt":"2026-03-27T00:50:15","slug":"bateria-lavoar-foss-black-high","status":"publish","type":"product","link":"https:\/\/creadivo.md\/ru\/product\/bateria-lavoar-foss-black-high\/","title":{"rendered":"\u0421\u041c\u0415\u0421\u0418\u0422\u0415\u041b\u042c \u0414\u041b\u042f \u0423\u041c\u042b\u0412\u0410\u041b\u042c\u041d\u0418\u041a\u0410 FOSS BLACK HIGH"},"content":{"rendered":"<p>Bateria lavoar \u00eenalt negru Foss Black arat\u0103 grozav \u00een interioare decorate at\u00e2t \u00een stil clasic, c\u00e2t \u0219i \u00een stil modern. Modelul se distinge prin designul s\u0103u atractiv \u0219i u\u0219urin\u021ba \u00een utilizare.<\/p>\n<p>Tehnologia de galvanizare &#8211; Acoperirea mat\u0103 \u00ee\u0219i datoreaz\u0103 aspectul \u0219i finisajul perfect tehnologiei inovatoare de galvanizare. Acesta este un proces de aplicare a vopselei \u00een procesul de galvanizare, nu de vopsire, a\u0219a cum este cel mai frecvent. Acest lucru \u00eel face mai durabil \u0219i arat\u0103 impresionant.<\/p>\n<div style=\"margin: 20px 0;\"><div class=\"qrcswholewtapper\" style=\"text-align:left;\"><div class=\"qrcprowrapper\"  id=\"qrcwraa2leds\"><div class=\"qrc_canvass\" id=\"qrc_cuttenpages_2\" style=\"display:inline-block\" data-text=\"https:\/\/creadivo.md\/ru\/product\/bateria-lavoar-foss-black-high\/\"><\/div><\/div><\/div><\/div>","protected":false},"excerpt":{"rendered":"<p>Bateria lavoar \u00eenalt negru Foss Black arat\u0103 grozav \u00een interioare decorate at\u00e2t \u00een stil clasic, c\u00e2t \u0219i \u00een stil modern.<\/p>","protected":false},"featured_media":55547,"template":"","meta":[],"product_brand":[],"product_cat":[29,289],"product_tag":[],"class_list":{"0":"post-55546","1":"product","2":"type-product","3":"status-publish","4":"has-post-thumbnail","6":"product_cat-baterii-sanitare","7":"product_cat-pentru-lavoar","8":"pa_cap-ceramica-cu-mixer","9":"pa_conexiune-3-8-inch","10":"pa_inaltime-295-mm","11":"pa_informatii-suplimentare-duza-fixa-aerator-de-aerare","12":"pa_instalare-pentru-lavoar-sau-blat","14":"first","15":"instock","16":"purchasable","17":"product-type-simple"},"_links":{"self":[{"href":"https:\/\/creadivo.md\/ru\/wp-json\/wp\/v2\/product\/55546","targetHints":{"allow":["GET"]}}],"collection":[{"href":"https:\/\/creadivo.md\/ru\/wp-json\/wp\/v2\/product"}],"about":[{"href":"https:\/\/creadivo.md\/ru\/wp-json\/wp\/v2\/types\/product"}],"version-history":[{"count":0,"href":"https:\/\/creadivo.md\/ru\/wp-json\/wp\/v2\/product\/55546\/revisions"}],"wp:featuredmedia":[{"embeddable":true,"href":"https:\/\/creadivo.md\/ru\/wp-json\/wp\/v2\/media\/55547"}],"wp:attachment":[{"href":"https:\/\/creadivo.md\/ru\/wp-json\/wp\/v2\/media?parent=55546"}],"wp:term":[{"taxonomy":"product_brand","embeddable":true,"href":"https:\/\/creadivo.md\/ru\/wp-json\/wp\/v2\/product_brand?post=55546"},{"taxonomy":"product_cat","embeddable":true,"href":"https:\/\/creadivo.md\/ru\/wp-json\/wp\/v2\/product_cat?post=55546"},{"taxonomy":"product_tag","embeddable":true,"href":"https:\/\/creadivo.md\/ru\/wp-json\/wp\/v2\/product_tag?post=55546"}],"curies":[{"name":"wp","href":"https:\/\/api.w.org\/{rel}","templated":true}]}}