{"id":55608,"date":"2024-06-11T01:04:15","date_gmt":"2024-06-11T01:04:15","guid":{"rendered":"https:\/\/creadivo.md\/?post_type=product&#038;p=55608"},"modified":"2026-04-01T00:21:37","modified_gmt":"2026-04-01T00:21:37","slug":"baterie-incastrata-owen-goldbox","status":"publish","type":"product","link":"https:\/\/creadivo.md\/ru\/product\/baterie-incastrata-owen-goldbox\/","title":{"rendered":"\u0421\u041c\u0415\u0421\u0418\u0422\u0415\u041b\u042c \u041d\u0410\u0421\u0422\u0415\u041d\u041d\u042b\u0419 OWEN GOLD+BOX"},"content":{"rendered":"<p>Baterie ascunsa functionala si moderna. Acesta este un produs care v\u0103 va umple perfect spa\u021biul de baie, p\u0103str\u00e2nd \u00een acela\u0219i timp o estetic\u0103 interioar\u0103 excelent\u0103. Robinetul este proiectat pentru montare pe perete. Este realizat din alam\u0103 acoperit\u0103 cu un strat triplu de acoperire. Datorit\u0103 unei faze speciale de produc\u021bie, este durabil \u0219i u\u0219or de p\u0103strat curat.<\/p>\n<p>Sistem de construire a cutiei<\/p>\n<p>V\u0103 prezent\u0103m un sistem inovator Box pentru instalarea unui robinet ascuns. Sistemul asigur\u0103 o instalare convenabil\u0103 \u0219i rapid\u0103. Este realizat din elemente interne din plastic \u0219i alam\u0103, ceea ce garanteaz\u0103 calitate \u0219i fiabilitate \u00eenalt\u0103. Elementul este echipat cu o pies\u0103 de mascare care protejeaz\u0103 elementele interne \u00een timpul asamblarii, \u0219i o nivel\u0103 pentru a facilita asamblarea corect\u0103 \u0219i precis\u0103. Sistemul permite accesul u\u0219or la componentele interne ale bateriei odat\u0103 instalate pentru \u00eentre\u021binere.<\/p>\n<div style=\"margin: 20px 0;\"><div class=\"qrcswholewtapper\" style=\"text-align:left;\"><div class=\"qrcprowrapper\"  id=\"qrcwraa2leds\"><div class=\"qrc_canvass\" id=\"qrc_cuttenpages_2\" style=\"display:inline-block\" data-text=\"https:\/\/creadivo.md\/ru\/product\/baterie-incastrata-owen-goldbox\/\"><\/div><\/div><\/div><\/div>","protected":false},"excerpt":{"rendered":"<p>Baterie ascunsa functionala si moderna. Acesta este un produs care v\u0103 va umple perfect spa\u021biul de baie, p\u0103str\u00e2nd \u00een acela\u0219i<\/p>","protected":false},"featured_media":55609,"template":"","meta":[],"product_brand":[],"product_cat":[29,289,290],"product_tag":[],"class_list":{"0":"post-55608","1":"product","2":"type-product","3":"status-publish","4":"has-post-thumbnail","6":"product_cat-baterii-sanitare","7":"product_cat-pentru-lavoar","8":"product_cat-pentru-cada","9":"pa_cap-ceramica-cu-mixer","10":"pa_conexiune-1-2-inch","11":"pa_informatii-suplimentare-duza-fixa-aerator-de-aerare","12":"pa_instalare-pe-un-perete","14":"first","15":"instock","16":"purchasable","17":"product-type-simple"},"_links":{"self":[{"href":"https:\/\/creadivo.md\/ru\/wp-json\/wp\/v2\/product\/55608","targetHints":{"allow":["GET"]}}],"collection":[{"href":"https:\/\/creadivo.md\/ru\/wp-json\/wp\/v2\/product"}],"about":[{"href":"https:\/\/creadivo.md\/ru\/wp-json\/wp\/v2\/types\/product"}],"version-history":[{"count":0,"href":"https:\/\/creadivo.md\/ru\/wp-json\/wp\/v2\/product\/55608\/revisions"}],"wp:featuredmedia":[{"embeddable":true,"href":"https:\/\/creadivo.md\/ru\/wp-json\/wp\/v2\/media\/55609"}],"wp:attachment":[{"href":"https:\/\/creadivo.md\/ru\/wp-json\/wp\/v2\/media?parent=55608"}],"wp:term":[{"taxonomy":"product_brand","embeddable":true,"href":"https:\/\/creadivo.md\/ru\/wp-json\/wp\/v2\/product_brand?post=55608"},{"taxonomy":"product_cat","embeddable":true,"href":"https:\/\/creadivo.md\/ru\/wp-json\/wp\/v2\/product_cat?post=55608"},{"taxonomy":"product_tag","embeddable":true,"href":"https:\/\/creadivo.md\/ru\/wp-json\/wp\/v2\/product_tag?post=55608"}],"curies":[{"name":"wp","href":"https:\/\/api.w.org\/{rel}","templated":true}]}}