{"id":55633,"date":"2024-06-11T01:05:06","date_gmt":"2024-06-11T01:05:06","guid":{"rendered":"https:\/\/creadivo.md\/?post_type=product&#038;p=55633"},"modified":"2026-03-27T00:50:22","modified_gmt":"2026-03-27T00:50:22","slug":"baterie-lavoar-pixel-gold-high","status":"publish","type":"product","link":"https:\/\/creadivo.md\/ru\/product\/baterie-lavoar-pixel-gold-high\/","title":{"rendered":"\u0421\u041c\u0415\u0421\u0418\u0422\u0415\u041b\u042c \u0414\u041b\u042f \u0423\u041c\u042b\u0412\u0410\u041b\u042c\u041d\u0418\u041a\u0410 PIXEL GOLD HIGH"},"content":{"rendered":"<p>Va prezentam o baterie frumoasa, extrem de functionala si moderna. Acesta este un produs care \u00ee\u021bi va umple perfect spa\u021biul de baie, p\u0103str\u00e2nd \u00een acela\u0219i timp aspectul \u0219i estetica impecabile a interiorului. Robinetul este proiectat pentru a fi montat pe un blat de l\u00e2ng\u0103 chiuvet\u0103.<\/p>\n<p>Tehnologia Pvd<\/p>\n<p>Pvd (Physical Vapor Deposition) este o tehnologie folosit\u0103 pentru colorarea suprafe\u021belor metalice. Datorit\u0103 metodei avansate tehnologic de aplicare a stratului, ob\u021binem o suprafa\u021b\u0103 de 15 ori mai rezistent\u0103 dec\u00e2t galvanizarea clasic\u0103. Acest lucru garanteaz\u0103 o rezisten\u021b\u0103 ridicat\u0103 la deteriorarea mecanic\u0103, coroziune \u0219i la tot felul de factori care afecteaz\u0103 eroziunea lent\u0103 a suprafe\u021bei produsului.<\/p>\n<div style=\"margin: 20px 0;\"><div class=\"qrcswholewtapper\" style=\"text-align:left;\"><div class=\"qrcprowrapper\"  id=\"qrcwraa2leds\"><div class=\"qrc_canvass\" id=\"qrc_cuttenpages_2\" style=\"display:inline-block\" data-text=\"https:\/\/creadivo.md\/ru\/product\/baterie-lavoar-pixel-gold-high\/\"><\/div><\/div><\/div><\/div>","protected":false},"excerpt":{"rendered":"<p>Va prezentam o baterie frumoasa, extrem de functionala si moderna. Acesta este un produs care \u00ee\u021bi va umple perfect spa\u021biul<\/p>","protected":false},"featured_media":55634,"template":"","meta":[],"product_brand":[],"product_cat":[289],"product_tag":[],"class_list":{"0":"post-55633","1":"product","2":"type-product","3":"status-publish","4":"has-post-thumbnail","6":"product_cat-pentru-lavoar","7":"pa_cap-ceramica-cu-mixer","8":"pa_conexiune-3-8-inch","9":"pa_inaltime-280-mm","10":"pa_informatii-suplimentare-duza-mobila-aerator-de-aerare","11":"pa_instalare-pentru-lavoar-sau-blat","13":"first","14":"instock","15":"purchasable","16":"product-type-simple"},"_links":{"self":[{"href":"https:\/\/creadivo.md\/ru\/wp-json\/wp\/v2\/product\/55633","targetHints":{"allow":["GET"]}}],"collection":[{"href":"https:\/\/creadivo.md\/ru\/wp-json\/wp\/v2\/product"}],"about":[{"href":"https:\/\/creadivo.md\/ru\/wp-json\/wp\/v2\/types\/product"}],"version-history":[{"count":0,"href":"https:\/\/creadivo.md\/ru\/wp-json\/wp\/v2\/product\/55633\/revisions"}],"wp:featuredmedia":[{"embeddable":true,"href":"https:\/\/creadivo.md\/ru\/wp-json\/wp\/v2\/media\/55634"}],"wp:attachment":[{"href":"https:\/\/creadivo.md\/ru\/wp-json\/wp\/v2\/media?parent=55633"}],"wp:term":[{"taxonomy":"product_brand","embeddable":true,"href":"https:\/\/creadivo.md\/ru\/wp-json\/wp\/v2\/product_brand?post=55633"},{"taxonomy":"product_cat","embeddable":true,"href":"https:\/\/creadivo.md\/ru\/wp-json\/wp\/v2\/product_cat?post=55633"},{"taxonomy":"product_tag","embeddable":true,"href":"https:\/\/creadivo.md\/ru\/wp-json\/wp\/v2\/product_tag?post=55633"}],"curies":[{"name":"wp","href":"https:\/\/api.w.org\/{rel}","templated":true}]}}