{"id":55651,"date":"2024-06-11T01:05:17","date_gmt":"2024-06-11T01:05:17","guid":{"rendered":"https:\/\/creadivo.md\/?post_type=product&#038;p=55651"},"modified":"2026-04-02T00:21:11","modified_gmt":"2026-04-02T00:21:11","slug":"cadru-wc-incastrat","status":"publish","type":"product","link":"https:\/\/creadivo.md\/ru\/product\/cadru-wc-incastrat\/","title":{"rendered":"\u0418\u041d\u0421\u0422\u0410\u041b\u041b\u042f\u0426\u0418\u042f \u0414\u041b\u042f \u0423\u041d\u0418\u0422\u0410\u0417\u0410"},"content":{"rendered":"<p>Un cadru de toalet\u0103 ascuns extrem de func\u021bional. Acesta este un produs care va umple perfect spa\u021biul b\u0103ii p\u0103str\u00e2nd \u00een acela\u0219i timp aspectul \u0219i estetica impecabile a interiorului. Cadrul este proiectat pentru montare \u00eencasat\u0103. Se potrive\u0219te cu toate bolurile Rea \u0219i bolurile de la al\u021bi produc\u0103tori datorit\u0103 l\u0103\u021bimii universale a orificiilor de montare. A fost realizat din o\u021bel inoxidabil. Datorit\u0103 unei faze speciale de produc\u021bie, este extrem de durabil. Rama este echipata cu un covor de izolare fonica, un set de tevi, un set pentru montarea cadrului si un kit de asamblare pentru agatarea vasului de toaleta.<\/p>\n<div style=\"margin: 20px 0;\"><div class=\"qrcswholewtapper\" style=\"text-align:left;\"><div class=\"qrcprowrapper\"  id=\"qrcwraa2leds\"><div class=\"qrc_canvass\" id=\"qrc_cuttenpages_2\" style=\"display:inline-block\" data-text=\"https:\/\/creadivo.md\/ru\/product\/cadru-wc-incastrat\/\"><\/div><\/div><\/div><\/div>","protected":false},"excerpt":{"rendered":"<p>Un cadru de toalet\u0103 ascuns extrem de func\u021bional. Acesta este un produs care va umple perfect spa\u021biul b\u0103ii p\u0103str\u00e2nd \u00een<\/p>","protected":false},"featured_media":55652,"template":"","meta":[],"product_brand":[],"product_cat":[109],"product_tag":[],"class_list":{"0":"post-55651","1":"product","2":"type-product","3":"status-publish","4":"has-post-thumbnail","6":"product_cat-instalatii-sanitare-wc","7":"pa_informatii-suplimentare-spalare-3-6-litri-adancimea-minima-de-instalare-90-mm","8":"pa_spatiul-suruburilor-de-fixare-180mm-230mm","10":"first","11":"outofstock","12":"purchasable","13":"product-type-simple"},"_links":{"self":[{"href":"https:\/\/creadivo.md\/ru\/wp-json\/wp\/v2\/product\/55651","targetHints":{"allow":["GET"]}}],"collection":[{"href":"https:\/\/creadivo.md\/ru\/wp-json\/wp\/v2\/product"}],"about":[{"href":"https:\/\/creadivo.md\/ru\/wp-json\/wp\/v2\/types\/product"}],"version-history":[{"count":1,"href":"https:\/\/creadivo.md\/ru\/wp-json\/wp\/v2\/product\/55651\/revisions"}],"predecessor-version":[{"id":64211,"href":"https:\/\/creadivo.md\/ru\/wp-json\/wp\/v2\/product\/55651\/revisions\/64211"}],"wp:featuredmedia":[{"embeddable":true,"href":"https:\/\/creadivo.md\/ru\/wp-json\/wp\/v2\/media\/55652"}],"wp:attachment":[{"href":"https:\/\/creadivo.md\/ru\/wp-json\/wp\/v2\/media?parent=55651"}],"wp:term":[{"taxonomy":"product_brand","embeddable":true,"href":"https:\/\/creadivo.md\/ru\/wp-json\/wp\/v2\/product_brand?post=55651"},{"taxonomy":"product_cat","embeddable":true,"href":"https:\/\/creadivo.md\/ru\/wp-json\/wp\/v2\/product_cat?post=55651"},{"taxonomy":"product_tag","embeddable":true,"href":"https:\/\/creadivo.md\/ru\/wp-json\/wp\/v2\/product_tag?post=55651"}],"curies":[{"name":"wp","href":"https:\/\/api.w.org\/{rel}","templated":true}]}}